{"id":2528,"date":"2022-02-02T00:42:05","date_gmt":"2022-02-02T03:42:05","guid":{"rendered":"https:\/\/ideiasup.com.br\/lojaup\/?page_id=2528"},"modified":"2023-04-13T22:50:42","modified_gmt":"2023-04-14T01:50:42","slug":"seja-um-afiliado","status":"publish","type":"page","link":"https:\/\/ideiasup.com.br\/lojaup\/seja-um-afiliado\/","title":{"rendered":"Seja um Afiliado"},"content":{"rendered":"\t\t<div data-elementor-type=\"wp-page\" data-elementor-id=\"2528\" class=\"elementor elementor-2528\">\n\t\t\t\t\t\t\t\t\t<section class=\"elementor-section elementor-top-section elementor-element elementor-element-a349c7b elementor-section-boxed elementor-section-height-default elementor-section-height-default\" data-id=\"a349c7b\" data-element_type=\"section\">\n\t\t\t\t\t\t<div class=\"elementor-container elementor-column-gap-default\">\n\t\t\t\t\t<div class=\"elementor-column elementor-col-100 elementor-top-column elementor-element elementor-element-9785d8f\" data-id=\"9785d8f\" data-element_type=\"column\">\n\t\t\t<div class=\"elementor-widget-wrap elementor-element-populated\">\n\t\t\t\t\t\t\t\t<div class=\"elementor-element elementor-element-7e96430 elementor-widget elementor-widget-heading\" data-id=\"7e96430\" data-element_type=\"widget\" data-widget_type=\"heading.default\">\n\t\t\t\t<div class=\"elementor-widget-container\">\n\t\t\t<style>\/*! elementor - v3.13.1 - 09-05-2023 *\/\n.elementor-heading-title{padding:0;margin:0;line-height:1}.elementor-widget-heading .elementor-heading-title[class*=elementor-size-]>a{color:inherit;font-size:inherit;line-height:inherit}.elementor-widget-heading .elementor-heading-title.elementor-size-small{font-size:15px}.elementor-widget-heading .elementor-heading-title.elementor-size-medium{font-size:19px}.elementor-widget-heading .elementor-heading-title.elementor-size-large{font-size:29px}.elementor-widget-heading .elementor-heading-title.elementor-size-xl{font-size:39px}.elementor-widget-heading .elementor-heading-title.elementor-size-xxl{font-size:59px}<\/style><h3 class=\"elementor-heading-title elementor-size-default\">Seja Bem Vindo ao programa de afiliados da EnsinaUP!<\/h3>\t\t<\/div>\n\t\t\t\t<\/div>\n\t\t\t\t<div class=\"elementor-element elementor-element-8d0d8b7 elementor-widget elementor-widget-text-editor\" data-id=\"8d0d8b7\" data-element_type=\"widget\" data-widget_type=\"text-editor.default\">\n\t\t\t\t<div class=\"elementor-widget-container\">\n\t\t\t<style>\/*! elementor - v3.13.1 - 09-05-2023 *\/\n.elementor-widget-text-editor.elementor-drop-cap-view-stacked .elementor-drop-cap{background-color:#69727d;color:#fff}.elementor-widget-text-editor.elementor-drop-cap-view-framed .elementor-drop-cap{color:#69727d;border:3px solid;background-color:transparent}.elementor-widget-text-editor:not(.elementor-drop-cap-view-default) .elementor-drop-cap{margin-top:8px}.elementor-widget-text-editor:not(.elementor-drop-cap-view-default) .elementor-drop-cap-letter{width:1em;height:1em}.elementor-widget-text-editor .elementor-drop-cap{float:left;text-align:center;line-height:1;font-size:50px}.elementor-widget-text-editor .elementor-drop-cap-letter{display:inline-block}<\/style>\t\t\t\t<p><strong><span style=\"vertical-align: inherit;\"><span style=\"vertical-align: inherit;\"><span style=\"vertical-align: inherit;\"><span style=\"vertical-align: inherit;\">O que \u00e9 um afiliado?<\/span><\/span><\/span><\/span><br><\/strong><span style=\"vertical-align: inherit;\"><span style=\"vertical-align: inherit;\"><span style=\"vertical-align: inherit;\"><span style=\"vertical-align: inherit;\">S\u00e3o pessoas cadastradas em nosso programa de recompensas.<\/span><\/span><\/span><\/span><br><span style=\"vertical-align: inherit;\"><span style=\"vertical-align: inherit;\"><span style=\"vertical-align: inherit;\"><span style=\"vertical-align: inherit;\">Uma vez cadastrada elas indicam a loja para poss\u00edveis clientes e assim recebem uma porcentagem de cada compra conclu\u00edda atrav\u00e9s de sua indica\u00e7\u00e3o.<\/span><\/span><\/span><\/span><\/p>\n<p><strong><span style=\"vertical-align: inherit;\"><span style=\"vertical-align: inherit;\"><span style=\"vertical-align: inherit;\"><span style=\"vertical-align: inherit;\">Como funciona?<\/span><\/span><\/span><\/span><br><\/strong><span style=\"vertical-align: inherit;\"><span style=\"vertical-align: inherit;\"><span style=\"vertical-align: inherit;\"><span style=\"vertical-align: inherit;\">Voc\u00ea se inscreve aqui \u00e9 ap\u00f3s a aprova\u00e7\u00e3o passa a ter acesso a sua p\u00e1gina de afiliado.<\/span><\/span><\/span><\/span><br><span style=\"vertical-align: inherit;\"><span style=\"vertical-align: inherit;\"><span style=\"vertical-align: inherit;\"><span style=\"vertical-align: inherit;\">L\u00e1 voc\u00ea recebe um link para divulgar aos seus colegas, seus pares, alunos, pais de alunos, escolas e demais pessoas que procuram produtos de educa\u00e7\u00e3o.<\/span><\/span><\/span><\/span><br><span style=\"vertical-align: inherit;\"><span style=\"vertical-align: inherit;\"><span style=\"vertical-align: inherit;\"><span style=\"vertical-align: inherit;\">Quando essas pessoas entrarem na loja usando o seu link elas s\u00e3o rastreadas durante 15 dias, nesse per\u00edodo \u00e9 registrado tudo que elas comprarem.<\/span><\/span><\/span><\/span><br><span style=\"vertical-align: inherit;\"><span style=\"vertical-align: inherit;\"><span style=\"vertical-align: inherit;\"><span style=\"vertical-align: inherit;\">Cada vez que sua indica\u00e7\u00e3o da nossa loja for convertida numa compra, voc\u00ea receber\u00e1 uma porcentagem do valor total do(s) produto(s) comprados(s) pela pessoa.<\/span><\/span><\/span><\/span><\/p>\n<p><strong><span style=\"vertical-align: inherit;\"><span style=\"vertical-align: inherit;\"><span style=\"vertical-align: inherit;\"><span style=\"vertical-align: inherit;\">Existe uma forma de acompanhar minhas indica\u00e7\u00f5es?<\/span><\/span><\/span><\/span><br><\/strong><span style=\"vertical-align: inherit;\"><span style=\"vertical-align: inherit;\"><span style=\"vertical-align: inherit;\"><span style=\"vertical-align: inherit;\">Sim, na sua p\u00e1gina de afiliado voc\u00ea ter\u00e1 o relat\u00f3rio com as informa\u00e7\u00f5es de compras conclu\u00eddas atrav\u00e9s de sua indica\u00e7\u00e3o e os valores convertidos em recompensas.<\/span><\/span><\/span><\/span><\/p>\n<p><strong><span style=\"vertical-align: inherit;\"><span style=\"vertical-align: inherit;\"><span style=\"vertical-align: inherit;\"><span style=\"vertical-align: inherit;\">Quais os valores que recebo em caso de compras conclu\u00eddas com sucesso?<\/span><\/span><\/span><\/span><br><\/strong><span style=\"vertical-align: inherit;\"><span style=\"vertical-align: inherit;\"><span style=\"vertical-align: inherit;\"><span style=\"vertical-align: inherit;\">O valor ser\u00e1 uma porcentagem do pre\u00e7o de cada produto conforme sua categoria e condi\u00e7\u00e3o:<\/span><\/span><\/span><\/span><\/p>\n<p><span style=\"vertical-align: inherit;\"><span style=\"vertical-align: inherit;\"><span style=\"vertical-align: inherit;\"><span style=\"vertical-align: inherit;\">Produtos f\u00edsicos &#8212; 5%<br><\/span><\/span><\/span><\/span>Produtos impressos &#8212; 10%&nbsp;<br><span style=\"vertical-align: inherit;\"><span style=\"vertical-align: inherit;\"><span style=\"vertical-align: inherit;\"><span style=\"vertical-align: inherit;\">Produtos digitais &#8212; 20%<br><\/span><\/span><\/span><\/span><span style=\"font-size: 1rem;\">Produtos f\u00edsicos, impressos e digitais anunciados em promo\u00e7\u00e3o &#8212; 1%<\/span><\/p>\n<p><strong><span style=\"vertical-align: inherit;\"><span style=\"vertical-align: inherit;\"><span style=\"vertical-align: inherit;\"><span style=\"vertical-align: inherit;\">Importante:<\/span><\/span><\/span><\/span><br><\/strong><span style=\"vertical-align: inherit;\"><span style=\"vertical-align: inherit;\"><span style=\"vertical-align: inherit;\"><span style=\"vertical-align: inherit;\">Produtos Personalizados n\u00e3o participam do programa e portanto n\u00e3o ser\u00e1 pago nenhum valor.<\/span><\/span><br><span style=\"vertical-align: inherit;\"><span style=\"vertical-align: inherit;\">Produtos Doe e Pague n\u00e3o participam do programa e portanto n\u00e3o ser\u00e1 pago nenhum valor.<br>O Afiliado n\u00e3o recebe valores de recompensa para produtos comprados para si mesmo.<\/span><\/span><\/span><\/span><\/p>\n<p><strong><span style=\"vertical-align: inherit;\"><span style=\"vertical-align: inherit;\"><span style=\"vertical-align: inherit;\"><span style=\"vertical-align: inherit;\">Quando recebo minha comiss\u00e3o?<\/span><\/span><\/span><\/span><br><\/strong><span style=\"vertical-align: inherit;\"><span style=\"vertical-align: inherit;\"><span style=\"vertical-align: inherit;\"><span style=\"vertical-align: inherit;\">Sempre que voc\u00ea solicitar, ser\u00e1 creditado qualquer valor acima de 10 reais que existir em sua conta.<\/span><\/span><\/span><\/span><\/p>\n<p><strong><span style=\"vertical-align: inherit;\"><span style=\"vertical-align: inherit;\"><span style=\"vertical-align: inherit;\"><span style=\"vertical-align: inherit;\">Como me inscrevo no programa de afiliados?<\/span><\/span><\/span><\/span><br><\/strong><span style=\"vertical-align: inherit;\"><span style=\"vertical-align: inherit;\"><span style=\"vertical-align: inherit;\"><span style=\"vertical-align: inherit;\">Para se inscrever, voc\u00ea deve ser um usu\u00e1rio cadastrado nesta loja.<\/span><\/span><\/span><\/span><br><span style=\"vertical-align: inherit;\"><span style=\"vertical-align: inherit;\"><span style=\"vertical-align: inherit;\"><span style=\"vertical-align: inherit;\">Se voc\u00ea j\u00e1 \u00e9 um usu\u00e1rio cadastrado nesta loja, por favor prossiga e&nbsp;<\/span><\/span><\/span><\/span><a href=\"https:\/\/ideiasup.com.br\/lojaup\/index.php\/area-de-afiliado\/?affiliates-dashboard-section=registration\"><span style=\"vertical-align: inherit;\"><span style=\"vertical-align: inherit;\"><span style=\"vertical-align: inherit;\"><span style=\"vertical-align: inherit;\">inscreva-se<\/span><\/span><\/span><\/span><\/a><span style=\"vertical-align: inherit;\"><span style=\"vertical-align: inherit;\"><span style=\"vertical-align: inherit;\"><span style=\"vertical-align: inherit;\">&nbsp;.<\/span><\/span><\/span><\/span><br><span style=\"vertical-align: inherit;\"><span style=\"vertical-align: inherit;\"><span style=\"vertical-align: inherit;\"><span style=\"vertical-align: inherit;\">Se voc\u00ea j\u00e1 for um afiliado, fa\u00e7a o&nbsp;<\/span><\/span><\/span><\/span><a href=\"https:\/\/ideiasup.com.br\/lojaup\/index.php\/area-de-afiliado\/\"><span style=\"vertical-align: inherit;\"><span style=\"vertical-align: inherit;\"><span style=\"vertical-align: inherit;\"><span style=\"vertical-align: inherit;\">login<\/span><\/span><\/span><\/span><\/a><span style=\"vertical-align: inherit;\"><span style=\"vertical-align: inherit;\"><span style=\"vertical-align: inherit;\"><span style=\"vertical-align: inherit;\">&nbsp;para acessar seu painel de controle.<\/span><\/span><\/span><\/span><\/p>\n<p><b>Assista ao v\u00eddeo explicativo de como obter sua recompensa:<br><br><\/b><\/p>\n<p><\/p>\t\t\t\t\t\t<\/div>\n\t\t\t\t<\/div>\n\t\t\t\t\t<\/div>\n\t\t<\/div>\n\t\t\t\t\t\t\t<\/div>\n\t\t<\/section>\n\t\t\t\t<section class=\"elementor-section elementor-top-section elementor-element elementor-element-2cada47 elementor-section-boxed elementor-section-height-default elementor-section-height-default\" data-id=\"2cada47\" data-element_type=\"section\">\n\t\t\t\t\t\t<div class=\"elementor-container elementor-column-gap-default\">\n\t\t\t\t\t<div class=\"elementor-column elementor-col-100 elementor-top-column elementor-element elementor-element-5ec5098\" data-id=\"5ec5098\" data-element_type=\"column\">\n\t\t\t<div class=\"elementor-widget-wrap elementor-element-populated\">\n\t\t\t\t\t\t\t\t<div class=\"elementor-element elementor-element-d7e02bd elementor-widget elementor-widget-video\" data-id=\"d7e02bd\" data-element_type=\"widget\" data-settings=\"{&quot;youtube_url&quot;:&quot;https:\\\/\\\/www.youtube.com\\\/watch?v=OkWhz73f3MA&quot;,&quot;loop&quot;:&quot;yes&quot;,&quot;video_type&quot;:&quot;youtube&quot;,&quot;controls&quot;:&quot;yes&quot;}\" data-widget_type=\"video.default\">\n\t\t\t\t<div class=\"elementor-widget-container\">\n\t\t\t<style>\/*! elementor - v3.13.1 - 09-05-2023 *\/\n.elementor-widget-video .elementor-widget-container{overflow:hidden;transform:translateZ(0)}.elementor-widget-video .elementor-wrapper{aspect-ratio:var(--video-aspect-ratio)}.elementor-widget-video .elementor-wrapper iframe,.elementor-widget-video .elementor-wrapper video{height:100%;width:100%;display:flex;border:none;background-color:#000}@supports not (aspect-ratio:1\/1){.elementor-widget-video .elementor-wrapper{position:relative;overflow:hidden;height:0;padding-bottom:calc(100% \/ var(--video-aspect-ratio))}.elementor-widget-video .elementor-wrapper iframe,.elementor-widget-video .elementor-wrapper video{position:absolute;top:0;right:0;bottom:0;left:0}}.elementor-widget-video .elementor-open-inline .elementor-custom-embed-image-overlay{position:absolute;top:0;left:0;width:100%;height:100%;background-size:cover;background-position:50%}.elementor-widget-video .elementor-custom-embed-image-overlay{cursor:pointer;text-align:center}.elementor-widget-video .elementor-custom-embed-image-overlay:hover .elementor-custom-embed-play i{opacity:1}.elementor-widget-video .elementor-custom-embed-image-overlay img{display:block;width:100%}.elementor-widget-video .e-hosted-video .elementor-video{-o-object-fit:cover;object-fit:cover}.e-con-inner>.elementor-widget-video,.e-con>.elementor-widget-video{width:var(--container-widget-width);--flex-grow:var(--container-widget-flex-grow)}<\/style>\t\t<div class=\"elementor-wrapper elementor-open-inline\">\n\t\t\t<div class=\"elementor-video\"><\/div>\t\t<\/div>\n\t\t\t\t<\/div>\n\t\t\t\t<\/div>\n\t\t\t\t\t<\/div>\n\t\t<\/div>\n\t\t\t\t\t\t\t<\/div>\n\t\t<\/section>\n\t\t\t\t\t\t\t<\/div>\n\t\t","protected":false},"excerpt":{"rendered":"<p>Seja Bem Vindo ao programa de afiliados da EnsinaUP! O que \u00e9 um afiliado?S\u00e3o pessoas cadastradas em nosso programa de&hellip;<\/p>\n","protected":false},"author":1,"featured_media":0,"parent":0,"menu_order":0,"comment_status":"closed","ping_status":"closed","template":"","meta":{"om_disable_all_campaigns":false,"_monsterinsights_skip_tracking":false,"_monsterinsights_sitenote_active":false,"_monsterinsights_sitenote_note":"","_monsterinsights_sitenote_category":0,"_joinchat":[]},"aioseo_notices":[],"_links":{"self":[{"href":"https:\/\/ideiasup.com.br\/lojaup\/wp-json\/wp\/v2\/pages\/2528"}],"collection":[{"href":"https:\/\/ideiasup.com.br\/lojaup\/wp-json\/wp\/v2\/pages"}],"about":[{"href":"https:\/\/ideiasup.com.br\/lojaup\/wp-json\/wp\/v2\/types\/page"}],"author":[{"embeddable":true,"href":"https:\/\/ideiasup.com.br\/lojaup\/wp-json\/wp\/v2\/users\/1"}],"replies":[{"embeddable":true,"href":"https:\/\/ideiasup.com.br\/lojaup\/wp-json\/wp\/v2\/comments?post=2528"}],"version-history":[{"count":58,"href":"https:\/\/ideiasup.com.br\/lojaup\/wp-json\/wp\/v2\/pages\/2528\/revisions"}],"predecessor-version":[{"id":4704,"href":"https:\/\/ideiasup.com.br\/lojaup\/wp-json\/wp\/v2\/pages\/2528\/revisions\/4704"}],"wp:attachment":[{"href":"https:\/\/ideiasup.com.br\/lojaup\/wp-json\/wp\/v2\/media?parent=2528"}],"curies":[{"name":"wp","href":"https:\/\/api.w.org\/{rel}","templated":true}]}}