{"id":2543,"date":"2022-02-02T01:03:28","date_gmt":"2022-02-02T04:03:28","guid":{"rendered":"https:\/\/ideiasup.com.br\/lojaup\/?page_id=2543"},"modified":"2022-02-02T01:12:14","modified_gmt":"2022-02-02T04:12:14","slug":"termos-e-condicoes-afiliado","status":"publish","type":"page","link":"https:\/\/ideiasup.com.br\/lojaup\/termos-e-condicoes-afiliado\/","title":{"rendered":"Termos e Condi\u00e7\u00f5es Afiliado"},"content":{"rendered":"\t\t<div data-elementor-type=\"wp-page\" data-elementor-id=\"2543\" class=\"elementor elementor-2543\">\n\t\t\t\t\t\t\t\t\t<section class=\"elementor-section elementor-top-section elementor-element elementor-element-9817791 elementor-section-boxed elementor-section-height-default elementor-section-height-default\" data-id=\"9817791\" data-element_type=\"section\">\n\t\t\t\t\t\t<div class=\"elementor-container elementor-column-gap-default\">\n\t\t\t\t\t<div class=\"elementor-column elementor-col-100 elementor-top-column elementor-element elementor-element-b11aea2\" data-id=\"b11aea2\" data-element_type=\"column\">\n\t\t\t<div class=\"elementor-widget-wrap elementor-element-populated\">\n\t\t\t\t\t\t\t\t<div class=\"elementor-element elementor-element-61fef89 elementor-widget elementor-widget-text-editor\" data-id=\"61fef89\" data-element_type=\"widget\" data-widget_type=\"text-editor.default\">\n\t\t\t\t<div class=\"elementor-widget-container\">\n\t\t\t<style>\/*! elementor - v3.13.1 - 09-05-2023 *\/\n.elementor-widget-text-editor.elementor-drop-cap-view-stacked .elementor-drop-cap{background-color:#69727d;color:#fff}.elementor-widget-text-editor.elementor-drop-cap-view-framed .elementor-drop-cap{color:#69727d;border:3px solid;background-color:transparent}.elementor-widget-text-editor:not(.elementor-drop-cap-view-default) .elementor-drop-cap{margin-top:8px}.elementor-widget-text-editor:not(.elementor-drop-cap-view-default) .elementor-drop-cap-letter{width:1em;height:1em}.elementor-widget-text-editor .elementor-drop-cap{float:left;text-align:center;line-height:1;font-size:50px}.elementor-widget-text-editor .elementor-drop-cap-letter{display:inline-block}<\/style>\t\t\t\t<h1>Loja Afiliados Termos e Condi\u00e7\u00f5es do Servi\u00e7o<\/h1><h2>Acordo<\/h2><p>Ao se inscrever para ser um Afiliado no Programa de Afiliados da Loja (\u201cPrograma\u201d), voc\u00ea concorda em ficar vinculado aos seguintes termos e condi\u00e7\u00f5es (\u201cTermos de Servi\u00e7o\u201d).<\/p><p><strong>A Loja<\/strong>\u00a0reserva-se o direito de atualizar e alterar os Termos de Servi\u00e7o de tempos em tempos sem aviso pr\u00e9vio.\u00a0Quaisquer novos recursos que aumentem ou aprimorem o Programa atual, incluindo o lan\u00e7amento de novas ferramentas e recursos, estar\u00e3o sujeitos aos Termos de Servi\u00e7o.\u00a0O uso continuado do Programa ap\u00f3s tais altera\u00e7\u00f5es constituir\u00e1 seu consentimento para tais altera\u00e7\u00f5es.<\/p><p>A viola\u00e7\u00e3o de qualquer um dos termos abaixo resultar\u00e1 no encerramento de sua conta e na perda de quaisquer pagamentos pendentes de comiss\u00f5es de afiliados ganhos durante a viola\u00e7\u00e3o.\u00a0Voc\u00ea concorda em usar o Programa de Afiliados por sua conta e risco.<\/p><h2>Termos da conta<\/h2><ul><li>Voc\u00ea deve ter 18 anos ou mais para fazer parte deste Programa.<\/li><li>Voc\u00ea deve morar nos Estados Unidos para ser um Afiliado.<\/li><li>Voc\u00ea deve ser um humano.\u00a0N\u00e3o s\u00e3o permitidas contas registradas por \u201cbots\u201d ou outros m\u00e9todos automatizados.<\/li><li>Voc\u00ea deve fornecer seu nome completo legal, um endere\u00e7o de e-mail v\u00e1lido e qualquer outra informa\u00e7\u00e3o solicitada para concluir o processo de inscri\u00e7\u00e3o.<\/li><li>Seu login s\u00f3 pode ser usado por uma pessoa \u2013 um \u00fanico login compartilhado por v\u00e1rias pessoas n\u00e3o \u00e9 permitido.<\/li><li>Voc\u00ea \u00e9 respons\u00e1vel por manter a seguran\u00e7a de sua conta e senha.\u00a0<strong>A Loja<\/strong>\u00a0n\u00e3o pode e n\u00e3o ser\u00e1 respons\u00e1vel por quaisquer perdas ou danos decorrentes do descumprimento desta obriga\u00e7\u00e3o de seguran\u00e7a.<\/li><li>Voc\u00ea \u00e9 respons\u00e1vel por todo o Conte\u00fado postado e atividade que ocorra em sua conta.<\/li><li>Uma pessoa f\u00edsica ou jur\u00eddica n\u00e3o pode manter mais de uma conta.<\/li><li>Voc\u00ea n\u00e3o pode usar o Programa de Afiliados para qualquer finalidade ilegal ou n\u00e3o autorizada.\u00a0Voc\u00ea n\u00e3o deve, no uso do Servi\u00e7o, violar nenhuma lei em sua jurisdi\u00e7\u00e3o (incluindo, mas n\u00e3o se limitando a leis de direitos autorais).<\/li><li>Voc\u00ea n\u00e3o pode usar o Programa de Afiliados para ganhar dinheiro em suas pr\u00f3prias\u00a0contas de produtos da\u00a0<strong>Loja .<\/strong><\/li><\/ul><h2>Links\/gr\u00e1ficos em seu site, em seus e-mails ou outras comunica\u00e7\u00f5es<\/h2><p>Depois de se inscrever no Programa de Afiliados, voc\u00ea receber\u00e1 um C\u00f3digo de Afiliado exclusivo.\u00a0Voc\u00ea tem permiss\u00e3o para colocar links, banners ou outros gr\u00e1ficos que fornecemos com seu C\u00f3digo de Afiliado em seu site, em seus e-mails ou em outras comunica\u00e7\u00f5es.\u00a0Forneceremos diretrizes, estilos de link e ilustra\u00e7\u00f5es gr\u00e1ficas para usar no link para a\u00a0<strong>Loja<\/strong>\u00a0.\u00a0Podemos alterar o design da arte a qualquer momento sem aviso pr\u00e9vio, mas n\u00e3o alteraremos as dimens\u00f5es das imagens sem o devido aviso.<\/p><p>Para permitir rastreamento preciso, relat\u00f3rios e ac\u00famulo de taxas de refer\u00eancia, forneceremos formatos de link especiais para serem usados \u200b\u200bem todos os links entre seu site e a\u00a0<strong>Loja<\/strong>\u00a0.\u00a0Voc\u00ea deve garantir que cada um dos links entre seu site e a\u00a0<strong>Loja<\/strong>\u00a0utilize adequadamente esses formatos de links especiais.\u00a0Links para a\u00a0<strong>Loja<\/strong>\u00a0colocados em seu site de acordo com este Contrato e que utilizam adequadamente esses formatos de links especiais s\u00e3o chamados de \u201cLinks Especiais\u201d.\u00a0Voc\u00ea ganhar\u00e1 taxas de indica\u00e7\u00e3o apenas com rela\u00e7\u00e3o \u00e0s vendas em uma\u00a0<strong>Loja<\/strong>produto ocorrendo diretamente atrav\u00e9s de Links Especiais;\u00a0n\u00e3o seremos respons\u00e1veis \u200b\u200bperante voc\u00ea em rela\u00e7\u00e3o a qualquer falha sua ou de algu\u00e9m a quem voc\u00ea refere usar Links Especiais ou digitar incorretamente seu C\u00f3digo de Afiliado, inclusive na medida em que tal falha possa resultar em qualquer redu\u00e7\u00e3o de valores que de outra forma seriam pagos a voc\u00ea nos termos deste Contrato.<\/p><p>Os links de afiliados devem apontar para a p\u00e1gina do produto que est\u00e1 sendo promovido.<\/p><h2>Taxas de refer\u00eancia\/comiss\u00f5es e pagamento<\/h2><p>Para que uma venda de Produto seja eleg\u00edvel para receber uma taxa de indica\u00e7\u00e3o, o cliente deve clicar em um Link Especial do seu site, e-mail ou outras comunica\u00e7\u00f5es para\u00a0<strong>https:\/\/ideiasup.com.br\/lojaup<\/strong>\u00a0e concluir um pedido de um produto durante aquela sess\u00e3o.<\/p><p>Pagaremos comiss\u00f5es apenas em links que s\u00e3o rastreados e informados automaticamente por nossos sistemas.\u00a0N\u00e3o pagaremos comiss\u00f5es se algu\u00e9m disser que comprou ou algu\u00e9m disser que inseriu um c\u00f3digo de refer\u00eancia se n\u00e3o foi rastreado pelo nosso sistema.\u00a0S\u00f3 podemos pagar comiss\u00f5es sobre neg\u00f3cios gerados por meio de links especiais devidamente formatados que foram rastreados automaticamente por nossos sistemas.<\/p><p>Reservamo-nos o direito de desqualificar comiss\u00f5es obtidas por meio de m\u00e9todos de vendas ou marketing fraudulentos, ilegais ou excessivamente agressivos, question\u00e1veis.<\/p><p>Os pagamentos s\u00f3 come\u00e7am quando voc\u00ea ganha mais de <strong>R$ 20<\/strong> em receita de afiliado. Se sua conta de afiliado nunca ultrapassar o limite de<strong>\u00a0R$ 20<\/strong> , suas comiss\u00f5es n\u00e3o ser\u00e3o realizadas ou pagas. Somos respons\u00e1veis \u200b\u200bapenas pelo pagamento de contas que ultrapassaram o limite de<strong> R$ 20.<\/strong><\/p><h2>Identificando-se como um Afiliado da Loja<\/h2><p>Voc\u00ea n\u00e3o pode emitir nenhum comunicado \u00e0 imprensa com rela\u00e7\u00e3o a este Contrato ou sua participa\u00e7\u00e3o no Programa;\u00a0tal a\u00e7\u00e3o pode resultar em sua rescis\u00e3o do Programa.\u00a0Al\u00e9m disso, voc\u00ea n\u00e3o pode de forma alguma deturpar ou embelezar o relacionamento entre n\u00f3s e voc\u00ea, dizer que desenvolve nossos produtos, dizer que faz parte da\u00a0<strong>Loja<\/strong>\u00a0ou expressar ou sugerir qualquer relacionamento ou afilia\u00e7\u00e3o entre n\u00f3s e voc\u00ea ou qualquer outra pessoa ou entidade, exceto conforme expressamente permitido por este Contrato (inclusive expressando ou sugerindo que apoiamos, patrocinamos, endossamos ou contribu\u00edmos com dinheiro para qualquer institui\u00e7\u00e3o de caridade ou outra causa).<\/p><p>Voc\u00ea n\u00e3o pode comprar produtos atrav\u00e9s de seus links de afiliados para seu pr\u00f3prio uso.\u00a0Tais compras podem resultar (a nosso exclusivo crit\u00e9rio) na reten\u00e7\u00e3o de taxas de refer\u00eancia e\/ou na rescis\u00e3o deste Contrato.<\/p><h2>Agenda de pagamentos<\/h2><p>Contanto que seus ganhos atuais de afiliado sejam superiores a\u00a0<strong>R$ 20<\/strong>\u00a0, voc\u00ea ser\u00e1 pago a cada m\u00eas.\u00a0Se voc\u00ea n\u00e3o ganhou\u00a0<strong>R$ 20<\/strong>\u00a0desde seu \u00faltimo pagamento, n\u00f3s o pagaremos no m\u00eas seguinte depois que voc\u00ea ultrapassar o limite.<\/p><h2>Defini\u00e7\u00e3o do cliente<\/h2><p>Os clientes que comprarem produtos por meio deste Programa ser\u00e3o considerados nossos clientes.\u00a0Assim, todas as nossas regras, pol\u00edticas e procedimentos operacionais relativos a pedidos de clientes, atendimento ao cliente e vendas de produtos ser\u00e3o aplicados a esses clientes.\u00a0Podemos alterar nossas pol\u00edticas e procedimentos operacionais a qualquer momento.\u00a0Por exemplo, determinaremos os pre\u00e7os a serem cobrados pelos produtos vendidos sob este Programa de acordo com nossas pr\u00f3prias pol\u00edticas de pre\u00e7os.\u00a0Os pre\u00e7os e a disponibilidade dos produtos podem variar de tempos em tempos.\u00a0Como as altera\u00e7\u00f5es de pre\u00e7os podem afetar os Produtos listados em seu site, voc\u00ea n\u00e3o deve exibir os pre\u00e7os dos produtos em seu site.\u00a0Faremos esfor\u00e7os comercialmente razo\u00e1veis \u200b\u200bpara apresentar informa\u00e7\u00f5es precisas, mas n\u00e3o podemos garantir a disponibilidade ou o pre\u00e7o de qualquer produto espec\u00edfico.<\/p><h2>Suas responsabilidades<\/h2><p>Voc\u00ea ser\u00e1 o \u00fanico respons\u00e1vel pelo desenvolvimento, opera\u00e7\u00e3o e manuten\u00e7\u00e3o de seu site e por todos os materiais que aparecem em seu site.\u00a0Por exemplo, voc\u00ea ser\u00e1 o \u00fanico respons\u00e1vel por:<\/p><p>\u2013 A opera\u00e7\u00e3o t\u00e9cnica de seu site e todos os equipamentos relacionados<br \/>\u2013 Garantir a exibi\u00e7\u00e3o de Links Especiais em seu site n\u00e3o viola nenhum acordo entre voc\u00ea e terceiros (incluindo, sem limita\u00e7\u00e3o, quaisquer restri\u00e7\u00f5es ou exig\u00eancias impostas a voc\u00ea por terceiros que hospedam seus site)<br \/>\u2013 A precis\u00e3o, veracidade e adequa\u00e7\u00e3o dos materiais postados em seu site (incluindo, entre outras coisas, todos os materiais relacionados ao Produto e qualquer informa\u00e7\u00e3o que voc\u00ea incluir ou associar a Links Especiais)<br \/>\u2013 Garantir que os materiais postados em seu site n\u00e3o violar ou infringir os direitos de terceiros (incluindo, por exemplo, direitos autorais, marcas registradas, privacidade ou outros direitos pessoais ou de propriedade)<br \/>\u2013 Garantir que os materiais postados em seu site n\u00e3o sejam difamat\u00f3rios ou ilegais<br \/>\u2013 Garantir que seu site divulgue de forma precisa e adequada, seja por meio de uma pol\u00edtica de privacidade ou de outra forma, como voc\u00ea coleta, usa, armazena e divulga dados coletados de visitantes, incluindo, onde aplic\u00e1vel, que terceiros (incluindo anunciantes) podem veicular conte\u00fado e\/ou an\u00fancios e coletar informa\u00e7\u00f5es diretamente dos visitantes e podem colocar ou reconhecer cookies nos navegadores dos visitantes.<\/p><h2>Conformidade com as Leis<\/h2><p>Como condi\u00e7\u00e3o para sua participa\u00e7\u00e3o no Programa, voc\u00ea concorda que, enquanto for um participante do Programa, cumprir\u00e1 todas as leis, portarias, regras, regulamentos, ordens, licen\u00e7as, autoriza\u00e7\u00f5es, julgamentos, decis\u00f5es ou outros requisitos de qualquer autoridade governamental que tenha jurisdi\u00e7\u00e3o sobre voc\u00ea, se essas leis, etc. est\u00e3o em vigor agora ou entrar\u00e3o em vigor posteriormente durante o tempo em que voc\u00ea for um participante do Programa.\u00a0Sem limitar a obriga\u00e7\u00e3o anterior, voc\u00ea concorda que, como condi\u00e7\u00e3o de sua participa\u00e7\u00e3o no Programa, cumprir\u00e1 todas as leis aplic\u00e1veis \u200b\u200b(federais, estaduais ou outras) que regem o e-mail de marketing, incluindo, sem limita\u00e7\u00e3o, a Lei CAN-SPAM de 2003 e todas as outras leis anti-spam.<\/p><h2>Termo do Contrato e Programa<\/h2><p>O prazo deste Contrato come\u00e7ar\u00e1 ap\u00f3s nossa aceita\u00e7\u00e3o de sua inscri\u00e7\u00e3o no Programa e terminar\u00e1 quando rescindido por qualquer uma das partes.\u00a0Voc\u00ea ou n\u00f3s podemos rescindir este Contrato a qualquer momento, com ou sem justa causa, mediante notifica\u00e7\u00e3o por escrito da rescis\u00e3o \u00e0 outra parte.\u00a0Ap\u00f3s a rescis\u00e3o deste Contrato por qualquer motivo, voc\u00ea interromper\u00e1 imediatamente o uso e remover\u00e1 do seu site todos os links para\u00a0<strong>https:\/\/ideiasup.com.br\/lojaup<\/strong>\u00a0e todas as nossas marcas registradas, imagens comerciais e logotipos, e todos os outros materiais fornecidos por ou em nosso nome a voc\u00ea de acordo com o presente ou em conex\u00e3o com o Programa.\u00a0<strong>A Loja<\/strong>\u00a0reserva-se o direito de encerrar o Programa a qualquer momento.\u00a0Ap\u00f3s o t\u00e9rmino do programa, a\u00a0<strong>Loja<\/strong> pagar\u00e1 quaisquer ganhos pendentes acumulados acima de<strong>\u00a0R$ 20<\/strong>\u00a0.<\/p><h2>Termina\u00e7\u00e3o<\/h2><p><strong>A Loja<\/strong>\u00a0, a seu exclusivo crit\u00e9rio, tem o direito de suspender ou encerrar sua conta e recusar todo e qualquer uso atual ou futuro do Programa, ou de qualquer outro servi\u00e7o da\u00a0<strong>Loja<\/strong>\u00a0, por qualquer motivo a qualquer momento.\u00a0Tal rescis\u00e3o do Servi\u00e7o resultar\u00e1 na desativa\u00e7\u00e3o ou exclus\u00e3o de sua Conta ou seu acesso \u00e0 sua Conta, e na perda e ren\u00fancia de todas as comiss\u00f5es potenciais ou a serem pagas em sua Conta se elas forem obtidas por meio de fraude, ilegal ou m\u00e9todos de vendas ou marketing excessivamente agressivos e question\u00e1veis.\u00a0<strong>A Loja<\/strong>\u00a0reserva-se o direito de recusar o servi\u00e7o a qualquer pessoa, por qualquer motivo, a qualquer momento.<\/p><h2>Rela\u00e7\u00e3o das Partes<\/h2><p>Voc\u00ea e n\u00f3s somos contratados independentes, e nada neste Contrato criar\u00e1 qualquer parceria, joint venture, ag\u00eancia, franquia, representante de vendas ou rela\u00e7\u00e3o de emprego entre as partes.\u00a0Voc\u00ea n\u00e3o ter\u00e1 autoridade para fazer ou aceitar quaisquer ofertas ou representa\u00e7\u00f5es em nosso nome.\u00a0Voc\u00ea n\u00e3o far\u00e1 nenhuma declara\u00e7\u00e3o, seja em seu site ou de outra forma, que razoavelmente contradiga qualquer coisa nesta Se\u00e7\u00e3o.<\/p><h2>Limita\u00e7\u00f5es de responsabilidade<\/h2><p>N\u00e3o seremos respons\u00e1veis \u200b\u200bpor danos indiretos, especiais ou conseq\u00fcentes (ou qualquer perda de receita, lucros ou dados) decorrentes deste Contrato ou do Programa, mesmo que tenhamos sido avisados \u200b\u200bda possibilidade de tais danos.\u00a0Al\u00e9m disso, nossa responsabilidade agregada decorrente deste Contrato e do Programa n\u00e3o exceder\u00e1 o total das taxas de refer\u00eancia pagas ou pag\u00e1veis \u200b\u200ba voc\u00ea sob este Contrato.<\/p><h2>Isen\u00e7\u00f5es de responsabilidade<\/h2><p>N\u00e3o oferecemos garantias ou representa\u00e7\u00f5es expressas ou impl\u00edcitas com rela\u00e7\u00e3o ao Programa ou a quaisquer produtos vendidos por meio do Programa (incluindo, sem limita\u00e7\u00e3o, garantias de adequa\u00e7\u00e3o, comercializa\u00e7\u00e3o, n\u00e3o viola\u00e7\u00e3o ou quaisquer garantias impl\u00edcitas decorrentes de um curso de desempenho, negocia\u00e7\u00e3o ou uso comercial).\u00a0Al\u00e9m disso, n\u00e3o garantimos que a opera\u00e7\u00e3o da\u00a0<strong>Loja<\/strong>\u00a0ser\u00e1 ininterrupta ou livre de erros, e n\u00e3o seremos respons\u00e1veis \u200b\u200bpelas consequ\u00eancias de quaisquer interrup\u00e7\u00f5es ou erros.<\/p><h2>Investiga\u00e7\u00e3o Independente<\/h2><p>VOC\u00ca RECONHECE QUE LEU ESTE CONTRATO E CONCORDA COM TODOS OS SEUS TERMOS E CONDI\u00c7\u00d5ES.\u00a0VOC\u00ca ENTENDE QUE PODEMOS A QUALQUER MOMENTO (DIRETA OU INDIRETAMENTE) SOLICITAR INDICA\u00c7\u00d5ES DE CLIENTES EM TERMOS QUE PODEM DIFERIR DOS CONTIDOS NESTE ACORDO OU OPERAR SITES SEMELHANTES A OU CONCORRER COM O SEU SITE.\u00a0VOC\u00ca AVALIOU INDEPENDENTEMENTE A DESEJ\u00c1VEL DE PARTICIPAR DO PROGRAMA E N\u00c3O EST\u00c1 CONFIANDO EM QUALQUER REPRESENTA\u00c7\u00c3O, GARANTIA OU DECLARA\u00c7\u00c3O AL\u00c9M DO ESTABELECIDO NESTE CONTRATO.<\/p><h2>Arbitragem<\/h2><p>Qualquer disputa relacionada de qualquer forma a este Contrato (incluindo qualquer viola\u00e7\u00e3o real ou alegada deste), quaisquer transa\u00e7\u00f5es ou atividades sob este Contrato ou seu relacionamento conosco ou qualquer uma de nossas afiliadas ser\u00e3o submetidas a arbitragem confidencial, exceto que, na medida em que voc\u00ea de alguma forma violou ou amea\u00e7ou violar nossos direitos de propriedade intelectual, podemos buscar medida cautelar ou outra medida apropriada em qualquer tribunal estadual ou federal (e voc\u00ea consente com jurisdi\u00e7\u00e3o e foro n\u00e3o exclusivos em tais tribunais) ou qualquer outro tribunal de jurisdi\u00e7\u00e3o competente .\u00a0A arbitragem sob este acordo ser\u00e1 conduzida de acordo com as regras ent\u00e3o vigentes da Associa\u00e7\u00e3o Americana de Arbitragem.\u00a0A senten\u00e7a do \u00e1rbitro ser\u00e1 obrigat\u00f3ria e poder\u00e1 ser registrada como uma senten\u00e7a em qualquer tribunal de jurisdi\u00e7\u00e3o competente.\u00a0Na medida m\u00e1xima permitida pela lei aplic\u00e1vel,<\/p><h2>Diversos<\/h2><p>Este Contrato ser\u00e1 regido pelas leis dos Estados Unidos, sem refer\u00eancia \u00e0s regras que regem a escolha de leis.\u00a0Voc\u00ea n\u00e3o pode ceder este Contrato, por for\u00e7a de lei ou de outra forma, sem nosso consentimento pr\u00e9vio por escrito.\u00a0Sujeito a essa restri\u00e7\u00e3o, este Contrato ser\u00e1 vinculativo, reverter\u00e1 em benef\u00edcio e ser\u00e1 aplic\u00e1vel contra as partes e seus respectivos sucessores e cession\u00e1rios.\u00a0Nossa falha em impor seu cumprimento estrito de qualquer disposi\u00e7\u00e3o deste Contrato n\u00e3o constituir\u00e1 uma ren\u00fancia ao nosso direito de aplicar posteriormente tal disposi\u00e7\u00e3o ou qualquer outra disposi\u00e7\u00e3o deste Contrato.<\/p><p>A falha da\u00a0<strong>Loja<\/strong>\u00a0em exercer ou fazer cumprir qualquer direito ou disposi\u00e7\u00e3o dos Termos de Servi\u00e7o n\u00e3o constituir\u00e1 uma ren\u00fancia de tal direito ou disposi\u00e7\u00e3o.\u00a0Os Termos de Servi\u00e7o constituem o acordo integral entre voc\u00ea e a\u00a0<strong>Loja<\/strong>\u00a0e regem seu uso do Servi\u00e7o, substituindo quaisquer acordos anteriores entre voc\u00ea e a\u00a0<strong>Loja<\/strong>\u00a0(incluindo, mas n\u00e3o limitado a, quaisquer vers\u00f5es anteriores dos Termos de Servi\u00e7o).<\/p>\t\t\t\t\t\t<\/div>\n\t\t\t\t<\/div>\n\t\t\t\t\t<\/div>\n\t\t<\/div>\n\t\t\t\t\t\t\t<\/div>\n\t\t<\/section>\n\t\t\t\t\t\t\t<\/div>\n\t\t","protected":false},"excerpt":{"rendered":"<p>Loja Afiliados Termos e Condi\u00e7\u00f5es do Servi\u00e7o Acordo Ao se inscrever para ser um Afiliado no Programa de Afiliados da&hellip;<\/p>\n","protected":false},"author":1,"featured_media":0,"parent":0,"menu_order":0,"comment_status":"closed","ping_status":"closed","template":"","meta":{"om_disable_all_campaigns":false,"_monsterinsights_skip_tracking":false,"_monsterinsights_sitenote_active":false,"_monsterinsights_sitenote_note":"","_monsterinsights_sitenote_category":0,"_joinchat":[]},"aioseo_notices":[],"_links":{"self":[{"href":"https:\/\/ideiasup.com.br\/lojaup\/wp-json\/wp\/v2\/pages\/2543"}],"collection":[{"href":"https:\/\/ideiasup.com.br\/lojaup\/wp-json\/wp\/v2\/pages"}],"about":[{"href":"https:\/\/ideiasup.com.br\/lojaup\/wp-json\/wp\/v2\/types\/page"}],"author":[{"embeddable":true,"href":"https:\/\/ideiasup.com.br\/lojaup\/wp-json\/wp\/v2\/users\/1"}],"replies":[{"embeddable":true,"href":"https:\/\/ideiasup.com.br\/lojaup\/wp-json\/wp\/v2\/comments?post=2543"}],"version-history":[{"count":10,"href":"https:\/\/ideiasup.com.br\/lojaup\/wp-json\/wp\/v2\/pages\/2543\/revisions"}],"predecessor-version":[{"id":2554,"href":"https:\/\/ideiasup.com.br\/lojaup\/wp-json\/wp\/v2\/pages\/2543\/revisions\/2554"}],"wp:attachment":[{"href":"https:\/\/ideiasup.com.br\/lojaup\/wp-json\/wp\/v2\/media?parent=2543"}],"curies":[{"name":"wp","href":"https:\/\/api.w.org\/{rel}","templated":true}]}}