{"id":4576,"date":"2023-04-11T10:55:30","date_gmt":"2023-04-11T13:55:30","guid":{"rendered":"https:\/\/ideiasup.com.br\/lojaup\/?page_id=4576"},"modified":"2023-09-21T10:40:41","modified_gmt":"2023-09-21T13:40:41","slug":"escolas","status":"publish","type":"page","link":"https:\/\/ideiasup.com.br\/lojaup\/escolas\/","title":{"rendered":"Escolas"},"content":{"rendered":"\t\t<div data-elementor-type=\"wp-page\" data-elementor-id=\"4576\" class=\"elementor elementor-4576\">\n\t\t\t\t\t\t\t\t\t<section class=\"elementor-section elementor-top-section elementor-element elementor-element-1c2adc2 elementor-section-boxed elementor-section-height-default elementor-section-height-default\" data-id=\"1c2adc2\" data-element_type=\"section\">\n\t\t\t\t\t\t<div class=\"elementor-container elementor-column-gap-default\">\n\t\t\t\t\t<div class=\"elementor-column elementor-col-100 elementor-top-column elementor-element elementor-element-40acefd\" data-id=\"40acefd\" data-element_type=\"column\">\n\t\t\t<div class=\"elementor-widget-wrap elementor-element-populated\">\n\t\t\t\t\t\t\t\t<div class=\"elementor-element elementor-element-979dcc3 elementor-widget elementor-widget-text-editor\" data-id=\"979dcc3\" data-element_type=\"widget\" data-widget_type=\"text-editor.default\">\n\t\t\t\t<div class=\"elementor-widget-container\">\n\t\t\t<style>\/*! elementor - v3.13.1 - 09-05-2023 *\/\n.elementor-widget-text-editor.elementor-drop-cap-view-stacked .elementor-drop-cap{background-color:#69727d;color:#fff}.elementor-widget-text-editor.elementor-drop-cap-view-framed .elementor-drop-cap{color:#69727d;border:3px solid;background-color:transparent}.elementor-widget-text-editor:not(.elementor-drop-cap-view-default) .elementor-drop-cap{margin-top:8px}.elementor-widget-text-editor:not(.elementor-drop-cap-view-default) .elementor-drop-cap-letter{width:1em;height:1em}.elementor-widget-text-editor .elementor-drop-cap{float:left;text-align:center;line-height:1;font-size:50px}.elementor-widget-text-editor .elementor-drop-cap-letter{display:inline-block}<\/style>\t\t\t\t<h3 style=\"text-align: center;\"><span style=\"color: #0ec0e8;\"><strong><img decoding=\"async\" loading=\"lazy\" class=\"alignnone wp-image-4600 size-full\" src=\"https:\/\/ideiasup.com.br\/lojaup\/wp-content\/uploads\/2023\/04\/EUP-e-Escolas.jpg\" alt=\"\" width=\"416\" height=\"241\" srcset=\"https:\/\/ideiasup.com.br\/lojaup\/wp-content\/uploads\/2023\/04\/EUP-e-Escolas.jpg 416w, https:\/\/ideiasup.com.br\/lojaup\/wp-content\/uploads\/2023\/04\/EUP-e-Escolas-300x174.jpg 300w\" sizes=\"(max-width: 416px) 100vw, 416px\" \/><\/strong><\/span><\/h3><p class=\"MsoNormal\" style=\"margin: 12pt 0cm; line-height: normal; background-image: initial; background-position: initial; background-size: initial; background-repeat: initial; background-attachment: initial; background-origin: initial; background-clip: initial;\" align=\"center\"><b><span style=\"font-size: 19.5pt; font-family: 'Segoe UI Semibold',sans-serif; mso-fareast-font-family: 'Times New Roman'; color: #0ec0e8; mso-fareast-language: PT-BR;\">Ol\u00e1, estou muito feliz por voc\u00ea ter encontrado a gente!<\/span><\/b><\/p><p style=\"text-align: center;\">A EnsinaUP \u00e9 uma empresa de educa\u00e7\u00e3o que oferece materiais universais e personalizados. A proposta n\u00e3o \u00e9 s\u00f3 fornecer materiais, mas compartilhar informa\u00e7\u00f5es, atitudes, ideias e atividades. Inspirar para que juntos possamos ter sucesso na educa\u00e7\u00e3o das nossas crian\u00e7as.<\/p>\t\t\t\t\t\t<\/div>\n\t\t\t\t<\/div>\n\t\t\t\t\t<\/div>\n\t\t<\/div>\n\t\t\t\t\t\t\t<\/div>\n\t\t<\/section>\n\t\t\t\t<section class=\"elementor-section elementor-top-section elementor-element elementor-element-3bd7b8e elementor-section-boxed elementor-section-height-default elementor-section-height-default\" data-id=\"3bd7b8e\" data-element_type=\"section\">\n\t\t\t\t\t\t<div class=\"elementor-container elementor-column-gap-default\">\n\t\t\t\t\t<div class=\"elementor-column elementor-col-100 elementor-top-column elementor-element elementor-element-d312de1\" data-id=\"d312de1\" data-element_type=\"column\">\n\t\t\t<div class=\"elementor-widget-wrap\">\n\t\t\t\t\t\t\t\t\t<\/div>\n\t\t<\/div>\n\t\t\t\t\t\t\t<\/div>\n\t\t<\/section>\n\t\t\t\t<section class=\"elementor-section elementor-top-section elementor-element elementor-element-7d5f389 elementor-section-boxed elementor-section-height-default elementor-section-height-default\" data-id=\"7d5f389\" data-element_type=\"section\">\n\t\t\t\t\t\t<div class=\"elementor-container elementor-column-gap-default\">\n\t\t\t\t\t<div class=\"elementor-column elementor-col-100 elementor-top-column elementor-element elementor-element-70e5171\" data-id=\"70e5171\" data-element_type=\"column\">\n\t\t\t<div class=\"elementor-widget-wrap elementor-element-populated\">\n\t\t\t\t\t\t\t\t<div class=\"elementor-element elementor-element-8cf0401 elementor-widget elementor-widget-text-editor\" data-id=\"8cf0401\" data-element_type=\"widget\" data-widget_type=\"text-editor.default\">\n\t\t\t\t<div class=\"elementor-widget-container\">\n\t\t\t\t\t\t\t<p><span style=\"font-family: 'Roboto Flex', sans-serif; text-align: center;\">Agende uma reuni\u00e3o com nossa equipe para conhecer melhor e entender tudo em detalhes!<\/span><br style=\"font-family: 'Roboto Flex', sans-serif; text-align: center;\" \/><span style=\"font-family: 'Roboto Flex', sans-serif; text-align: center;\">Clique abaixo e fale em nosso whatsapp.<\/span><\/p>\t\t\t\t\t\t<\/div>\n\t\t\t\t<\/div>\n\t\t\t\t<div class=\"elementor-element elementor-element-dcc105e elementor-view-default elementor-widget elementor-widget-icon\" data-id=\"dcc105e\" data-element_type=\"widget\" data-settings=\"{&quot;_animation&quot;:&quot;none&quot;}\" data-widget_type=\"icon.default\">\n\t\t\t\t<div class=\"elementor-widget-container\">\n\t\t\t\t\t<div class=\"elementor-icon-wrapper\">\n\t\t\t<a class=\"elementor-icon elementor-animation-grow\" href=\"https:\/\/api.whatsapp.com\/send\/?phone=5511986527481&#038;text&#038;type=phone_number&#038;app_absent=0\">\n\t\t\t<i aria-hidden=\"true\" class=\"fab fa-whatsapp\"><\/i>\t\t\t<\/a>\n\t\t<\/div>\n\t\t\t\t<\/div>\n\t\t\t\t<\/div>\n\t\t\t\t<div class=\"elementor-element elementor-element-a183e78 gallery-spacing-custom elementor-widget elementor-widget-image-gallery\" data-id=\"a183e78\" data-element_type=\"widget\" data-widget_type=\"image-gallery.default\">\n\t\t\t\t<div class=\"elementor-widget-container\">\n\t\t\t<style>\/*! elementor - v3.13.1 - 09-05-2023 *\/\n.elementor-image-gallery .gallery-item{display:inline-block;text-align:center;vertical-align:top;width:100%;max-width:100%;margin:0 auto}.elementor-image-gallery .gallery-item img{margin:0 auto}.elementor-image-gallery .gallery-item .gallery-caption{margin:0}.elementor-image-gallery figure img{display:block}.elementor-image-gallery figure figcaption{width:100%}.gallery-spacing-custom .elementor-image-gallery .gallery-icon{padding:0}@media (min-width:768px){.elementor-image-gallery .gallery-columns-2 .gallery-item{max-width:50%}.elementor-image-gallery .gallery-columns-3 .gallery-item{max-width:33.33%}.elementor-image-gallery .gallery-columns-4 .gallery-item{max-width:25%}.elementor-image-gallery .gallery-columns-5 .gallery-item{max-width:20%}.elementor-image-gallery .gallery-columns-6 .gallery-item{max-width:16.666%}.elementor-image-gallery .gallery-columns-7 .gallery-item{max-width:14.28%}.elementor-image-gallery .gallery-columns-8 .gallery-item{max-width:12.5%}.elementor-image-gallery .gallery-columns-9 .gallery-item{max-width:11.11%}.elementor-image-gallery .gallery-columns-10 .gallery-item{max-width:10%}}@media (min-width:480px) and (max-width:767px){.elementor-image-gallery .gallery.gallery-columns-2 .gallery-item,.elementor-image-gallery .gallery.gallery-columns-3 .gallery-item,.elementor-image-gallery .gallery.gallery-columns-4 .gallery-item,.elementor-image-gallery .gallery.gallery-columns-5 .gallery-item,.elementor-image-gallery .gallery.gallery-columns-6 .gallery-item,.elementor-image-gallery .gallery.gallery-columns-7 .gallery-item,.elementor-image-gallery .gallery.gallery-columns-8 .gallery-item,.elementor-image-gallery .gallery.gallery-columns-9 .gallery-item,.elementor-image-gallery .gallery.gallery-columns-10 .gallery-item{max-width:50%}}@media (max-width:479px){.elementor-image-gallery .gallery.gallery-columns-2 .gallery-item,.elementor-image-gallery .gallery.gallery-columns-3 .gallery-item,.elementor-image-gallery .gallery.gallery-columns-4 .gallery-item,.elementor-image-gallery .gallery.gallery-columns-5 .gallery-item,.elementor-image-gallery .gallery.gallery-columns-6 .gallery-item,.elementor-image-gallery .gallery.gallery-columns-7 .gallery-item,.elementor-image-gallery .gallery.gallery-columns-8 .gallery-item,.elementor-image-gallery .gallery.gallery-columns-9 .gallery-item,.elementor-image-gallery .gallery.gallery-columns-10 .gallery-item{max-width:100%}}<\/style>\t\t<div class=\"elementor-image-gallery\">\n\t\t\t<div id='gallery-1' class='gallery galleryid-4576 gallery-columns-4 gallery-size-full'><figure class='gallery-item'>\n\t\t\t<div class='gallery-icon landscape'>\n\t\t\t\t<a data-elementor-open-lightbox=\"yes\" data-elementor-lightbox-slideshow=\"a183e78\" data-elementor-lightbox-title=\"Escola 1\" data-e-action-hash=\"#elementor-action%3Aaction%3Dlightbox%26settings%3DeyJpZCI6NDc5NCwidXJsIjoiaHR0cHM6XC9cL2lkZWlhc3VwLmNvbS5iclwvbG9qYXVwXC93cC1jb250ZW50XC91cGxvYWRzXC8yMDIzXC8wNFwvRXNjb2xhLTAuanBnIiwic2xpZGVzaG93IjoiYTE4M2U3OCJ9\" href='https:\/\/ideiasup.com.br\/lojaup\/wp-content\/uploads\/2023\/04\/Escola-0.jpg'><img width=\"485\" height=\"323\" src=\"https:\/\/ideiasup.com.br\/lojaup\/wp-content\/uploads\/2023\/04\/Escola-0.jpg\" class=\"attachment-full size-full\" alt=\"\" decoding=\"async\" loading=\"lazy\" srcset=\"https:\/\/ideiasup.com.br\/lojaup\/wp-content\/uploads\/2023\/04\/Escola-0.jpg 485w, https:\/\/ideiasup.com.br\/lojaup\/wp-content\/uploads\/2023\/04\/Escola-0-300x200.jpg 300w\" sizes=\"(max-width: 485px) 100vw, 485px\" \/><\/a>\n\t\t\t<\/div><\/figure><figure class='gallery-item'>\n\t\t\t<div class='gallery-icon landscape'>\n\t\t\t\t<a data-elementor-open-lightbox=\"yes\" data-elementor-lightbox-slideshow=\"a183e78\" data-elementor-lightbox-title=\"Escola 2\" data-e-action-hash=\"#elementor-action%3Aaction%3Dlightbox%26settings%3DeyJpZCI6NDY2OSwidXJsIjoiaHR0cHM6XC9cL2lkZWlhc3VwLmNvbS5iclwvbG9qYXVwXC93cC1jb250ZW50XC91cGxvYWRzXC8yMDIzXC8wNFwvRXNjb2xhLTEuanBnIiwic2xpZGVzaG93IjoiYTE4M2U3OCJ9\" href='https:\/\/ideiasup.com.br\/lojaup\/wp-content\/uploads\/2023\/04\/Escola-1.jpg'><img width=\"485\" height=\"323\" src=\"https:\/\/ideiasup.com.br\/lojaup\/wp-content\/uploads\/2023\/04\/Escola-1.jpg\" class=\"attachment-full size-full\" alt=\"\" decoding=\"async\" loading=\"lazy\" srcset=\"https:\/\/ideiasup.com.br\/lojaup\/wp-content\/uploads\/2023\/04\/Escola-1.jpg 485w, https:\/\/ideiasup.com.br\/lojaup\/wp-content\/uploads\/2023\/04\/Escola-1-300x200.jpg 300w\" sizes=\"(max-width: 485px) 100vw, 485px\" \/><\/a>\n\t\t\t<\/div><\/figure><figure class='gallery-item'>\n\t\t\t<div class='gallery-icon landscape'>\n\t\t\t\t<a data-elementor-open-lightbox=\"yes\" data-elementor-lightbox-slideshow=\"a183e78\" data-elementor-lightbox-title=\"Escola 3\" data-e-action-hash=\"#elementor-action%3Aaction%3Dlightbox%26settings%3DeyJpZCI6NDYxMywidXJsIjoiaHR0cHM6XC9cL2lkZWlhc3VwLmNvbS5iclwvbG9qYXVwXC93cC1jb250ZW50XC91cGxvYWRzXC8yMDIzXC8wNFwvRXNjb2xhLTMuanBnIiwic2xpZGVzaG93IjoiYTE4M2U3OCJ9\" href='https:\/\/ideiasup.com.br\/lojaup\/wp-content\/uploads\/2023\/04\/Escola-3.jpg'><img width=\"485\" height=\"323\" src=\"https:\/\/ideiasup.com.br\/lojaup\/wp-content\/uploads\/2023\/04\/Escola-3.jpg\" class=\"attachment-full size-full\" alt=\"\" decoding=\"async\" loading=\"lazy\" srcset=\"https:\/\/ideiasup.com.br\/lojaup\/wp-content\/uploads\/2023\/04\/Escola-3.jpg 485w, https:\/\/ideiasup.com.br\/lojaup\/wp-content\/uploads\/2023\/04\/Escola-3-300x200.jpg 300w\" sizes=\"(max-width: 485px) 100vw, 485px\" \/><\/a>\n\t\t\t<\/div><\/figure><figure class='gallery-item'>\n\t\t\t<div class='gallery-icon landscape'>\n\t\t\t\t<a data-elementor-open-lightbox=\"yes\" data-elementor-lightbox-slideshow=\"a183e78\" data-elementor-lightbox-title=\"Escola 4\" data-e-action-hash=\"#elementor-action%3Aaction%3Dlightbox%26settings%3DeyJpZCI6NDYxMiwidXJsIjoiaHR0cHM6XC9cL2lkZWlhc3VwLmNvbS5iclwvbG9qYXVwXC93cC1jb250ZW50XC91cGxvYWRzXC8yMDIzXC8wNFwvRXNjb2xhLTIuanBnIiwic2xpZGVzaG93IjoiYTE4M2U3OCJ9\" href='https:\/\/ideiasup.com.br\/lojaup\/wp-content\/uploads\/2023\/04\/Escola-2.jpg'><img width=\"485\" height=\"323\" src=\"https:\/\/ideiasup.com.br\/lojaup\/wp-content\/uploads\/2023\/04\/Escola-2.jpg\" class=\"attachment-full size-full\" alt=\"\" decoding=\"async\" loading=\"lazy\" srcset=\"https:\/\/ideiasup.com.br\/lojaup\/wp-content\/uploads\/2023\/04\/Escola-2.jpg 485w, https:\/\/ideiasup.com.br\/lojaup\/wp-content\/uploads\/2023\/04\/Escola-2-300x200.jpg 300w\" sizes=\"(max-width: 485px) 100vw, 485px\" \/><\/a>\n\t\t\t<\/div><\/figure>\n\t\t<\/div>\n\t\t<\/div>\n\t\t\t\t<\/div>\n\t\t\t\t<\/div>\n\t\t\t\t<div class=\"elementor-element elementor-element-1e7ea84 elementor-widget elementor-widget-text-editor\" data-id=\"1e7ea84\" data-element_type=\"widget\" data-widget_type=\"text-editor.default\">\n\t\t\t\t<div class=\"elementor-widget-container\">\n\t\t\t\t\t\t\t<p><img decoding=\"async\" loading=\"lazy\" class=\"size-medium wp-image-4618 alignleft\" src=\"https:\/\/ideiasup.com.br\/lojaup\/wp-content\/uploads\/2023\/04\/Colegio3-169x300.jpg\" alt=\"\" width=\"169\" height=\"300\" srcset=\"https:\/\/ideiasup.com.br\/lojaup\/wp-content\/uploads\/2023\/04\/Colegio3-169x300.jpg 169w, https:\/\/ideiasup.com.br\/lojaup\/wp-content\/uploads\/2023\/04\/Colegio3-576x1024.jpg 576w, https:\/\/ideiasup.com.br\/lojaup\/wp-content\/uploads\/2023\/04\/Colegio3.jpg 720w\" sizes=\"(max-width: 169px) 100vw, 169px\" \/><\/p><p><strong><span class=\"fe5nidar khvhiq1o r5qsrrlp i5tg98hk f9ovudaz przvwfww gx1rr48f gfz4du6o r7fjleex nz2484kf svot0ezm dcnh1tix sxl192xd t3g6t33p\"><span class=\"mpj7bzys xzlurrtv\">Nossa parceria com escolas:\u00a0<\/span><\/span><\/strong><\/p><p><span class=\"fe5nidar khvhiq1o r5qsrrlp i5tg98hk f9ovudaz przvwfww gx1rr48f gfz4du6o r7fjleex nz2484kf svot0ezm dcnh1tix sxl192xd t3g6t33p\"><span class=\"mpj7bzys xzlurrtv\"><img decoding=\"async\" class=\"emoji\" role=\"img\" draggable=\"false\" src=\"https:\/\/s.w.org\/images\/core\/emoji\/14.0.0\/svg\/2705.svg\" alt=\"\u2705\" \/> <\/span><\/span>Fornecimento do material do ano letivo em livros digitais (pdf) ou livros impressos para os alunos.<\/p><p><span class=\"fe5nidar khvhiq1o r5qsrrlp i5tg98hk f9ovudaz przvwfww gx1rr48f gfz4du6o r7fjleex nz2484kf svot0ezm dcnh1tix sxl192xd t3g6t33p\"><span class=\"mpj7bzys xzlurrtv\"><img decoding=\"async\" class=\"emoji\" role=\"img\" draggable=\"false\" src=\"https:\/\/s.w.org\/images\/core\/emoji\/14.0.0\/svg\/2705.svg\" alt=\"\u2705\" \/> Apresenta\u00e7\u00e3o dos conte\u00fados e reuni\u00e3o com a equipe pedag\u00f3gica<\/span><\/span>.<\/p><p><span class=\"fe5nidar khvhiq1o r5qsrrlp i5tg98hk f9ovudaz przvwfww gx1rr48f gfz4du6o r7fjleex nz2484kf svot0ezm dcnh1tix sxl192xd t3g6t33p\"><span class=\"mpj7bzys xzlurrtv\"><img decoding=\"async\" class=\"emoji\" role=\"img\" draggable=\"false\" src=\"https:\/\/s.w.org\/images\/core\/emoji\/14.0.0\/svg\/2705.svg\" alt=\"\u2705\" \/> Adapta\u00e7\u00e3o e personaliza\u00e7\u00e3o dos conte\u00fados<\/span><\/span>.<\/p><p><span class=\"fe5nidar khvhiq1o r5qsrrlp i5tg98hk f9ovudaz przvwfww gx1rr48f gfz4du6o r7fjleex nz2484kf svot0ezm dcnh1tix sxl192xd t3g6t33p\"><span class=\"mpj7bzys xzlurrtv\"><img decoding=\"async\" class=\"emoji\" role=\"img\" draggable=\"false\" src=\"https:\/\/s.w.org\/images\/core\/emoji\/14.0.0\/svg\/2705.svg\" alt=\"\u2705\" \/> Acesso gratuito ao banco de atividades<\/span><\/span> da EnsinaUP para alunos e professores.<\/p><p><span class=\"fe5nidar khvhiq1o r5qsrrlp i5tg98hk f9ovudaz przvwfww gx1rr48f gfz4du6o r7fjleex nz2484kf svot0ezm dcnh1tix sxl192xd t3g6t33p\"><span class=\"mpj7bzys xzlurrtv\"><img decoding=\"async\" class=\"emoji\" role=\"img\" draggable=\"false\" src=\"https:\/\/s.w.org\/images\/core\/emoji\/14.0.0\/svg\/2705.svg\" alt=\"\u2705\" \/><\/span><\/span> Atendimento, Consultoria e Mentoria para a equipe pedag\u00f3gica (grupo ou individual).<\/p><p><span class=\"fe5nidar khvhiq1o r5qsrrlp i5tg98hk f9ovudaz przvwfww gx1rr48f gfz4du6o r7fjleex nz2484kf svot0ezm dcnh1tix sxl192xd t3g6t33p\"><span class=\"mpj7bzys xzlurrtv\"><img decoding=\"async\" class=\"emoji\" role=\"img\" draggable=\"false\" src=\"https:\/\/s.w.org\/images\/core\/emoji\/14.0.0\/svg\/2705.svg\" alt=\"\u2705\" \/><\/span><\/span>\u00a0Fornecimento de modelos para o planejamento e acompanhamento do aluno.<\/p>\t\t\t\t\t\t<\/div>\n\t\t\t\t<\/div>\n\t\t\t\t\t<\/div>\n\t\t<\/div>\n\t\t\t\t\t\t\t<\/div>\n\t\t<\/section>\n\t\t\t\t\t\t\t<\/div>\n\t\t","protected":false},"excerpt":{"rendered":"<p>Ol\u00e1, estou muito feliz por voc\u00ea ter encontrado a gente! A EnsinaUP \u00e9 uma empresa de educa\u00e7\u00e3o que oferece materiais&hellip;<\/p>\n","protected":false},"author":1,"featured_media":0,"parent":0,"menu_order":0,"comment_status":"closed","ping_status":"closed","template":"","meta":{"om_disable_all_campaigns":false,"_monsterinsights_skip_tracking":false,"_monsterinsights_sitenote_active":false,"_monsterinsights_sitenote_note":"","_monsterinsights_sitenote_category":0,"_joinchat":[]},"aioseo_notices":[],"_links":{"self":[{"href":"https:\/\/ideiasup.com.br\/lojaup\/wp-json\/wp\/v2\/pages\/4576"}],"collection":[{"href":"https:\/\/ideiasup.com.br\/lojaup\/wp-json\/wp\/v2\/pages"}],"about":[{"href":"https:\/\/ideiasup.com.br\/lojaup\/wp-json\/wp\/v2\/types\/page"}],"author":[{"embeddable":true,"href":"https:\/\/ideiasup.com.br\/lojaup\/wp-json\/wp\/v2\/users\/1"}],"replies":[{"embeddable":true,"href":"https:\/\/ideiasup.com.br\/lojaup\/wp-json\/wp\/v2\/comments?post=4576"}],"version-history":[{"count":94,"href":"https:\/\/ideiasup.com.br\/lojaup\/wp-json\/wp\/v2\/pages\/4576\/revisions"}],"predecessor-version":[{"id":5308,"href":"https:\/\/ideiasup.com.br\/lojaup\/wp-json\/wp\/v2\/pages\/4576\/revisions\/5308"}],"wp:attachment":[{"href":"https:\/\/ideiasup.com.br\/lojaup\/wp-json\/wp\/v2\/media?parent=4576"}],"curies":[{"name":"wp","href":"https:\/\/api.w.org\/{rel}","templated":true}]}}