{"id":116,"date":"2021-12-12T00:20:19","date_gmt":"2021-12-12T03:20:19","guid":{"rendered":"http:\/\/ideiasup.com.br\/lojaup\/?post_type=product&#038;p=116"},"modified":"2024-08-27T08:31:24","modified_gmt":"2024-08-27T11:31:24","slug":"caligrafia-e-memorizacao","status":"publish","type":"product","link":"https:\/\/ideiasup.com.br\/lojaup\/escolas\/caligrafia-e-memorizacao\/","title":{"rendered":"Caligrafia e Memoriza\u00e7\u00e3o &#8211; Poemas"},"content":{"rendered":"<p><strong>Tema:<\/strong>\u00a0Caligrafia e Memoriza\u00e7\u00e3o<\/p>\n<p><strong>Indica\u00e7\u00e3o:<\/strong>\u00a006 e 07 anos<\/p>\n<p><strong>Objetivo:<\/strong>\u00a0Com este E-BOOK, os pequenos podem praticar a escrita em letra cursiva enquanto t\u00eam contato com belos poemas e f\u00e1bulas de William J. Bennet, Cec\u00edlia Meireles, La Fontaine e Henry HallamTweedy. Al\u00e9m de trabalhar a memoriza\u00e7\u00e3o de forma agrad\u00e1vel e simples.<\/p>\n<p><strong>Composi\u00e7\u00e3o:<\/strong>\u00a073 p\u00e1ginas<\/p>\n<p><strong>Tipo de conte\u00fado:<\/strong> PDF (arquivo para download) &#8211; N\u00e3o ser\u00e1 enviado nenhum material f\u00edsico!<\/p>\n","protected":false},"excerpt":{"rendered":"<p>Com este E-BOOK, os pequenos podem praticar a escrita em letra cursiva enquanto t\u00eam contato com belos poemas e f\u00e1bulas de William J. Bennet, Cec\u00edlia Meireles, La Fontaine e Henry HallamTweedy. Al\u00e9m de trabalhar a memoriza\u00e7\u00e3o de forma agrad\u00e1vel e simples.<\/p>\n","protected":false},"featured_media":541,"comment_status":"open","ping_status":"closed","template":"","meta":{"om_disable_all_campaigns":false,"_monsterinsights_skip_tracking":false,"_monsterinsights_sitenote_active":false,"_monsterinsights_sitenote_note":"","_monsterinsights_sitenote_category":0,"_joinchat":[]},"product_cat":[18,60],"product_tag":[24,22,19,23,20,21],"aioseo_notices":[],"_links":{"self":[{"href":"https:\/\/ideiasup.com.br\/lojaup\/wp-json\/wp\/v2\/product\/116"}],"collection":[{"href":"https:\/\/ideiasup.com.br\/lojaup\/wp-json\/wp\/v2\/product"}],"about":[{"href":"https:\/\/ideiasup.com.br\/lojaup\/wp-json\/wp\/v2\/types\/product"}],"replies":[{"embeddable":true,"href":"https:\/\/ideiasup.com.br\/lojaup\/wp-json\/wp\/v2\/comments?post=116"}],"version-history":[{"count":7,"href":"https:\/\/ideiasup.com.br\/lojaup\/wp-json\/wp\/v2\/product\/116\/revisions"}],"predecessor-version":[{"id":4953,"href":"https:\/\/ideiasup.com.br\/lojaup\/wp-json\/wp\/v2\/product\/116\/revisions\/4953"}],"wp:featuredmedia":[{"embeddable":true,"href":"https:\/\/ideiasup.com.br\/lojaup\/wp-json\/wp\/v2\/media\/541"}],"wp:attachment":[{"href":"https:\/\/ideiasup.com.br\/lojaup\/wp-json\/wp\/v2\/media?parent=116"}],"wp:term":[{"taxonomy":"product_cat","embeddable":true,"href":"https:\/\/ideiasup.com.br\/lojaup\/wp-json\/wp\/v2\/product_cat?post=116"},{"taxonomy":"product_tag","embeddable":true,"href":"https:\/\/ideiasup.com.br\/lojaup\/wp-json\/wp\/v2\/product_tag?post=116"}],"curies":[{"name":"wp","href":"https:\/\/api.w.org\/{rel}","templated":true}]}}