{"id":1293,"date":"2021-12-30T11:30:56","date_gmt":"2021-12-30T14:30:56","guid":{"rendered":"https:\/\/ideiasup.com.br\/lojaup\/?post_type=product&#038;p=1293"},"modified":"2024-04-16T16:57:08","modified_gmt":"2024-04-16T19:57:08","slug":"tangram","status":"publish","type":"product","link":"https:\/\/ideiasup.com.br\/lojaup\/escolas\/tangram\/","title":{"rendered":"EI &#8211; Alfabetiza\u00e7\u00e3o 1"},"content":{"rendered":"<p>Atividades para educa\u00e7\u00e3o infantil &#8211; Alfabetiza\u00e7\u00e3o.<\/p>\n<p>-Alfabetiza\u00e7\u00e3o &#8211; Vogais<br \/>\n-Banco de imagens<br \/>\n-Formando frases &#8211; Parte 1<br \/>\n-Letra correspondente<br \/>\n-Ligue e pinte<br \/>\n-N\u00famero secreto<br \/>\n-Percep\u00e7\u00e3o Visual<br \/>\n-Qual a posi\u00e7\u00e3o correta?<br \/>\n-Qual o quadro correto?<br \/>\n-Siga o Padr\u00e3o &#8211; Letras<br \/>\n-Vamos encontrar?<\/p>\n<p style=\"text-align: center;\"><strong>Lembre-se: essa \u00e9 uma atividade exclusiva da EnsinaUP e n\u00e3o est\u00e1 autorizada a comercializa\u00e7\u00e3o e compartilhamento da mesma. Lei de direitos autorais 9.610\/98<\/strong><\/p>\n","protected":false},"excerpt":{"rendered":"<p>Atividades para\u00a0Alfabetiza\u00e7\u00e3o Volume 1.<\/p>\n","protected":false},"featured_media":5567,"comment_status":"open","ping_status":"closed","template":"","meta":{"om_disable_all_campaigns":false,"_monsterinsights_skip_tracking":false,"_monsterinsights_sitenote_active":false,"_monsterinsights_sitenote_note":"","_monsterinsights_sitenote_category":0,"_joinchat":[]},"product_cat":[25],"product_tag":[32,22,44],"aioseo_notices":[],"_links":{"self":[{"href":"https:\/\/ideiasup.com.br\/lojaup\/wp-json\/wp\/v2\/product\/1293"}],"collection":[{"href":"https:\/\/ideiasup.com.br\/lojaup\/wp-json\/wp\/v2\/product"}],"about":[{"href":"https:\/\/ideiasup.com.br\/lojaup\/wp-json\/wp\/v2\/types\/product"}],"replies":[{"embeddable":true,"href":"https:\/\/ideiasup.com.br\/lojaup\/wp-json\/wp\/v2\/comments?post=1293"}],"version-history":[{"count":5,"href":"https:\/\/ideiasup.com.br\/lojaup\/wp-json\/wp\/v2\/product\/1293\/revisions"}],"predecessor-version":[{"id":5688,"href":"https:\/\/ideiasup.com.br\/lojaup\/wp-json\/wp\/v2\/product\/1293\/revisions\/5688"}],"wp:featuredmedia":[{"embeddable":true,"href":"https:\/\/ideiasup.com.br\/lojaup\/wp-json\/wp\/v2\/media\/5567"}],"wp:attachment":[{"href":"https:\/\/ideiasup.com.br\/lojaup\/wp-json\/wp\/v2\/media?parent=1293"}],"wp:term":[{"taxonomy":"product_cat","embeddable":true,"href":"https:\/\/ideiasup.com.br\/lojaup\/wp-json\/wp\/v2\/product_cat?post=1293"},{"taxonomy":"product_tag","embeddable":true,"href":"https:\/\/ideiasup.com.br\/lojaup\/wp-json\/wp\/v2\/product_tag?post=1293"}],"curies":[{"name":"wp","href":"https:\/\/api.w.org\/{rel}","templated":true}]}}