{"id":1297,"date":"2021-12-30T11:34:02","date_gmt":"2021-12-30T14:34:02","guid":{"rendered":"https:\/\/ideiasup.com.br\/lojaup\/?post_type=product&#038;p=1297"},"modified":"2024-04-16T17:00:36","modified_gmt":"2024-04-16T20:00:36","slug":"siga-o-modelo-padrao","status":"publish","type":"product","link":"https:\/\/ideiasup.com.br\/lojaup\/escolas\/siga-o-modelo-padrao\/","title":{"rendered":"EI &#8211; Alfabetiza\u00e7\u00e3o 2"},"content":{"rendered":"<p>Atividade para educa\u00e7\u00e3o infantil &#8211; Alfabetiza\u00e7\u00e3o.<\/p>\n<p>-Antecessor e Sucessor<br \/>\n-Atividades consoantes &#8211; Alfabetiza\u00e7\u00e3o<br \/>\n-Bingo dos n\u00fameros &#8211; Tabela 1 a 200<br \/>\n-Formando frases &#8211; Parte 2<br \/>\n-Letra e S\u00edlabas<br \/>\n-Memoriza\u00e7\u00e3o \u2013 Curto Prazo<br \/>\n-N\u00famero de S\u00edlabas<br \/>\n-Ordem alfab\u00e9tica<br \/>\n-Placa do Alfabeto<br \/>\n-Qual \u00e9 a Letra?<br \/>\n-Quebra-cabe\u00e7a dos n\u00fameros<br \/>\n-Vamos contar?<\/p>\n<p style=\"text-align: center;\"><strong>Lembre-se: essa \u00e9 uma atividade exclusiva da EnsinaUP e n\u00e3o est\u00e1 autorizada a comercializa\u00e7\u00e3o e compartilhamento da mesma. Lei de direitos autorais 9.610\/98<\/strong><\/p>\n","protected":false},"excerpt":{"rendered":"<p>Atividades para Alfabetiza\u00e7\u00e3o Volume 2.<\/p>\n","protected":false},"featured_media":5570,"comment_status":"open","ping_status":"closed","template":"","meta":{"om_disable_all_campaigns":false,"_monsterinsights_skip_tracking":false,"_monsterinsights_sitenote_active":false,"_monsterinsights_sitenote_note":"","_monsterinsights_sitenote_category":0,"_joinchat":[]},"product_cat":[25],"product_tag":[32,22,44],"aioseo_notices":[],"_links":{"self":[{"href":"https:\/\/ideiasup.com.br\/lojaup\/wp-json\/wp\/v2\/product\/1297"}],"collection":[{"href":"https:\/\/ideiasup.com.br\/lojaup\/wp-json\/wp\/v2\/product"}],"about":[{"href":"https:\/\/ideiasup.com.br\/lojaup\/wp-json\/wp\/v2\/types\/product"}],"replies":[{"embeddable":true,"href":"https:\/\/ideiasup.com.br\/lojaup\/wp-json\/wp\/v2\/comments?post=1297"}],"version-history":[{"count":4,"href":"https:\/\/ideiasup.com.br\/lojaup\/wp-json\/wp\/v2\/product\/1297\/revisions"}],"predecessor-version":[{"id":5687,"href":"https:\/\/ideiasup.com.br\/lojaup\/wp-json\/wp\/v2\/product\/1297\/revisions\/5687"}],"wp:featuredmedia":[{"embeddable":true,"href":"https:\/\/ideiasup.com.br\/lojaup\/wp-json\/wp\/v2\/media\/5570"}],"wp:attachment":[{"href":"https:\/\/ideiasup.com.br\/lojaup\/wp-json\/wp\/v2\/media?parent=1297"}],"wp:term":[{"taxonomy":"product_cat","embeddable":true,"href":"https:\/\/ideiasup.com.br\/lojaup\/wp-json\/wp\/v2\/product_cat?post=1297"},{"taxonomy":"product_tag","embeddable":true,"href":"https:\/\/ideiasup.com.br\/lojaup\/wp-json\/wp\/v2\/product_tag?post=1297"}],"curies":[{"name":"wp","href":"https:\/\/api.w.org\/{rel}","templated":true}]}}