{"id":1300,"date":"2021-12-30T11:35:40","date_gmt":"2021-12-30T14:35:40","guid":{"rendered":"https:\/\/ideiasup.com.br\/lojaup\/?post_type=product&#038;p=1300"},"modified":"2024-04-16T17:04:36","modified_gmt":"2024-04-16T20:04:36","slug":"jogo-soma-10","status":"publish","type":"product","link":"https:\/\/ideiasup.com.br\/lojaup\/escolas\/jogo-soma-10\/","title":{"rendered":"EI &#8211; Educa\u00e7\u00e3o Infantil"},"content":{"rendered":"<p>Atividade para educa\u00e7\u00e3o infantil &#8211; Coordena\u00e7\u00e3o.<\/p>\n<p>-Encontre as 5 diferen\u00e7as<br \/>\n-Infinitas possibilidades<br \/>\n-Labirinto<br \/>\n-Repita o padr\u00e3o &#8211; Cores<br \/>\n-Repita o padr\u00e3o &#8211; Tra\u00e7os<br \/>\n-Siga o modelo &#8211; Padr\u00e3o<br \/>\n-Simetria<br \/>\n-Sombras<br \/>\n-Usando a Tesoura<\/p>\n<p><strong>Lembre-se: essa \u00e9 uma atividade exclusiva da EnsinaUP e n\u00e3o est\u00e1 autorizada a comercializa\u00e7\u00e3o e compartilhamento da mesma. Lei de direitos autorais 9.610\/98<\/strong><\/p>\n","protected":false},"excerpt":{"rendered":"<p>Atividades para Educa\u00e7\u00e3o Infantil.<\/p>\n","protected":false},"featured_media":5575,"comment_status":"open","ping_status":"closed","template":"","meta":{"om_disable_all_campaigns":false,"_monsterinsights_skip_tracking":false,"_monsterinsights_sitenote_active":false,"_monsterinsights_sitenote_note":"","_monsterinsights_sitenote_category":0,"_joinchat":[]},"product_cat":[25],"product_tag":[32,22,44],"aioseo_notices":[],"_links":{"self":[{"href":"https:\/\/ideiasup.com.br\/lojaup\/wp-json\/wp\/v2\/product\/1300"}],"collection":[{"href":"https:\/\/ideiasup.com.br\/lojaup\/wp-json\/wp\/v2\/product"}],"about":[{"href":"https:\/\/ideiasup.com.br\/lojaup\/wp-json\/wp\/v2\/types\/product"}],"replies":[{"embeddable":true,"href":"https:\/\/ideiasup.com.br\/lojaup\/wp-json\/wp\/v2\/comments?post=1300"}],"version-history":[{"count":4,"href":"https:\/\/ideiasup.com.br\/lojaup\/wp-json\/wp\/v2\/product\/1300\/revisions"}],"predecessor-version":[{"id":5686,"href":"https:\/\/ideiasup.com.br\/lojaup\/wp-json\/wp\/v2\/product\/1300\/revisions\/5686"}],"wp:featuredmedia":[{"embeddable":true,"href":"https:\/\/ideiasup.com.br\/lojaup\/wp-json\/wp\/v2\/media\/5575"}],"wp:attachment":[{"href":"https:\/\/ideiasup.com.br\/lojaup\/wp-json\/wp\/v2\/media?parent=1300"}],"wp:term":[{"taxonomy":"product_cat","embeddable":true,"href":"https:\/\/ideiasup.com.br\/lojaup\/wp-json\/wp\/v2\/product_cat?post=1300"},{"taxonomy":"product_tag","embeddable":true,"href":"https:\/\/ideiasup.com.br\/lojaup\/wp-json\/wp\/v2\/product_tag?post=1300"}],"curies":[{"name":"wp","href":"https:\/\/api.w.org\/{rel}","templated":true}]}}