{"id":1310,"date":"2021-12-30T11:43:23","date_gmt":"2021-12-30T14:43:23","guid":{"rendered":"https:\/\/ideiasup.com.br\/lojaup\/?post_type=product&#038;p=1310"},"modified":"2024-04-16T17:07:09","modified_gmt":"2024-04-16T20:07:09","slug":"lp-caligrafia","status":"publish","type":"product","link":"https:\/\/ideiasup.com.br\/lojaup\/escolas\/lp-caligrafia\/","title":{"rendered":"LP &#8211; Caligrafia"},"content":{"rendered":"<p>Atividades de Caligrafia &#8211; L\u00edngua Portuguesa.<\/p>\n<p>-Caligrafia &#8211; Cursiva<br \/>\n-Caligrafia &#8211; Letra cursiva &#8211; Tamanho menor<br \/>\n-Caligrafia &#8211; Letra cursiva &#8211; Tamanho m\u00e9dio<br \/>\n-Caligrafia &#8211; Palavra solta<br \/>\n-Folha com linhas de caligrafia<\/p>\n<p style=\"text-align: center;\"><strong>Lembre-se: essa \u00e9 uma atividade exclusiva da EnsinaUP e n\u00e3o est\u00e1 autorizada a comercializa\u00e7\u00e3o e compartilhamento da mesma. Lei de direitos autorais 9.610\/98<\/strong><\/p>\n","protected":false},"excerpt":{"rendered":"<p>Atividades de Caligrafia.<\/p>\n","protected":false},"featured_media":5584,"comment_status":"open","ping_status":"closed","template":"","meta":{"om_disable_all_campaigns":false,"_monsterinsights_skip_tracking":false,"_monsterinsights_sitenote_active":false,"_monsterinsights_sitenote_note":"","_monsterinsights_sitenote_category":0,"_joinchat":[]},"product_cat":[25],"product_tag":[32,22,44],"aioseo_notices":[],"_links":{"self":[{"href":"https:\/\/ideiasup.com.br\/lojaup\/wp-json\/wp\/v2\/product\/1310"}],"collection":[{"href":"https:\/\/ideiasup.com.br\/lojaup\/wp-json\/wp\/v2\/product"}],"about":[{"href":"https:\/\/ideiasup.com.br\/lojaup\/wp-json\/wp\/v2\/types\/product"}],"replies":[{"embeddable":true,"href":"https:\/\/ideiasup.com.br\/lojaup\/wp-json\/wp\/v2\/comments?post=1310"}],"version-history":[{"count":6,"href":"https:\/\/ideiasup.com.br\/lojaup\/wp-json\/wp\/v2\/product\/1310\/revisions"}],"predecessor-version":[{"id":5583,"href":"https:\/\/ideiasup.com.br\/lojaup\/wp-json\/wp\/v2\/product\/1310\/revisions\/5583"}],"wp:featuredmedia":[{"embeddable":true,"href":"https:\/\/ideiasup.com.br\/lojaup\/wp-json\/wp\/v2\/media\/5584"}],"wp:attachment":[{"href":"https:\/\/ideiasup.com.br\/lojaup\/wp-json\/wp\/v2\/media?parent=1310"}],"wp:term":[{"taxonomy":"product_cat","embeddable":true,"href":"https:\/\/ideiasup.com.br\/lojaup\/wp-json\/wp\/v2\/product_cat?post=1310"},{"taxonomy":"product_tag","embeddable":true,"href":"https:\/\/ideiasup.com.br\/lojaup\/wp-json\/wp\/v2\/product_tag?post=1310"}],"curies":[{"name":"wp","href":"https:\/\/api.w.org\/{rel}","templated":true}]}}