{"id":1313,"date":"2021-12-30T11:44:50","date_gmt":"2021-12-30T14:44:50","guid":{"rendered":"https:\/\/ideiasup.com.br\/lojaup\/?post_type=product&#038;p=1313"},"modified":"2024-04-16T17:08:17","modified_gmt":"2024-04-16T20:08:17","slug":"lp-ditado","status":"publish","type":"product","link":"https:\/\/ideiasup.com.br\/lojaup\/escolas\/lp-ditado\/","title":{"rendered":"LP &#8211; Ditado"},"content":{"rendered":"<p>Atividades para Ditado &#8211; L\u00edngua Portuguesa.<\/p>\n<p>-Autoditado C e \u00c7<\/p>\n<p>-Autoditado &#8211; Parte 1<\/p>\n<p>-Autoditado &#8211; Parte 2<\/p>\n<p style=\"text-align: center;\"><strong>Lembre-se: essa \u00e9 uma atividade exclusiva da EnsinaUP e n\u00e3o est\u00e1 autorizada a comercializa\u00e7\u00e3o e compartilhamento da mesma. Lei de direitos autorais 9.610\/98<\/strong><\/p>\n","protected":false},"excerpt":{"rendered":"<p>Atividades para Ditado.<\/p>\n","protected":false},"featured_media":5589,"comment_status":"open","ping_status":"closed","template":"","meta":{"om_disable_all_campaigns":false,"_monsterinsights_skip_tracking":false,"_monsterinsights_sitenote_active":false,"_monsterinsights_sitenote_note":"","_monsterinsights_sitenote_category":0,"_joinchat":[]},"product_cat":[25],"product_tag":[32,22,44],"aioseo_notices":[],"_links":{"self":[{"href":"https:\/\/ideiasup.com.br\/lojaup\/wp-json\/wp\/v2\/product\/1313"}],"collection":[{"href":"https:\/\/ideiasup.com.br\/lojaup\/wp-json\/wp\/v2\/product"}],"about":[{"href":"https:\/\/ideiasup.com.br\/lojaup\/wp-json\/wp\/v2\/types\/product"}],"replies":[{"embeddable":true,"href":"https:\/\/ideiasup.com.br\/lojaup\/wp-json\/wp\/v2\/comments?post=1313"}],"version-history":[{"count":6,"href":"https:\/\/ideiasup.com.br\/lojaup\/wp-json\/wp\/v2\/product\/1313\/revisions"}],"predecessor-version":[{"id":5684,"href":"https:\/\/ideiasup.com.br\/lojaup\/wp-json\/wp\/v2\/product\/1313\/revisions\/5684"}],"wp:featuredmedia":[{"embeddable":true,"href":"https:\/\/ideiasup.com.br\/lojaup\/wp-json\/wp\/v2\/media\/5589"}],"wp:attachment":[{"href":"https:\/\/ideiasup.com.br\/lojaup\/wp-json\/wp\/v2\/media?parent=1313"}],"wp:term":[{"taxonomy":"product_cat","embeddable":true,"href":"https:\/\/ideiasup.com.br\/lojaup\/wp-json\/wp\/v2\/product_cat?post=1313"},{"taxonomy":"product_tag","embeddable":true,"href":"https:\/\/ideiasup.com.br\/lojaup\/wp-json\/wp\/v2\/product_tag?post=1313"}],"curies":[{"name":"wp","href":"https:\/\/api.w.org\/{rel}","templated":true}]}}