{"id":1319,"date":"2021-12-30T11:47:17","date_gmt":"2021-12-30T14:47:17","guid":{"rendered":"https:\/\/ideiasup.com.br\/lojaup\/?post_type=product&#038;p=1319"},"modified":"2024-04-16T17:12:45","modified_gmt":"2024-04-16T20:12:45","slug":"lp-leitura-e-memorizacao","status":"publish","type":"product","link":"https:\/\/ideiasup.com.br\/lojaup\/escolas\/lp-leitura-e-memorizacao\/","title":{"rendered":"LP &#8211; Leitura e Memoriza\u00e7\u00e3o"},"content":{"rendered":"<p>Atividades de Leitura e Memoriza\u00e7\u00e3o &#8211; L\u00edngua Portuguesa.<\/p>\n<p>-Atividades com Poema O UNIVERSO<br \/>\n-Jogo de rimas<br \/>\n-Leitura &#8211; Palavras Simples<br \/>\n-Leitura de palavras &#8211; M\u00e9todo f\u00f4nico<br \/>\n-Registro de leitura<\/p>\n<p style=\"text-align: center;\"><strong>Lembre-se: essa \u00e9 uma atividade exclusiva da EnsinaUP e n\u00e3o est\u00e1 autorizada a comercializa\u00e7\u00e3o e compartilhamento da mesma. Lei de direitos autorais 9.610\/98<\/strong><\/p>\n","protected":false},"excerpt":{"rendered":"<p>Atividades de Leitura e Memoriza\u00e7\u00e3o.<\/p>\n","protected":false},"featured_media":5602,"comment_status":"open","ping_status":"closed","template":"","meta":{"om_disable_all_campaigns":false,"_monsterinsights_skip_tracking":false,"_monsterinsights_sitenote_active":false,"_monsterinsights_sitenote_note":"","_monsterinsights_sitenote_category":0,"_joinchat":[]},"product_cat":[25],"product_tag":[32,22,44],"aioseo_notices":[],"_links":{"self":[{"href":"https:\/\/ideiasup.com.br\/lojaup\/wp-json\/wp\/v2\/product\/1319"}],"collection":[{"href":"https:\/\/ideiasup.com.br\/lojaup\/wp-json\/wp\/v2\/product"}],"about":[{"href":"https:\/\/ideiasup.com.br\/lojaup\/wp-json\/wp\/v2\/types\/product"}],"replies":[{"embeddable":true,"href":"https:\/\/ideiasup.com.br\/lojaup\/wp-json\/wp\/v2\/comments?post=1319"}],"version-history":[{"count":5,"href":"https:\/\/ideiasup.com.br\/lojaup\/wp-json\/wp\/v2\/product\/1319\/revisions"}],"predecessor-version":[{"id":5682,"href":"https:\/\/ideiasup.com.br\/lojaup\/wp-json\/wp\/v2\/product\/1319\/revisions\/5682"}],"wp:featuredmedia":[{"embeddable":true,"href":"https:\/\/ideiasup.com.br\/lojaup\/wp-json\/wp\/v2\/media\/5602"}],"wp:attachment":[{"href":"https:\/\/ideiasup.com.br\/lojaup\/wp-json\/wp\/v2\/media?parent=1319"}],"wp:term":[{"taxonomy":"product_cat","embeddable":true,"href":"https:\/\/ideiasup.com.br\/lojaup\/wp-json\/wp\/v2\/product_cat?post=1319"},{"taxonomy":"product_tag","embeddable":true,"href":"https:\/\/ideiasup.com.br\/lojaup\/wp-json\/wp\/v2\/product_tag?post=1319"}],"curies":[{"name":"wp","href":"https:\/\/api.w.org\/{rel}","templated":true}]}}