{"id":1324,"date":"2021-12-30T11:50:49","date_gmt":"2021-12-30T14:50:49","guid":{"rendered":"https:\/\/ideiasup.com.br\/lojaup\/?post_type=product&#038;p=1324"},"modified":"2024-04-16T17:18:06","modified_gmt":"2024-04-16T20:18:06","slug":"lp-palavras-e-frases","status":"publish","type":"product","link":"https:\/\/ideiasup.com.br\/lojaup\/escolas\/lp-palavras-e-frases\/","title":{"rendered":"LP &#8211; Palavras e Frases"},"content":{"rendered":"<p>Atividades com Palavras e Frases &#8211; L\u00edngua Portuguesa.<\/p>\n<p>-Bingo de palavras simples<br \/>\n-Formando frases &#8211; Parte 1<br \/>\n-Formando frases &#8211; Parte 2<br \/>\n-Jogo da mem\u00f3ria &#8211; Masculino e Feminino<br \/>\n-Separe as palavras<br \/>\n-Singular e Plural<br \/>\n-Sin\u00f4nimo e Ant\u00f4nimo<br \/>\n-Uso do dicion\u00e1rio<\/p>\n<p style=\"text-align: center;\"><strong>Lembre-se: essa \u00e9 uma atividade exclusiva da EnsinaUP e n\u00e3o est\u00e1 autorizada a comercializa\u00e7\u00e3o e compartilhamento da mesma. Lei de direitos autorais 9.610\/98<\/strong><\/p>\n","protected":false},"excerpt":{"rendered":"<p>Atividades com Palavras e Frases.<\/p>\n","protected":false},"featured_media":5612,"comment_status":"open","ping_status":"closed","template":"","meta":{"om_disable_all_campaigns":false,"_monsterinsights_skip_tracking":false,"_monsterinsights_sitenote_active":false,"_monsterinsights_sitenote_note":"","_monsterinsights_sitenote_category":0,"_joinchat":[]},"product_cat":[25],"product_tag":[32,22,44],"aioseo_notices":[],"_links":{"self":[{"href":"https:\/\/ideiasup.com.br\/lojaup\/wp-json\/wp\/v2\/product\/1324"}],"collection":[{"href":"https:\/\/ideiasup.com.br\/lojaup\/wp-json\/wp\/v2\/product"}],"about":[{"href":"https:\/\/ideiasup.com.br\/lojaup\/wp-json\/wp\/v2\/types\/product"}],"replies":[{"embeddable":true,"href":"https:\/\/ideiasup.com.br\/lojaup\/wp-json\/wp\/v2\/comments?post=1324"}],"version-history":[{"count":5,"href":"https:\/\/ideiasup.com.br\/lojaup\/wp-json\/wp\/v2\/product\/1324\/revisions"}],"predecessor-version":[{"id":5680,"href":"https:\/\/ideiasup.com.br\/lojaup\/wp-json\/wp\/v2\/product\/1324\/revisions\/5680"}],"wp:featuredmedia":[{"embeddable":true,"href":"https:\/\/ideiasup.com.br\/lojaup\/wp-json\/wp\/v2\/media\/5612"}],"wp:attachment":[{"href":"https:\/\/ideiasup.com.br\/lojaup\/wp-json\/wp\/v2\/media?parent=1324"}],"wp:term":[{"taxonomy":"product_cat","embeddable":true,"href":"https:\/\/ideiasup.com.br\/lojaup\/wp-json\/wp\/v2\/product_cat?post=1324"},{"taxonomy":"product_tag","embeddable":true,"href":"https:\/\/ideiasup.com.br\/lojaup\/wp-json\/wp\/v2\/product_tag?post=1324"}],"curies":[{"name":"wp","href":"https:\/\/api.w.org\/{rel}","templated":true}]}}