{"id":1354,"date":"2021-12-30T14:26:26","date_gmt":"2021-12-30T17:26:26","guid":{"rendered":"https:\/\/ideiasup.com.br\/lojaup\/?post_type=product&#038;p=1354"},"modified":"2024-04-16T17:27:46","modified_gmt":"2024-04-16T20:27:46","slug":"mt-adicao-e-subtracao-1","status":"publish","type":"product","link":"https:\/\/ideiasup.com.br\/lojaup\/escolas\/mt-adicao-e-subtracao-1\/","title":{"rendered":"MT &#8211; Adi\u00e7\u00e3o e Subtra\u00e7\u00e3o 1"},"content":{"rendered":"<p>Atividades de Adi\u00e7\u00e3o e Subtra\u00e7\u00e3o &#8211; Matem\u00e1tica.<\/p>\n<p>-Adi\u00e7\u00e3o simples<br \/>\n-Adi\u00e7\u00e3o com decomposi\u00e7\u00e3o<br \/>\n-Adi\u00e7\u00e3o com legenda<br \/>\n-Adi\u00e7\u00e3o e Subtra\u00e7\u00e3o<br \/>\n-Adi\u00e7\u00e3o e Subtra\u00e7\u00e3o com desenhos<br \/>\n-Adi\u00e7\u00e3o e Subtra\u00e7\u00e3o com domin\u00f3<br \/>\n-Casinha da Matem\u00e1tica<br \/>\n-Conta misteriosa<br \/>\n-Fact Family<br \/>\n-Flor das contas<br \/>\n-Jogo da velha &#8211; Adi\u00e7\u00e3o<br \/>\n-Jogo Soma 10<br \/>\n-Matem\u00e1tica dos bal\u00f5es<br \/>\n-Number Bonds<br \/>\n-Qual a conta certa?<br \/>\n-Qual a soma correta?<br \/>\n-Subtra\u00e7\u00e3o<br \/>\n-Usando o Tico e o Teco (Soma e subtra\u00e7\u00e3o com figuras)<\/p>\n<p style=\"text-align: center;\"><strong>Lembre-se: essa \u00e9 uma atividade exclusiva da EnsinaUP e n\u00e3o est\u00e1 autorizada a comercializa\u00e7\u00e3o e compartilhamento da mesma. Lei de direitos autorais 9.610\/98<\/strong><\/p>\n","protected":false},"excerpt":{"rendered":"<p>Atividades de Adi\u00e7\u00e3o e Subtra\u00e7\u00e3o Volume 1.<\/p>\n","protected":false},"featured_media":5635,"comment_status":"open","ping_status":"closed","template":"","meta":{"om_disable_all_campaigns":false,"_monsterinsights_skip_tracking":false,"_monsterinsights_sitenote_active":false,"_monsterinsights_sitenote_note":"","_monsterinsights_sitenote_category":0,"_joinchat":[]},"product_cat":[25],"product_tag":[32,22,44],"aioseo_notices":[],"_links":{"self":[{"href":"https:\/\/ideiasup.com.br\/lojaup\/wp-json\/wp\/v2\/product\/1354"}],"collection":[{"href":"https:\/\/ideiasup.com.br\/lojaup\/wp-json\/wp\/v2\/product"}],"about":[{"href":"https:\/\/ideiasup.com.br\/lojaup\/wp-json\/wp\/v2\/types\/product"}],"replies":[{"embeddable":true,"href":"https:\/\/ideiasup.com.br\/lojaup\/wp-json\/wp\/v2\/comments?post=1354"}],"version-history":[{"count":5,"href":"https:\/\/ideiasup.com.br\/lojaup\/wp-json\/wp\/v2\/product\/1354\/revisions"}],"predecessor-version":[{"id":5676,"href":"https:\/\/ideiasup.com.br\/lojaup\/wp-json\/wp\/v2\/product\/1354\/revisions\/5676"}],"wp:featuredmedia":[{"embeddable":true,"href":"https:\/\/ideiasup.com.br\/lojaup\/wp-json\/wp\/v2\/media\/5635"}],"wp:attachment":[{"href":"https:\/\/ideiasup.com.br\/lojaup\/wp-json\/wp\/v2\/media?parent=1354"}],"wp:term":[{"taxonomy":"product_cat","embeddable":true,"href":"https:\/\/ideiasup.com.br\/lojaup\/wp-json\/wp\/v2\/product_cat?post=1354"},{"taxonomy":"product_tag","embeddable":true,"href":"https:\/\/ideiasup.com.br\/lojaup\/wp-json\/wp\/v2\/product_tag?post=1354"}],"curies":[{"name":"wp","href":"https:\/\/api.w.org\/{rel}","templated":true}]}}