{"id":1356,"date":"2021-12-30T14:33:05","date_gmt":"2021-12-30T17:33:05","guid":{"rendered":"https:\/\/ideiasup.com.br\/lojaup\/?post_type=product&#038;p=1356"},"modified":"2024-04-16T17:31:47","modified_gmt":"2024-04-16T20:31:47","slug":"mt-adicao-e-subtracao-2","status":"publish","type":"product","link":"https:\/\/ideiasup.com.br\/lojaup\/escolas\/mt-adicao-e-subtracao-2\/","title":{"rendered":"MT &#8211; Adi\u00e7\u00e3o e Subtra\u00e7\u00e3o 2"},"content":{"rendered":"<p>Atividades de Adi\u00e7\u00e3o e Subtra\u00e7\u00e3o &#8211; Matem\u00e1tica.<\/p>\n<p>-Adi\u00e7\u00e3o com dados<br \/>\n-Adi\u00e7\u00e3o e desafios<br \/>\n-Adi\u00e7\u00e3o e Subtra\u00e7\u00e3o &#8211; Lista<br \/>\n-Adi\u00e7\u00e3o e Subtra\u00e7\u00e3o de ligar<br \/>\n-Adi\u00e7\u00e3o e Subtra\u00e7\u00e3o para desenhar<br \/>\n-Adi\u00e7\u00e3o<br \/>\n-Atividades de subtra\u00e7\u00e3o<br \/>\n-Desafios de Adi\u00e7\u00e3o<br \/>\n-Desafios de Subtra\u00e7\u00e3o<br \/>\n-Folha Quadriculada<br \/>\n-Jogo da mem\u00f3ria &#8211; Adi\u00e7\u00e3o e Subtra\u00e7\u00e3o<br \/>\n-Jogue o dado e calcule<br \/>\n-Lista de Contas &#8211; Adi\u00e7\u00e3o e Subtra\u00e7\u00e3o<br \/>\n-N\u00fameros Conectados<br \/>\n-Pintura com contas<br \/>\n-Qual o sinal?<br \/>\n-Subtra\u00e7\u00e3o com desenhos<\/p>\n<p style=\"text-align: center;\"><strong>Lembre-se: essa \u00e9 uma atividade exclusiva da EnsinaUP e n\u00e3o est\u00e1 autorizada a comercializa\u00e7\u00e3o e compartilhamento da mesma. Lei de direitos autorais 9.610\/98<\/strong><\/p>\n","protected":false},"excerpt":{"rendered":"<p>Atividades de Adi\u00e7\u00e3o e Subtra\u00e7\u00e3o Volume 2.<\/p>\n","protected":false},"featured_media":5641,"comment_status":"open","ping_status":"closed","template":"","meta":{"om_disable_all_campaigns":false,"_monsterinsights_skip_tracking":false,"_monsterinsights_sitenote_active":false,"_monsterinsights_sitenote_note":"","_monsterinsights_sitenote_category":0,"_joinchat":[]},"product_cat":[25],"product_tag":[32,22,44],"aioseo_notices":[],"_links":{"self":[{"href":"https:\/\/ideiasup.com.br\/lojaup\/wp-json\/wp\/v2\/product\/1356"}],"collection":[{"href":"https:\/\/ideiasup.com.br\/lojaup\/wp-json\/wp\/v2\/product"}],"about":[{"href":"https:\/\/ideiasup.com.br\/lojaup\/wp-json\/wp\/v2\/types\/product"}],"replies":[{"embeddable":true,"href":"https:\/\/ideiasup.com.br\/lojaup\/wp-json\/wp\/v2\/comments?post=1356"}],"version-history":[{"count":5,"href":"https:\/\/ideiasup.com.br\/lojaup\/wp-json\/wp\/v2\/product\/1356\/revisions"}],"predecessor-version":[{"id":5675,"href":"https:\/\/ideiasup.com.br\/lojaup\/wp-json\/wp\/v2\/product\/1356\/revisions\/5675"}],"wp:featuredmedia":[{"embeddable":true,"href":"https:\/\/ideiasup.com.br\/lojaup\/wp-json\/wp\/v2\/media\/5641"}],"wp:attachment":[{"href":"https:\/\/ideiasup.com.br\/lojaup\/wp-json\/wp\/v2\/media?parent=1356"}],"wp:term":[{"taxonomy":"product_cat","embeddable":true,"href":"https:\/\/ideiasup.com.br\/lojaup\/wp-json\/wp\/v2\/product_cat?post=1356"},{"taxonomy":"product_tag","embeddable":true,"href":"https:\/\/ideiasup.com.br\/lojaup\/wp-json\/wp\/v2\/product_tag?post=1356"}],"curies":[{"name":"wp","href":"https:\/\/api.w.org\/{rel}","templated":true}]}}