{"id":1361,"date":"2021-12-30T15:08:09","date_gmt":"2021-12-30T18:08:09","guid":{"rendered":"https:\/\/ideiasup.com.br\/lojaup\/?post_type=product&#038;p=1361"},"modified":"2024-04-16T17:35:33","modified_gmt":"2024-04-16T20:35:33","slug":"mt-multiplicacao-e-divisao","status":"publish","type":"product","link":"https:\/\/ideiasup.com.br\/lojaup\/escolas\/mt-multiplicacao-e-divisao\/","title":{"rendered":"MT &#8211; Multiplica\u00e7\u00e3o e Divis\u00e3o"},"content":{"rendered":"<p>Atividades de Multiplica\u00e7\u00e3o e Divis\u00e3o &#8211; Matem\u00e1tica.<\/p>\n<p>-Contas de matem\u00e1tica \u2013 Voc\u00ea cria!<br \/>\n-Fact Family<br \/>\n-Folha Quadriculada<br \/>\n-Jogue o dado e calcule<br \/>\n-Multiplica\u00e7\u00e3o por 10 e 100<br \/>\n-Multiplica\u00e7\u00e3o simples<br \/>\n-Multiplica\u00e7\u00e3o simples \u2013 Conta armada Parte 1<br \/>\n-Multiplica\u00e7\u00e3o simples \u2013 Conta armada Parte 2<br \/>\n-Tabuada Van Gogh<\/p>\n<p style=\"text-align: center;\"><strong>Lembre-se: essa \u00e9 uma atividade exclusiva da EnsinaUP e n\u00e3o est\u00e1 autorizada a comercializa\u00e7\u00e3o e compartilhamento da mesma. Lei de direitos autorais 9.610\/98<\/strong><\/p>\n","protected":false},"excerpt":{"rendered":"<p>Atividades de Multiplica\u00e7\u00e3o e Divis\u00e3o Volume 1.<\/p>\n","protected":false},"featured_media":5651,"comment_status":"open","ping_status":"closed","template":"","meta":{"om_disable_all_campaigns":false,"_monsterinsights_skip_tracking":false,"_monsterinsights_sitenote_active":false,"_monsterinsights_sitenote_note":"","_monsterinsights_sitenote_category":0,"_joinchat":[]},"product_cat":[25],"product_tag":[32,22,44],"aioseo_notices":[],"_links":{"self":[{"href":"https:\/\/ideiasup.com.br\/lojaup\/wp-json\/wp\/v2\/product\/1361"}],"collection":[{"href":"https:\/\/ideiasup.com.br\/lojaup\/wp-json\/wp\/v2\/product"}],"about":[{"href":"https:\/\/ideiasup.com.br\/lojaup\/wp-json\/wp\/v2\/types\/product"}],"replies":[{"embeddable":true,"href":"https:\/\/ideiasup.com.br\/lojaup\/wp-json\/wp\/v2\/comments?post=1361"}],"version-history":[{"count":8,"href":"https:\/\/ideiasup.com.br\/lojaup\/wp-json\/wp\/v2\/product\/1361\/revisions"}],"predecessor-version":[{"id":5652,"href":"https:\/\/ideiasup.com.br\/lojaup\/wp-json\/wp\/v2\/product\/1361\/revisions\/5652"}],"wp:featuredmedia":[{"embeddable":true,"href":"https:\/\/ideiasup.com.br\/lojaup\/wp-json\/wp\/v2\/media\/5651"}],"wp:attachment":[{"href":"https:\/\/ideiasup.com.br\/lojaup\/wp-json\/wp\/v2\/media?parent=1361"}],"wp:term":[{"taxonomy":"product_cat","embeddable":true,"href":"https:\/\/ideiasup.com.br\/lojaup\/wp-json\/wp\/v2\/product_cat?post=1361"},{"taxonomy":"product_tag","embeddable":true,"href":"https:\/\/ideiasup.com.br\/lojaup\/wp-json\/wp\/v2\/product_tag?post=1361"}],"curies":[{"name":"wp","href":"https:\/\/api.w.org\/{rel}","templated":true}]}}