{"id":1363,"date":"2021-12-30T15:09:32","date_gmt":"2021-12-30T18:09:32","guid":{"rendered":"https:\/\/ideiasup.com.br\/lojaup\/?post_type=product&#038;p=1363"},"modified":"2024-04-16T17:39:23","modified_gmt":"2024-04-16T20:39:23","slug":"mt-unidade-dezena-centena","status":"publish","type":"product","link":"https:\/\/ideiasup.com.br\/lojaup\/escolas\/mt-unidade-dezena-centena\/","title":{"rendered":"MT &#8211; Unidade Dezena Centena"},"content":{"rendered":"<p>Atividades com\u00a0Unidade Dezena Centena &#8211; Matem\u00e1tica.<\/p>\n<p>-Antecessor e Sucessor<br \/>\n-Dezena e Unidade com Material Dourado<br \/>\n-Dezena e Unidade &#8211; Tabela<br \/>\n-Fichas sobrepostas<br \/>\n-Sistema de Numera\u00e7\u00e3o Decimal 1<br \/>\n-Sistema de Numera\u00e7\u00e3o Decimal 2<br \/>\n-Tabela do Sistema de Numera\u00e7\u00e3o Decimal<br \/>\n-Tabela e fichas \u2013 centena, dezena e unidade<br \/>\n-Trabalhando a Dezena<\/p>\n<p style=\"text-align: center;\"><strong>Lembre-se: essa \u00e9 uma atividade exclusiva da EnsinaUP e n\u00e3o est\u00e1 autorizada a comercializa\u00e7\u00e3o e compartilhamento da mesma. Lei de direitos autorais 9.610\/98<\/strong><\/p>\n","protected":false},"excerpt":{"rendered":"<p>Atividades com Unidade Dezena Centena.<\/p>\n","protected":false},"featured_media":5659,"comment_status":"open","ping_status":"closed","template":"","meta":{"om_disable_all_campaigns":false,"_monsterinsights_skip_tracking":false,"_monsterinsights_sitenote_active":false,"_monsterinsights_sitenote_note":"","_monsterinsights_sitenote_category":0,"_joinchat":[]},"product_cat":[25],"product_tag":[32,22,44],"aioseo_notices":[],"_links":{"self":[{"href":"https:\/\/ideiasup.com.br\/lojaup\/wp-json\/wp\/v2\/product\/1363"}],"collection":[{"href":"https:\/\/ideiasup.com.br\/lojaup\/wp-json\/wp\/v2\/product"}],"about":[{"href":"https:\/\/ideiasup.com.br\/lojaup\/wp-json\/wp\/v2\/types\/product"}],"replies":[{"embeddable":true,"href":"https:\/\/ideiasup.com.br\/lojaup\/wp-json\/wp\/v2\/comments?post=1363"}],"version-history":[{"count":5,"href":"https:\/\/ideiasup.com.br\/lojaup\/wp-json\/wp\/v2\/product\/1363\/revisions"}],"predecessor-version":[{"id":5657,"href":"https:\/\/ideiasup.com.br\/lojaup\/wp-json\/wp\/v2\/product\/1363\/revisions\/5657"}],"wp:featuredmedia":[{"embeddable":true,"href":"https:\/\/ideiasup.com.br\/lojaup\/wp-json\/wp\/v2\/media\/5659"}],"wp:attachment":[{"href":"https:\/\/ideiasup.com.br\/lojaup\/wp-json\/wp\/v2\/media?parent=1363"}],"wp:term":[{"taxonomy":"product_cat","embeddable":true,"href":"https:\/\/ideiasup.com.br\/lojaup\/wp-json\/wp\/v2\/product_cat?post=1363"},{"taxonomy":"product_tag","embeddable":true,"href":"https:\/\/ideiasup.com.br\/lojaup\/wp-json\/wp\/v2\/product_tag?post=1363"}],"curies":[{"name":"wp","href":"https:\/\/api.w.org\/{rel}","templated":true}]}}