{"id":1444,"date":"2021-12-30T17:33:46","date_gmt":"2021-12-30T20:33:46","guid":{"rendered":"https:\/\/ideiasup.com.br\/lojaup\/?post_type=product&#038;p=1444"},"modified":"2024-04-16T14:32:06","modified_gmt":"2024-04-16T17:32:06","slug":"em-busca-da-gratidao","status":"publish","type":"product","link":"https:\/\/ideiasup.com.br\/lojaup\/escolas\/em-busca-da-gratidao\/","title":{"rendered":"Em busca da gratid\u00e3o"},"content":{"rendered":"<p>Ol\u00e1 Fam\u00edliaUP!<\/p>\n<p>Hoje acordei pensando em como falar da gradeza de Deus com minhas filhas de uma forma que elas compreendam.<br \/>\nBom, crian\u00e7a \u00e9 concreto&#8230; ent\u00e3o pensei em falar de Deus mostrando a natureza.<br \/>\nSim! Acredito que seja a melhor forma e a mais bela.<br \/>\nPara isso preparei a atividade Caminhada pelas maravilhas de Deus, em que a crian\u00e7a, atrav\u00e9s da natureza poder\u00e1 apreciar a sua beleza de uma forma divertida e diferente.<br \/>\nEspero que voc\u00ea goste e use esse momento para ajudar o seu filho a amar Deus!<\/p>\n<p>Abra\u00e7os,<br \/>\nJu<\/p>\n<p style=\"text-align: center;\"><strong>Lembre-se: essa \u00e9 uma atividade exclusiva da EnsinaUP e n\u00e3o est\u00e1 autorizada a comercializa\u00e7\u00e3o e compartilhamento da mesma. Lei de direitos autorais 9.610\/98<\/strong><\/p>\n","protected":false},"excerpt":{"rendered":"<p>Ol\u00e1 Fam\u00edliaUP! Hoje acordei pensando em como falar da gradeza de Deus com minhas filhas de uma forma que elas&hellip;<\/p>\n","protected":false},"featured_media":1978,"comment_status":"open","ping_status":"closed","template":"","meta":{"om_disable_all_campaigns":false,"_monsterinsights_skip_tracking":false,"_monsterinsights_sitenote_active":false,"_monsterinsights_sitenote_note":"","_monsterinsights_sitenote_category":0,"_joinchat":[]},"product_cat":[16],"product_tag":[32,22,44],"aioseo_notices":[],"_links":{"self":[{"href":"https:\/\/ideiasup.com.br\/lojaup\/wp-json\/wp\/v2\/product\/1444"}],"collection":[{"href":"https:\/\/ideiasup.com.br\/lojaup\/wp-json\/wp\/v2\/product"}],"about":[{"href":"https:\/\/ideiasup.com.br\/lojaup\/wp-json\/wp\/v2\/types\/product"}],"replies":[{"embeddable":true,"href":"https:\/\/ideiasup.com.br\/lojaup\/wp-json\/wp\/v2\/comments?post=1444"}],"version-history":[{"count":2,"href":"https:\/\/ideiasup.com.br\/lojaup\/wp-json\/wp\/v2\/product\/1444\/revisions"}],"predecessor-version":[{"id":1446,"href":"https:\/\/ideiasup.com.br\/lojaup\/wp-json\/wp\/v2\/product\/1444\/revisions\/1446"}],"wp:featuredmedia":[{"embeddable":true,"href":"https:\/\/ideiasup.com.br\/lojaup\/wp-json\/wp\/v2\/media\/1978"}],"wp:attachment":[{"href":"https:\/\/ideiasup.com.br\/lojaup\/wp-json\/wp\/v2\/media?parent=1444"}],"wp:term":[{"taxonomy":"product_cat","embeddable":true,"href":"https:\/\/ideiasup.com.br\/lojaup\/wp-json\/wp\/v2\/product_cat?post=1444"},{"taxonomy":"product_tag","embeddable":true,"href":"https:\/\/ideiasup.com.br\/lojaup\/wp-json\/wp\/v2\/product_tag?post=1444"}],"curies":[{"name":"wp","href":"https:\/\/api.w.org\/{rel}","templated":true}]}}