{"id":2859,"date":"2022-02-18T13:46:54","date_gmt":"2022-02-18T16:46:54","guid":{"rendered":"https:\/\/ideiasup.com.br\/lojaup\/?post_type=product&#038;p=2859"},"modified":"2024-04-16T14:33:55","modified_gmt":"2024-04-16T17:33:55","slug":"linha-do-tempo-historia","status":"publish","type":"product","link":"https:\/\/ideiasup.com.br\/lojaup\/escolas\/linha-do-tempo-historia\/","title":{"rendered":"Linha do Tempo &#8211; Hist\u00f3ria"},"content":{"rendered":"<p>Ol\u00e1 Fam\u00edliaUP!<\/p>\n<div dir=\"ltr\">Linha do tempo de Hist\u00f3ria<\/div>\n<div dir=\"ltr\"><\/div>\n<div dir=\"ltr\">\n<div>\n<p>Ontem iniciamos formalmente as nossas aulas de hist\u00f3ria, aprendendo a import\u00e2ncia de estudar tal disciplina, nos encontrando na Linha do Tempo e compreendendo que n\u00f3s escrevemos todos os dias a nossa hist\u00f3ria e que isso contribui para a hist\u00f3ria da humanidade.<\/p>\n<p>Quando a crian\u00e7a compreende que ela faz hist\u00f3ria todos os dias, a responsabilidade pelas suas atitudes aumenta. Ela passa a refletir sobre cada ato &#8211; \u00e9 muito bonito!<\/p>\n<p>Como pais, devemos nesse momento fomentar no cora\u00e7\u00e3o dos nossos filhos o desejo de fazer a diferen\u00e7a, de deixar a sua marca na hist\u00f3ria&#8230; Uma marca de boas atitudes, uma marca de exemplo a ser lembrado e seguido, uma marca de f\u00e9 e temor \u00e0 Deus&#8230;<\/p>\n<p>A hist\u00f3ria teve in\u00edcio em G\u00eaneses e continuar\u00e1 at\u00e9 que o Senhor venha.<br \/>\nAt\u00e9 l\u00e1, que tipo de hist\u00f3ria voc\u00ea pretende escrever?<\/p>\n<\/div>\n<\/div>\n<div dir=\"ltr\">No PDF voc\u00ea encontrar\u00e1 a Linha do Tempo Geral com os principais acontecimentos.<\/div>\n<p>Abra\u00e7os,<\/p>\n<p><span style=\"vertical-align: inherit;\"><span style=\"vertical-align: inherit;\"><span style=\"vertical-align: inherit;\"><span style=\"vertical-align: inherit;\"><span style=\"vertical-align: inherit;\"><span style=\"vertical-align: inherit;\">Ju<\/span><\/span><\/span><\/span><\/span><\/span><\/p>\n<p style=\"text-align: center;\"><strong>Lembre-se: essa \u00e9 uma atividade exclusiva da EnsinaUP e n\u00e3o est\u00e1 autorizada a comercializa\u00e7\u00e3o e compartilhamento da mesma. Lei de direitos autorais 9.610\/98<\/strong><\/p>\n","protected":false},"excerpt":{"rendered":"<p>Ol\u00e1 Fam\u00edliaUP! Linha do tempo de Hist\u00f3ria Ontem iniciamos formalmente as nossas aulas de hist\u00f3ria, aprendendo a import\u00e2ncia de estudar&hellip;<\/p>\n","protected":false},"featured_media":2883,"comment_status":"open","ping_status":"closed","template":"","meta":{"om_disable_all_campaigns":false,"_monsterinsights_skip_tracking":false,"_monsterinsights_sitenote_active":false,"_monsterinsights_sitenote_note":"","_monsterinsights_sitenote_category":0,"_joinchat":[]},"product_cat":[25],"product_tag":[32,22,44],"aioseo_notices":[],"_links":{"self":[{"href":"https:\/\/ideiasup.com.br\/lojaup\/wp-json\/wp\/v2\/product\/2859"}],"collection":[{"href":"https:\/\/ideiasup.com.br\/lojaup\/wp-json\/wp\/v2\/product"}],"about":[{"href":"https:\/\/ideiasup.com.br\/lojaup\/wp-json\/wp\/v2\/types\/product"}],"replies":[{"embeddable":true,"href":"https:\/\/ideiasup.com.br\/lojaup\/wp-json\/wp\/v2\/comments?post=2859"}],"version-history":[{"count":2,"href":"https:\/\/ideiasup.com.br\/lojaup\/wp-json\/wp\/v2\/product\/2859\/revisions"}],"predecessor-version":[{"id":2870,"href":"https:\/\/ideiasup.com.br\/lojaup\/wp-json\/wp\/v2\/product\/2859\/revisions\/2870"}],"wp:featuredmedia":[{"embeddable":true,"href":"https:\/\/ideiasup.com.br\/lojaup\/wp-json\/wp\/v2\/media\/2883"}],"wp:attachment":[{"href":"https:\/\/ideiasup.com.br\/lojaup\/wp-json\/wp\/v2\/media?parent=2859"}],"wp:term":[{"taxonomy":"product_cat","embeddable":true,"href":"https:\/\/ideiasup.com.br\/lojaup\/wp-json\/wp\/v2\/product_cat?post=2859"},{"taxonomy":"product_tag","embeddable":true,"href":"https:\/\/ideiasup.com.br\/lojaup\/wp-json\/wp\/v2\/product_tag?post=2859"}],"curies":[{"name":"wp","href":"https:\/\/api.w.org\/{rel}","templated":true}]}}