{"id":2904,"date":"2022-02-21T09:30:49","date_gmt":"2022-02-21T12:30:49","guid":{"rendered":"https:\/\/ideiasup.com.br\/lojaup\/?post_type=product&#038;p=2904"},"modified":"2024-12-06T20:50:23","modified_gmt":"2024-12-06T23:50:23","slug":"caligrafia-e-memorizacao-catequese-parte-1","status":"publish","type":"product","link":"https:\/\/ideiasup.com.br\/lojaup\/escolas\/caligrafia-e-memorizacao-catequese-parte-1\/","title":{"rendered":"Caligrafia e Memoriza\u00e7\u00e3o \ud83d\ude4f\ud83c\udffb \ud83d\ude4f\ud83c\udffb Catequese \ud83d\ude4f\ud83c\udffb \ud83d\ude4f\ud83c\udffb Parte 1"},"content":{"rendered":"<p><strong><span style=\"vertical-align: inherit;\"><span style=\"vertical-align: inherit;\"><span style=\"vertical-align: inherit;\"><span style=\"vertical-align: inherit;\"><span style=\"vertical-align: inherit;\"><span style=\"vertical-align: inherit;\"><span style=\"vertical-align: inherit;\"><span style=\"vertical-align: inherit;\">Tema:<\/span><\/span><\/span><\/span><\/span><\/span><\/span><\/span><\/strong><span style=\"vertical-align: inherit;\"><span style=\"vertical-align: inherit;\"><span style=\"vertical-align: inherit;\"><span style=\"vertical-align: inherit;\"><span style=\"vertical-align: inherit;\"><span style=\"vertical-align: inherit;\"><span style=\"vertical-align: inherit;\"><span style=\"vertical-align: inherit;\">\u00a0Caligrafia e Memoriza\u00e7\u00e3o &#8211; Para os pais que desejam dar um UP na catequese &#8211; Parte 1<\/span><\/span><\/span><\/span><\/span><\/span><\/span><\/span><\/p>\n<p><strong><span style=\"vertical-align: inherit;\"><span style=\"vertical-align: inherit;\"><span style=\"vertical-align: inherit;\"><span style=\"vertical-align: inherit;\"><span style=\"vertical-align: inherit;\"><span style=\"vertical-align: inherit;\"><span style=\"vertical-align: inherit;\"><span style=\"vertical-align: inherit;\">Indica\u00e7\u00e3o:<\/span><\/span><\/span><\/span><\/span><\/span><\/span><\/span><\/strong><span style=\"vertical-align: inherit;\"><span style=\"vertical-align: inherit;\"><span style=\"vertical-align: inherit;\"><span style=\"vertical-align: inherit;\"><span style=\"vertical-align: inherit;\"><span style=\"vertical-align: inherit;\"><span style=\"vertical-align: inherit;\"><span style=\"vertical-align: inherit;\">\u00a0Para crian\u00e7as alfabetizadas<\/span><\/span><\/span><\/span><\/span><\/span><\/span><\/span><\/p>\n<p><strong><span style=\"vertical-align: inherit;\"><span style=\"vertical-align: inherit;\"><span style=\"vertical-align: inherit;\"><span style=\"vertical-align: inherit;\"><span style=\"vertical-align: inherit;\"><span style=\"vertical-align: inherit;\"><span style=\"vertical-align: inherit;\"><span style=\"vertical-align: inherit;\">Objetivo:<\/span><\/span><\/span><\/span><\/span><\/span><\/span><\/span><\/strong><span style=\"vertical-align: inherit;\"><span style=\"vertical-align: inherit;\"><span style=\"vertical-align: inherit;\"><span style=\"vertical-align: inherit;\"><span style=\"vertical-align: inherit;\"><span style=\"vertical-align: inherit;\"><span style=\"vertical-align: inherit;\"><span style=\"vertical-align: inherit;\">\u00a0Com este E-BOOK, os pequenos podem praticar a escrita em letra cursiva enquanto t\u00eam contato com belos poemas que abordam a f\u00e9 crist\u00e3 e ajudam na catequese. Al\u00e9m de trabalhar a memoriza\u00e7\u00e3o de forma agrad\u00e1vel e simples.<\/span><\/span><\/span><\/span><\/span><\/span><\/span><\/span><\/p>\n<p><strong><span style=\"vertical-align: inherit;\"><span style=\"vertical-align: inherit;\"><span style=\"vertical-align: inherit;\"><span style=\"vertical-align: inherit;\"><span style=\"vertical-align: inherit;\"><span style=\"vertical-align: inherit;\"><span style=\"vertical-align: inherit;\"><span style=\"vertical-align: inherit;\">Composi\u00e7\u00e3o:<\/span><\/span><\/span><\/span><\/span><\/span><\/span><\/span><\/strong><span style=\"vertical-align: inherit;\"><span style=\"vertical-align: inherit;\"><span style=\"vertical-align: inherit;\"><span style=\"vertical-align: inherit;\"><span style=\"vertical-align: inherit;\"><span style=\"vertical-align: inherit;\"><span style=\"vertical-align: inherit;\"><span style=\"vertical-align: inherit;\">\u00a055 p\u00e1ginas<\/span><\/span><\/span><\/span><\/span><\/span><\/span><\/span><\/p>\n<p><strong><span style=\"vertical-align: inherit;\"><span style=\"vertical-align: inherit;\"><span style=\"vertical-align: inherit;\"><span style=\"vertical-align: inherit;\"><span style=\"vertical-align: inherit;\"><span style=\"vertical-align: inherit;\"><span style=\"vertical-align: inherit;\"><span style=\"vertical-align: inherit;\">Tipo de conte\u00fado:<\/span><\/span><\/span><\/span><\/span><\/span><\/span><\/span><\/strong><span style=\"vertical-align: inherit;\"><span style=\"vertical-align: inherit;\"><span style=\"vertical-align: inherit;\"><span style=\"vertical-align: inherit;\"><span style=\"vertical-align: inherit;\"><span style=\"vertical-align: inherit;\"><span style=\"vertical-align: inherit;\"><span style=\"vertical-align: inherit;\"> PDF (arquivo para download) \u2013 N\u00e3o ser\u00e1 enviado nenhum material f\u00edsico!<\/span><\/span><\/span><\/span><\/span><\/span><\/span><\/span><\/p>\n","protected":false},"excerpt":{"rendered":"<p><span style=\"vertical-align: inherit;\"><span style=\"vertical-align: inherit;\"><span style=\"vertical-align: inherit;\"><span style=\"vertical-align: inherit;\"><span style=\"vertical-align: inherit;\"><span style=\"vertical-align: inherit;\"><span style=\"vertical-align: inherit;\"><span style=\"vertical-align: inherit;\">Com este E-BOOK, os pequenos podem praticar a escrita em letra cursiva enquanto t\u00eam contato com belos poemas que abordam a f\u00e9 crist\u00e3 e ajudam na catequese. Al\u00e9m de trabalhar a memoriza\u00e7\u00e3o de forma agrad\u00e1vel e simples.<\/span><\/span><\/span><\/span><\/span><\/span><\/span><\/span><\/p>\n","protected":false},"featured_media":5526,"comment_status":"open","ping_status":"closed","template":"","meta":{"om_disable_all_campaigns":false,"_monsterinsights_skip_tracking":false,"_monsterinsights_sitenote_active":false,"_monsterinsights_sitenote_note":"","_monsterinsights_sitenote_category":0,"_joinchat":[]},"product_cat":[18,60],"product_tag":[24,22,19,23,20,21],"aioseo_notices":[],"_links":{"self":[{"href":"https:\/\/ideiasup.com.br\/lojaup\/wp-json\/wp\/v2\/product\/2904"}],"collection":[{"href":"https:\/\/ideiasup.com.br\/lojaup\/wp-json\/wp\/v2\/product"}],"about":[{"href":"https:\/\/ideiasup.com.br\/lojaup\/wp-json\/wp\/v2\/types\/product"}],"replies":[{"embeddable":true,"href":"https:\/\/ideiasup.com.br\/lojaup\/wp-json\/wp\/v2\/comments?post=2904"}],"version-history":[{"count":13,"href":"https:\/\/ideiasup.com.br\/lojaup\/wp-json\/wp\/v2\/product\/2904\/revisions"}],"predecessor-version":[{"id":5532,"href":"https:\/\/ideiasup.com.br\/lojaup\/wp-json\/wp\/v2\/product\/2904\/revisions\/5532"}],"wp:featuredmedia":[{"embeddable":true,"href":"https:\/\/ideiasup.com.br\/lojaup\/wp-json\/wp\/v2\/media\/5526"}],"wp:attachment":[{"href":"https:\/\/ideiasup.com.br\/lojaup\/wp-json\/wp\/v2\/media?parent=2904"}],"wp:term":[{"taxonomy":"product_cat","embeddable":true,"href":"https:\/\/ideiasup.com.br\/lojaup\/wp-json\/wp\/v2\/product_cat?post=2904"},{"taxonomy":"product_tag","embeddable":true,"href":"https:\/\/ideiasup.com.br\/lojaup\/wp-json\/wp\/v2\/product_tag?post=2904"}],"curies":[{"name":"wp","href":"https:\/\/api.w.org\/{rel}","templated":true}]}}