{"id":3313,"date":"2022-05-04T19:31:19","date_gmt":"2022-05-04T22:31:19","guid":{"rendered":"https:\/\/ideiasup.com.br\/lojaup\/?post_type=product&#038;p=3313"},"modified":"2024-12-06T20:54:11","modified_gmt":"2024-12-06T23:54:11","slug":"os-seres-vivos-e-sua-reproducao-impresso","status":"publish","type":"product","link":"https:\/\/ideiasup.com.br\/lojaup\/escolas\/os-seres-vivos-e-sua-reproducao-impresso\/","title":{"rendered":"OS SERES VIVOS E SUA REPRODU\u00c7\u00c3O Impresso"},"content":{"rendered":"<p><strong>Composi\u00e7\u00e3o:<\/strong> 35 p\u00e1ginas + Jogo da Mem\u00f3ria + Ciclo da Vida Borboleta.<\/p>\n<p><strong>B\u00f4nus:<\/strong> Planejamento completo para ajudar voc\u00ea na aplica\u00e7\u00e3o das atividades.<\/p>\n<p><strong>Tipo de conte\u00fado<\/strong>: PDF (arquivo para download) &#8211; N\u00e3o ser\u00e1 enviado nenhum material impresso!<\/p>\n<p><strong>Permiss\u00f5es:<\/strong> Uso familiar\/classe<\/p>\n<p><strong>Tema:<\/strong> Os seres vivos e sua reprodu\u00e7\u00e3o<\/p>\n<p><strong>Indica\u00e7\u00e3o:<\/strong> +5anos<\/p>\n<p><strong>Objetivo:<\/strong> Apostila criada com muito carinho para crian\u00e7as curiosas e questionadoras.<\/p>\n<p>&nbsp;<\/p>\n<p>&nbsp;<\/p>\n","protected":false},"excerpt":{"rendered":"<p>Composi\u00e7\u00e3o: 35 p\u00e1ginas + Jogo da Mem\u00f3ria + Ciclo da Vida Borboleta.<\/p>\n","protected":false},"featured_media":3329,"comment_status":"open","ping_status":"closed","template":"","meta":{"om_disable_all_campaigns":false,"_monsterinsights_skip_tracking":false,"_monsterinsights_sitenote_active":false,"_monsterinsights_sitenote_note":"","_monsterinsights_sitenote_category":0,"_joinchat":[]},"product_cat":[54,38],"product_tag":[24,22,19,23,20,21],"aioseo_notices":[],"_links":{"self":[{"href":"https:\/\/ideiasup.com.br\/lojaup\/wp-json\/wp\/v2\/product\/3313"}],"collection":[{"href":"https:\/\/ideiasup.com.br\/lojaup\/wp-json\/wp\/v2\/product"}],"about":[{"href":"https:\/\/ideiasup.com.br\/lojaup\/wp-json\/wp\/v2\/types\/product"}],"replies":[{"embeddable":true,"href":"https:\/\/ideiasup.com.br\/lojaup\/wp-json\/wp\/v2\/comments?post=3313"}],"version-history":[{"count":2,"href":"https:\/\/ideiasup.com.br\/lojaup\/wp-json\/wp\/v2\/product\/3313\/revisions"}],"predecessor-version":[{"id":4944,"href":"https:\/\/ideiasup.com.br\/lojaup\/wp-json\/wp\/v2\/product\/3313\/revisions\/4944"}],"wp:featuredmedia":[{"embeddable":true,"href":"https:\/\/ideiasup.com.br\/lojaup\/wp-json\/wp\/v2\/media\/3329"}],"wp:attachment":[{"href":"https:\/\/ideiasup.com.br\/lojaup\/wp-json\/wp\/v2\/media?parent=3313"}],"wp:term":[{"taxonomy":"product_cat","embeddable":true,"href":"https:\/\/ideiasup.com.br\/lojaup\/wp-json\/wp\/v2\/product_cat?post=3313"},{"taxonomy":"product_tag","embeddable":true,"href":"https:\/\/ideiasup.com.br\/lojaup\/wp-json\/wp\/v2\/product_tag?post=3313"}],"curies":[{"name":"wp","href":"https:\/\/api.w.org\/{rel}","templated":true}]}}