{"id":3342,"date":"2022-05-05T14:25:38","date_gmt":"2022-05-05T17:25:38","guid":{"rendered":"https:\/\/ideiasup.com.br\/lojaup\/?post_type=product&#038;p=3342"},"modified":"2024-09-24T16:16:23","modified_gmt":"2024-09-24T19:16:23","slug":"silabas-complexas-banco-de-palavras-impresso","status":"publish","type":"product","link":"https:\/\/ideiasup.com.br\/lojaup\/escolas\/silabas-complexas-banco-de-palavras-impresso\/","title":{"rendered":"S\u00edlabas Complexas &#8211; Banco de Palavras Impresso"},"content":{"rendered":"<p>\u00c9 uma apostila elaborada para ajudar na fixa\u00e7\u00e3o.<\/p>\n<p>S\u00e3o 40 p\u00e1ginas entre textos e palavras\u00a0 (bl, cl, fl, gl, pl, tl, br, cr, dr, fr, tr, gr, pr, vr, gu, +s, +r, +l, +n, lh, nh, ch).<\/p>\n<p>No final existe tamb\u00e9m uma folha para vocabul\u00e1rio, caligrafia e ditado que voc\u00ea pode imprimir quantas vezes precisar.<\/p>\n<p>S\u00e3o 40 p\u00e1ginas.\u00a0Todas em PDF.<\/p>\n<p>D\u00favidas entrar em contato com o nosso suporte t\u00e9cnico pelo e-mail\u00a0<strong>vendas@ensinaup.com.br<\/strong><\/p>\n","protected":false},"excerpt":{"rendered":"<p>\u00c9 uma apostila elaborada para ajudar na fixa\u00e7\u00e3o.<br \/>\nS\u00e3o 40 p\u00e1ginas entre textos e palavras (bl, cl, fl, gl, pl, tl, br, cr, dr, fr, tr, gr, pr, vr, gu, +s, +r, +l, +n, lh, nh, ch).<br \/>\nNo final existe tamb\u00e9m uma folha para vocabul\u00e1rio, caligrafia e ditado que voc\u00ea pode imprimir quantas vezes precisar.<br \/>\nLivro Impresso &#8211; Envio pelo Correios.<\/p>\n","protected":false},"featured_media":3343,"comment_status":"open","ping_status":"closed","template":"","meta":{"om_disable_all_campaigns":false,"_monsterinsights_skip_tracking":false,"_monsterinsights_sitenote_active":false,"_monsterinsights_sitenote_note":"","_monsterinsights_sitenote_category":0,"_joinchat":[]},"product_cat":[38,52,67],"product_tag":[24,22,19,23,20,21],"aioseo_notices":[],"_links":{"self":[{"href":"https:\/\/ideiasup.com.br\/lojaup\/wp-json\/wp\/v2\/product\/3342"}],"collection":[{"href":"https:\/\/ideiasup.com.br\/lojaup\/wp-json\/wp\/v2\/product"}],"about":[{"href":"https:\/\/ideiasup.com.br\/lojaup\/wp-json\/wp\/v2\/types\/product"}],"replies":[{"embeddable":true,"href":"https:\/\/ideiasup.com.br\/lojaup\/wp-json\/wp\/v2\/comments?post=3342"}],"version-history":[{"count":1,"href":"https:\/\/ideiasup.com.br\/lojaup\/wp-json\/wp\/v2\/product\/3342\/revisions"}],"predecessor-version":[{"id":3344,"href":"https:\/\/ideiasup.com.br\/lojaup\/wp-json\/wp\/v2\/product\/3342\/revisions\/3344"}],"wp:featuredmedia":[{"embeddable":true,"href":"https:\/\/ideiasup.com.br\/lojaup\/wp-json\/wp\/v2\/media\/3343"}],"wp:attachment":[{"href":"https:\/\/ideiasup.com.br\/lojaup\/wp-json\/wp\/v2\/media?parent=3342"}],"wp:term":[{"taxonomy":"product_cat","embeddable":true,"href":"https:\/\/ideiasup.com.br\/lojaup\/wp-json\/wp\/v2\/product_cat?post=3342"},{"taxonomy":"product_tag","embeddable":true,"href":"https:\/\/ideiasup.com.br\/lojaup\/wp-json\/wp\/v2\/product_tag?post=3342"}],"curies":[{"name":"wp","href":"https:\/\/api.w.org\/{rel}","templated":true}]}}