{"id":3345,"date":"2022-05-05T15:31:07","date_gmt":"2022-05-05T18:31:07","guid":{"rendered":"https:\/\/ideiasup.com.br\/lojaup\/?post_type=product&#038;p=3345"},"modified":"2025-10-18T21:10:34","modified_gmt":"2025-10-19T00:10:34","slug":"flashcards-brasil-impresso","status":"publish","type":"product","link":"https:\/\/ideiasup.com.br\/lojaup\/escolas\/flashcards-brasil-impresso\/","title":{"rendered":"FlashCards &#8211; Brasil Impresso"},"content":{"rendered":"<p>\u00d3timo para ajudar na memoriza\u00e7\u00e3o dos Estados &#8211; Capitais e Regi\u00f5es do Brasil.<br \/>\nS\u00e3o 27 Cart\u00f5es impressos &#8211; Envio pelo Correis.<\/p>\n<p>Observa\u00e7\u00e3o: O Quebra-Cabe\u00e7a Mapa do Brasil em madeira n\u00e3o est\u00e1 incluso, voc\u00ea encontra na Amazon pelo link <a href=\"https:\/\/amzn.to\/2R1SZzO\">https:\/\/amzn.to\/2R1SZzO<\/a><\/p>\n<p>D\u00favidas entrar em contato com o nosso suporte t\u00e9cnico pelo e-mail\u00a0<strong>vendas@ensinaup.com.br<\/strong><\/p>\n","protected":false},"excerpt":{"rendered":"<h4>\u00d3timo para ajudar na memoriza\u00e7\u00e3o dos Estados &#8211; Capitais e Regi\u00f5es do Brasil.<\/h4>\n<p>Cart\u00f5es impressos &#8211; Envio pelo Correis.<\/p>\n","protected":false},"featured_media":3346,"comment_status":"open","ping_status":"closed","template":"","meta":{"om_disable_all_campaigns":false,"_monsterinsights_skip_tracking":false,"_monsterinsights_sitenote_active":false,"_monsterinsights_sitenote_note":"","_monsterinsights_sitenote_category":0,"_joinchat":[]},"product_cat":[38,55],"product_tag":[32,24,22,20,21],"aioseo_notices":[],"_links":{"self":[{"href":"https:\/\/ideiasup.com.br\/lojaup\/wp-json\/wp\/v2\/product\/3345"}],"collection":[{"href":"https:\/\/ideiasup.com.br\/lojaup\/wp-json\/wp\/v2\/product"}],"about":[{"href":"https:\/\/ideiasup.com.br\/lojaup\/wp-json\/wp\/v2\/types\/product"}],"replies":[{"embeddable":true,"href":"https:\/\/ideiasup.com.br\/lojaup\/wp-json\/wp\/v2\/comments?post=3345"}],"version-history":[{"count":1,"href":"https:\/\/ideiasup.com.br\/lojaup\/wp-json\/wp\/v2\/product\/3345\/revisions"}],"predecessor-version":[{"id":3347,"href":"https:\/\/ideiasup.com.br\/lojaup\/wp-json\/wp\/v2\/product\/3345\/revisions\/3347"}],"wp:featuredmedia":[{"embeddable":true,"href":"https:\/\/ideiasup.com.br\/lojaup\/wp-json\/wp\/v2\/media\/3346"}],"wp:attachment":[{"href":"https:\/\/ideiasup.com.br\/lojaup\/wp-json\/wp\/v2\/media?parent=3345"}],"wp:term":[{"taxonomy":"product_cat","embeddable":true,"href":"https:\/\/ideiasup.com.br\/lojaup\/wp-json\/wp\/v2\/product_cat?post=3345"},{"taxonomy":"product_tag","embeddable":true,"href":"https:\/\/ideiasup.com.br\/lojaup\/wp-json\/wp\/v2\/product_tag?post=3345"}],"curies":[{"name":"wp","href":"https:\/\/api.w.org\/{rel}","templated":true}]}}