{"id":3353,"date":"2022-05-05T16:23:08","date_gmt":"2022-05-05T19:23:08","guid":{"rendered":"https:\/\/ideiasup.com.br\/lojaup\/?post_type=product&#038;p=3353"},"modified":"2025-10-18T21:06:53","modified_gmt":"2025-10-19T00:06:53","slug":"interpretacao-de-texto-para-os-pequenos-parte-i-virtudes-impresso","status":"publish","type":"product","link":"https:\/\/ideiasup.com.br\/lojaup\/escolas\/interpretacao-de-texto-para-os-pequenos-parte-i-virtudes-impresso\/","title":{"rendered":"Interpreta\u00e7\u00e3o de Texto para os pequenos (Virtudes) Impresso"},"content":{"rendered":"<p>\u00c9 uma apostila elaborada para ajudar na compreens\u00e3o de pequenos textos.<\/p>\n<p>S\u00e3o 10 pequenas hist\u00f3rias retiradas do Livro das Virtudes de William J. Bennett.<\/p>\n<p>Cada Interpreta\u00e7\u00e3o de Texto aborda uma virtude para ser trabalhada em fam\u00edlia.<\/p>\n<p>Al\u00e9m das Interpreta\u00e7\u00f5es a apostila tem pesquisa de vocabul\u00e1rio, c\u00f3pia de texto e ditado.<\/p>\n<p>Livro com 40 p\u00e1ginas impresso &#8211; envio pelo Correios.<\/p>\n<p>D\u00favidas entrar em contato com o nosso suporte t\u00e9cnico pelo e-mail\u00a0<strong>vendas@ensinaup.com.br<\/strong><\/p>\n","protected":false},"excerpt":{"rendered":"<h4>\u00c9 uma apostila elaborada para ajudar na compreens\u00e3o de pequenos textos.<\/h4>\n<h4>S\u00e3o 10 pequenas hist\u00f3rias retiradas do Livro das Virtudes de William J. Bennett.<\/h4>\n<h4>Cada Interpreta\u00e7\u00e3o de Texto aborda uma virtude para ser trabalhada em fam\u00edlia.<\/h4>\n<h4>Al\u00e9m das Interpreta\u00e7\u00f5es a apostila tem pesquisa de vocabul\u00e1rio, c\u00f3pia de texto e ditado.<\/h4>\n<h4>Livro com 40 p\u00e1ginas impresso &#8211; envio pelo Correios.<\/h4>\n","protected":false},"featured_media":3354,"comment_status":"open","ping_status":"closed","template":"","meta":{"om_disable_all_campaigns":false,"_monsterinsights_skip_tracking":false,"_monsterinsights_sitenote_active":false,"_monsterinsights_sitenote_note":"","_monsterinsights_sitenote_category":0,"_joinchat":[]},"product_cat":[38,52,67],"product_tag":[24,22,19,23,20,21],"aioseo_notices":[],"_links":{"self":[{"href":"https:\/\/ideiasup.com.br\/lojaup\/wp-json\/wp\/v2\/product\/3353"}],"collection":[{"href":"https:\/\/ideiasup.com.br\/lojaup\/wp-json\/wp\/v2\/product"}],"about":[{"href":"https:\/\/ideiasup.com.br\/lojaup\/wp-json\/wp\/v2\/types\/product"}],"replies":[{"embeddable":true,"href":"https:\/\/ideiasup.com.br\/lojaup\/wp-json\/wp\/v2\/comments?post=3353"}],"version-history":[{"count":2,"href":"https:\/\/ideiasup.com.br\/lojaup\/wp-json\/wp\/v2\/product\/3353\/revisions"}],"predecessor-version":[{"id":3371,"href":"https:\/\/ideiasup.com.br\/lojaup\/wp-json\/wp\/v2\/product\/3353\/revisions\/3371"}],"wp:featuredmedia":[{"embeddable":true,"href":"https:\/\/ideiasup.com.br\/lojaup\/wp-json\/wp\/v2\/media\/3354"}],"wp:attachment":[{"href":"https:\/\/ideiasup.com.br\/lojaup\/wp-json\/wp\/v2\/media?parent=3353"}],"wp:term":[{"taxonomy":"product_cat","embeddable":true,"href":"https:\/\/ideiasup.com.br\/lojaup\/wp-json\/wp\/v2\/product_cat?post=3353"},{"taxonomy":"product_tag","embeddable":true,"href":"https:\/\/ideiasup.com.br\/lojaup\/wp-json\/wp\/v2\/product_tag?post=3353"}],"curies":[{"name":"wp","href":"https:\/\/api.w.org\/{rel}","templated":true}]}}