{"id":341,"date":"2021-12-13T23:27:38","date_gmt":"2021-12-14T02:27:38","guid":{"rendered":"http:\/\/ideiasup.com.br\/lojaup\/?post_type=product&#038;p=341"},"modified":"2024-04-09T11:20:46","modified_gmt":"2024-04-09T14:20:46","slug":"aula-particular-modo-presencial","status":"publish","type":"product","link":"https:\/\/ideiasup.com.br\/lojaup\/escolas\/aula-particular-modo-presencial\/","title":{"rendered":"Aula Particular Individual Personalizada (Modo Presencial)"},"content":{"rendered":"<p>Voc\u00ea quer uma Educa\u00e7\u00e3o Personalizada para seu filho com Atividades e aulas elaboradas na medida certa?<br \/>\nAqui voc\u00ea encontra!<br \/>\nIdades que estamos atendendo no momento &#8211; dos 6 aos 10 anos.<\/p>\n<p><strong>Aula individual avulsa oferece:<\/strong><br \/>\n-Aula com dura\u00e7\u00e3o de 1h<br \/>\n-Material personalizado impresso &#8211; Incluso<br \/>\n-Transporte (Consultar disposi\u00e7\u00e3o)<\/p>\n<p><strong>Pacote de aula individual mensal:<br \/>\n<\/strong>-Descontos progressivos de acordo com o pacote contratado &#8211; Consulte.<\/p>\n<p>D\u00favidas e consultas chame no \u00a0<a href=\"https:\/\/api.whatsapp.com\/send\/?phone=5511986527481&amp;text&amp;type=phone_number&amp;app_absent=0\"><img decoding=\"async\" loading=\"lazy\" class=\"alignnone\" src=\"https:\/\/encrypted-tbn0.gstatic.com\/images?q=tbn:ANd9GcTG3LVbLhHkLQFgpsDzo8R0ecHoFQvhdNPmUQ&amp;s\" alt=\"WhatsApp | Mensagens e liga\u00e7\u00f5es privadas, gratuitas, seguras e confi\u00e1veis\" width=\"103\" height=\"24\" \/><\/a><\/p>\n","protected":false},"excerpt":{"rendered":"<h4>Aula com dura\u00e7\u00e3o de 1h<br \/>\nMaterial personalizado impresso &#8211; Incluso<br \/>\nTransporte (Consultar disposi\u00e7\u00e3o)<\/h4>\n","protected":false},"featured_media":5517,"comment_status":"open","ping_status":"closed","template":"","meta":{"om_disable_all_campaigns":false,"_monsterinsights_skip_tracking":false,"_monsterinsights_sitenote_active":false,"_monsterinsights_sitenote_note":"","_monsterinsights_sitenote_category":0,"_joinchat":[]},"product_cat":[26],"product_tag":[32,30,27,28,29,31],"aioseo_notices":[],"_links":{"self":[{"href":"https:\/\/ideiasup.com.br\/lojaup\/wp-json\/wp\/v2\/product\/341"}],"collection":[{"href":"https:\/\/ideiasup.com.br\/lojaup\/wp-json\/wp\/v2\/product"}],"about":[{"href":"https:\/\/ideiasup.com.br\/lojaup\/wp-json\/wp\/v2\/types\/product"}],"replies":[{"embeddable":true,"href":"https:\/\/ideiasup.com.br\/lojaup\/wp-json\/wp\/v2\/comments?post=341"}],"version-history":[{"count":6,"href":"https:\/\/ideiasup.com.br\/lojaup\/wp-json\/wp\/v2\/product\/341\/revisions"}],"predecessor-version":[{"id":5511,"href":"https:\/\/ideiasup.com.br\/lojaup\/wp-json\/wp\/v2\/product\/341\/revisions\/5511"}],"wp:featuredmedia":[{"embeddable":true,"href":"https:\/\/ideiasup.com.br\/lojaup\/wp-json\/wp\/v2\/media\/5517"}],"wp:attachment":[{"href":"https:\/\/ideiasup.com.br\/lojaup\/wp-json\/wp\/v2\/media?parent=341"}],"wp:term":[{"taxonomy":"product_cat","embeddable":true,"href":"https:\/\/ideiasup.com.br\/lojaup\/wp-json\/wp\/v2\/product_cat?post=341"},{"taxonomy":"product_tag","embeddable":true,"href":"https:\/\/ideiasup.com.br\/lojaup\/wp-json\/wp\/v2\/product_tag?post=341"}],"curies":[{"name":"wp","href":"https:\/\/api.w.org\/{rel}","templated":true}]}}