{"id":3449,"date":"2022-05-23T16:22:03","date_gmt":"2022-05-23T19:22:03","guid":{"rendered":"https:\/\/ideiasup.com.br\/lojaup\/?post_type=product&#038;p=3449"},"modified":"2026-01-19T15:30:15","modified_gmt":"2026-01-19T18:30:15","slug":"matematica-anual-completo-impresso","status":"publish","type":"product","link":"https:\/\/ideiasup.com.br\/lojaup\/escolas\/matematica-anual-completo-impresso\/","title":{"rendered":"Matem\u00e1tica para 6 e 7 Anos Volume 1 &#8211; Impresso"},"content":{"rendered":"<div dir=\"ltr\"><strong>Tema:<\/strong> Matem\u00e1tica para 6 e 7 anos Volume 1 \u2013 Dividido em m\u00f3dulos.<\/div>\n<div dir=\"ltr\">\n<p><strong>Indica\u00e7\u00e3o:<\/strong> Crian\u00e7as alfabetizadas nas idades de 6 e 7 anos &#8211; Educa\u00e7\u00e3o infantil.<\/p>\n<p><strong>COMPOSI\u00c7\u00c3O<\/strong>: 268 p\u00e1ginas em cinco m\u00f3dulos + Caderno com respostas (gabarito).<\/p>\n<p>O Material j\u00e1 vem dividido para ser aplicado ao longo de um semestre, indicando a li\u00e7\u00e3o do dia, dentro do m\u00f3dulo de m\u00eas:<\/p>\n<p><span style=\"color: #800080;\">M\u00f3dulo 1<\/span><\/p>\n<p><span style=\"color: #800080;\">* N\u00fameros naturais<\/span><br \/>\n<span style=\"color: #800080;\">* Leitura e elabora\u00e7\u00e3o de gr\u00e1fico<\/span><br \/>\n<span style=\"color: #800080;\">* Adi\u00e7\u00e3o de n\u00fameros naturais<\/span><br \/>\n<span style=\"color: #800080;\">* Desafios<\/span><br \/>\n<span style=\"color: #800080;\">* S\u00f3lidos Geom\u00e9tricos<\/span><br \/>\n<span style=\"color: #800080;\">* Subtra\u00e7\u00e3o de n\u00fameros naturais<\/span><br \/>\n<span style=\"color: #800080;\">* Simetria e l\u00f3gica<\/span><br \/>\n<span style=\"color: #800080;\">* Dezena e Unidade (Aula pr\u00e1tica)<\/span><br \/>\n<span style=\"color: #800080;\">* Revis\u00e3o do m\u00f3dulo<\/span><\/p>\n<p><span style=\"color: #800080;\">M\u00f3dulo 2<\/span><\/p>\n<p><span style=\"color: #800080;\">* Dezena e Unidade<\/span><br \/>\n<span style=\"color: #800080;\">* Menor que e Maior que<\/span><br \/>\n<span style=\"color: #800080;\">* Ordem crescente e decrescente<\/span><br \/>\n<span style=\"color: #800080;\">* No\u00e7\u00e3o de espa\u00e7o<\/span><br \/>\n<span style=\"color: #800080;\">* N\u00fameros at\u00e9 50<\/span><br \/>\n<span style=\"color: #800080;\">* N\u00fameros at\u00e9 100<\/span><br \/>\n<span style=\"color: #800080;\">* Dezena &#8211; adi\u00e7\u00e3o<\/span><br \/>\n<span style=\"color: #800080;\">* Movimento e Orienta\u00e7\u00e3o<\/span><br \/>\n<span style=\"color: #800080;\">* Dezena &#8211; subtra\u00e7\u00e3o<\/span><br \/>\n<span style=\"color: #800080;\">* Desafios<\/span><br \/>\n<span style=\"color: #800080;\">* Revis\u00e3o do m\u00f3dulo<\/span><\/p>\n<p><span style=\"color: #800080;\">M\u00f3dulo 3<\/span><\/p>\n<p><span style=\"color: #800080;\">* Algarismos (Revis\u00e3o)<\/span><br \/>\n<span style=\"color: #800080;\">* Ordem Crescente e Decrescente (Revis\u00e3o)<\/span><br \/>\n<span style=\"color: #800080;\">* N\u00fameros Ordinais<\/span><br \/>\n<span style=\"color: #800080;\">* Dezena (Revis\u00e3o)<\/span><br \/>\n<span style=\"color: #800080;\">* Dezena e Meia Dezena<\/span><br \/>\n<span style=\"color: #800080;\">* N\u00fameros Pares e \u00cdmpares<\/span><br \/>\n<span style=\"color: #800080;\">* Adi\u00e7\u00e3o (Revis\u00e3o)<\/span><br \/>\n<span style=\"color: #800080;\">* Subtra\u00e7\u00e3o (Revis\u00e3o)<\/span><br \/>\n<span style=\"color: #800080;\">* Desafios<\/span><br \/>\n<span style=\"color: #800080;\">* Revis\u00e3o do m\u00f3dulo<\/span><\/p>\n<p><span style=\"color: #800080;\">M\u00f3dulo 4<\/span><\/p>\n<p><span style=\"color: #800080;\">* Adi\u00e7\u00e3o com reagrupamento<\/span><br \/>\n<span style=\"color: #800080;\">* Dias da semana<\/span><br \/>\n<span style=\"color: #800080;\">* Meses do ano<\/span><br \/>\n<span style=\"color: #800080;\">* Subtra\u00e7\u00e3o com reagrupamento<\/span><br \/>\n<span style=\"color: #800080;\">* Figuras Geom\u00e9tricas planas<\/span><br \/>\n<span style=\"color: #800080;\">* N\u00fameros at\u00e9 100 (Revis\u00e3o)<\/span><br \/>\n<span style=\"color: #800080;\">* Desafios<\/span><br \/>\n<span style=\"color: #800080;\">* Revis\u00e3o do m\u00f3dulo<\/span><\/p>\n<p><span style=\"color: #800080;\">M\u00f3dulo 5<\/span><\/p>\n<p><span style=\"color: #800080;\">* Centena<\/span><br \/>\n<span style=\"color: #800080;\">* Jogo 100 com 4<\/span><br \/>\n<span style=\"color: #800080;\">* Sequ\u00eancia num\u00e9rica at\u00e9 500<\/span><br \/>\n<span style=\"color: #800080;\">* Lista de contas<\/span><br \/>\n<span style=\"color: #800080;\">* Percep\u00e7\u00e3o visual<\/span><br \/>\n<span style=\"color: #800080;\">* Desafios<\/span><br \/>\n<span style=\"color: #800080;\">* Revis\u00e3o do m\u00f3dulo<\/span><\/p>\n<p><strong>Tipo de conte\u00fado:<\/strong> Cadernos Impressos &#8211; <span style=\"color: #ff0000;\">Envio pelo Correios<\/span>.<\/p>\n<div><strong>Permiss\u00f5es:<\/strong>\u00a0<span style=\"color: #69727b;\"><span style=\"color: #008000;\"><strong>Uso familiar <\/strong><\/span>&#8211; <\/span><span style=\"color: #cd232c;\"><strong><span style=\"color: #ff0000;\">Para usar em escolas, favor entrar em contato para obter um or\u00e7amento especial.<\/span><\/strong><\/span><\/div>\n<div dir=\"ltr\"><\/div>\n<div dir=\"ltr\"><strong>Lembre-se: essa \u00e9 uma atividade exclusiva da EnsinaUP e n\u00e3o est\u00e1 autorizada a comercializa\u00e7\u00e3o e compartilhamento da mesma. Lei de direitos autorais 9.610\/98<\/strong><\/div>\n<\/div>\n<div dir=\"ltr\"><\/div>\n<div dir=\"ltr\">\n<div dir=\"ltr\">D\u00favidas entrar em contato com o nosso suporte t\u00e9cnico pelo e-mail vendas@ensinaup.com.br ou pelo link do WhatsApp que aparece aqui ao lado da tela.<\/div>\n<\/div>\n","protected":false},"excerpt":{"rendered":"<p>Matem\u00e1tica dividido em m\u00f3dulos para ser aplicado ao longo de um semestre.<br \/>\nCom gabarito.<\/p>\n<p><strong>Indica\u00e7\u00e3o: de 6 a 7 anos<\/strong><\/p>\n<h4><strong>N\u00famero de p\u00e1ginas: 268<\/strong><\/h4>\n<p><strong>Formato: Impresso<\/strong><\/p>\n[video width=\"1080\" height=\"1080\" mp4=\"https:\/\/ideiasup.com.br\/lojaup\/wp-content\/uploads\/2022\/09\/Video-Mat-6-e-7-anos.mp4\"][\/video]\n","protected":false},"featured_media":4363,"comment_status":"closed","ping_status":"closed","template":"","meta":{"om_disable_all_campaigns":false,"_monsterinsights_skip_tracking":false,"_monsterinsights_sitenote_active":false,"_monsterinsights_sitenote_note":"","_monsterinsights_sitenote_category":0,"_joinchat":[]},"product_cat":[38,53],"product_tag":[],"aioseo_notices":[],"_links":{"self":[{"href":"https:\/\/ideiasup.com.br\/lojaup\/wp-json\/wp\/v2\/product\/3449"}],"collection":[{"href":"https:\/\/ideiasup.com.br\/lojaup\/wp-json\/wp\/v2\/product"}],"about":[{"href":"https:\/\/ideiasup.com.br\/lojaup\/wp-json\/wp\/v2\/types\/product"}],"replies":[{"embeddable":true,"href":"https:\/\/ideiasup.com.br\/lojaup\/wp-json\/wp\/v2\/comments?post=3449"}],"version-history":[{"count":15,"href":"https:\/\/ideiasup.com.br\/lojaup\/wp-json\/wp\/v2\/product\/3449\/revisions"}],"predecessor-version":[{"id":4357,"href":"https:\/\/ideiasup.com.br\/lojaup\/wp-json\/wp\/v2\/product\/3449\/revisions\/4357"}],"wp:featuredmedia":[{"embeddable":true,"href":"https:\/\/ideiasup.com.br\/lojaup\/wp-json\/wp\/v2\/media\/4363"}],"wp:attachment":[{"href":"https:\/\/ideiasup.com.br\/lojaup\/wp-json\/wp\/v2\/media?parent=3449"}],"wp:term":[{"taxonomy":"product_cat","embeddable":true,"href":"https:\/\/ideiasup.com.br\/lojaup\/wp-json\/wp\/v2\/product_cat?post=3449"},{"taxonomy":"product_tag","embeddable":true,"href":"https:\/\/ideiasup.com.br\/lojaup\/wp-json\/wp\/v2\/product_tag?post=3449"}],"curies":[{"name":"wp","href":"https:\/\/api.w.org\/{rel}","templated":true}]}}