{"id":345,"date":"2021-12-13T23:32:36","date_gmt":"2021-12-14T02:32:36","guid":{"rendered":"http:\/\/ideiasup.com.br\/lojaup\/?post_type=product&#038;p=345"},"modified":"2024-04-09T10:20:49","modified_gmt":"2024-04-09T13:20:49","slug":"consultoria-individual","status":"publish","type":"product","link":"https:\/\/ideiasup.com.br\/lojaup\/escolas\/consultoria-individual\/","title":{"rendered":"Consultoria Individual"},"content":{"rendered":"<p>O momento de consultoria permite que a fam\u00edlia receba orienta\u00e7\u00f5es sobre aspectos que envolvem o processo de ensino aprendizagem.<br \/>\nUm grande bate-papo que auxilia voc\u00ea a ser coerente com seus objetivos e valores na educa\u00e7\u00e3o dos\u00a0 seus filhos.<br \/>\nPara professores, um aux\u00edlio na elabora\u00e7\u00e3o de estrat\u00e9gias, planos de aula e atividades para desenvolver em sala.<\/p>\n<p>Alguns dos temas abordados:<br \/>\n* Dificuldades pedag\u00f3gicas<br \/>\n* Ideias de atividades simples, pr\u00e1ticas e efetivas<br \/>\n* Estrat\u00e9gias de ensino<br \/>\n* Virtudes no lar<br \/>\n* O que ensinar e o que esperar? &#8211; Intencionalidade nas atividades e planejamento<br \/>\n* Diferentes formas de avalia\u00e7\u00e3o<\/p>\n<p>Dura\u00e7\u00e3o do nosso bate-papo: 1 hora<\/p>\n<p>Comprando a consultoria a equipe de vendas entrar\u00e1 em contato para agendar hora e data.<\/p>\n<p>Para pacotes, entrar em contato atrav\u00e9s do e-mail\u00a0<strong>vendas@ensinaup.com.br<\/strong><\/p>\n","protected":false},"excerpt":{"rendered":"<h4>Atendemos Pais e Professores:<\/h4>\n<h4>Para os Pais, orienta\u00e7\u00f5es que envolvem o processo de ensino e aprendizagem coerente com seus objetivos e valores na educa\u00e7\u00e3o dos\u00a0 seus filhos.<\/h4>\n<h4>Para professores, um aux\u00edlio na elabora\u00e7\u00e3o de estrat\u00e9gias, planos de aula e atividades para desenvolver em sala.<\/h4>\n","protected":false},"featured_media":621,"comment_status":"open","ping_status":"closed","template":"","meta":{"om_disable_all_campaigns":false,"_monsterinsights_skip_tracking":false,"_monsterinsights_sitenote_active":false,"_monsterinsights_sitenote_note":"","_monsterinsights_sitenote_category":0,"_joinchat":[]},"product_cat":[26],"product_tag":[32,30,27,28,29,31],"aioseo_notices":[],"_links":{"self":[{"href":"https:\/\/ideiasup.com.br\/lojaup\/wp-json\/wp\/v2\/product\/345"}],"collection":[{"href":"https:\/\/ideiasup.com.br\/lojaup\/wp-json\/wp\/v2\/product"}],"about":[{"href":"https:\/\/ideiasup.com.br\/lojaup\/wp-json\/wp\/v2\/types\/product"}],"replies":[{"embeddable":true,"href":"https:\/\/ideiasup.com.br\/lojaup\/wp-json\/wp\/v2\/comments?post=345"}],"version-history":[{"count":4,"href":"https:\/\/ideiasup.com.br\/lojaup\/wp-json\/wp\/v2\/product\/345\/revisions"}],"predecessor-version":[{"id":5502,"href":"https:\/\/ideiasup.com.br\/lojaup\/wp-json\/wp\/v2\/product\/345\/revisions\/5502"}],"wp:featuredmedia":[{"embeddable":true,"href":"https:\/\/ideiasup.com.br\/lojaup\/wp-json\/wp\/v2\/media\/621"}],"wp:attachment":[{"href":"https:\/\/ideiasup.com.br\/lojaup\/wp-json\/wp\/v2\/media?parent=345"}],"wp:term":[{"taxonomy":"product_cat","embeddable":true,"href":"https:\/\/ideiasup.com.br\/lojaup\/wp-json\/wp\/v2\/product_cat?post=345"},{"taxonomy":"product_tag","embeddable":true,"href":"https:\/\/ideiasup.com.br\/lojaup\/wp-json\/wp\/v2\/product_tag?post=345"}],"curies":[{"name":"wp","href":"https:\/\/api.w.org\/{rel}","templated":true}]}}