{"id":349,"date":"2021-12-13T23:39:23","date_gmt":"2021-12-14T02:39:23","guid":{"rendered":"http:\/\/ideiasup.com.br\/lojaup\/?post_type=product&#038;p=349"},"modified":"2024-06-10T09:00:30","modified_gmt":"2024-06-10T12:00:30","slug":"mentoria-on-line","status":"publish","type":"product","link":"https:\/\/ideiasup.com.br\/lojaup\/escolas\/mentoria-on-line\/","title":{"rendered":"Mentoria on-line"},"content":{"rendered":"<p>Sabe aquele medo de n\u00e3o planejar tudo aquilo que seu filho precisa? De n\u00e3o levar em considera\u00e7\u00e3o algo precioso para o desenvolvimento dele? Voc\u00ea j\u00e1 sentiu essa ang\u00fastia?<\/p>\n<p>Pois ent\u00e3o! Isso mostra o qu\u00e3o importante voc\u00ea sabe que s\u00e3o todas as etapas da forma\u00e7\u00e3o. E voc\u00ea n\u00e3o quer falhar naquilo que depende de voc\u00ea, certo?<\/p>\n<p>Pesando nessa import\u00e2ncia e na perspectiva de um ano bem vivido, pensamos em pegar na sua m\u00e3o e te ajudar a aprender a planejar.<\/p>\n<p>Nesse sentido voc\u00ea poder\u00e1 contar com a experi\u00eancia de duas profissionais da \u00e1rea da Educa\u00e7\u00e3o, com viv\u00eancia de sala de aula e coordena\u00e7\u00e3o, al\u00e9m, \u00e9 claro da experi\u00eancia vivida em suas pr\u00f3prias fam\u00edlias diariamente com a Educa\u00e7\u00e3o Domicilia.<\/p>\n<p>Mas como funciona a Consultoria? O que inclui?<\/p>\n<p>* 4 reuni\u00f5es on-line com dura\u00e7\u00e3o de aproximadamente 40 min cada.<br \/>\n* Material em PDF (Teoria e Pr\u00e1tica + B\u00f4nus)<br \/>\n* Tira d\u00favida, pelo Direct do Instagram, com respostas personalizadas no per\u00edodo de 1 m\u00eas<br \/>\n* 15% de desconto nos materiais f\u00edsicos da loja<\/p>\n<p>A consultoria \u00e9 realizada de forma personalizada para um filho. Caso desejar incluir os demais, por filho ser\u00e1 cobrado o valor de R$80,00<\/p>\n<p>O que voc\u00ea encontra nos arquivos em PDF?<\/p>\n<p>Voc\u00ea receber\u00e1 dois arquivos em PDF para ajudar na elabora\u00e7\u00e3o do seu planejamento.<\/p>\n<p>* Teoria &#8211; Resumo do livro Blueprint Homeschooling &#8211; Como Planejar um ano de educa\u00e7\u00e3o domiciliar adaptado \u00e0 realidade de sua vida da Amy Knepper<br \/>\n* Pr\u00e1tica &#8211; Todos os exerc\u00edcios listados no livro de forma organizada, incluindo as tabelas, para voc\u00ea preencher + B\u00f4nus &#8211; O que a crian\u00e7a aprende dos 6 aos 10 anos nas disciplinas de Portugu\u00eas e Matem\u00e1tica para voc\u00ea ter uma refer\u00eancia.<\/p>\n<p>Comprando a nossa equipe entrar\u00e1 em contato para agendar o melhor dia e hor\u00e1rio.<\/p>\n<p>Aqui tudo funciona\u00a0de M\u00e3e pra M\u00e3e! Esperamos VOC\u00ca!<\/p>\n<p>Se deseja somente o PDF acesse o link\u00a0<a href=\"https:\/\/ensinaup.com.br\/loja\/index.php?route=product\/product&amp;product_id=62\">https:\/\/ensinaup.com.br\/loja\/index.php?route=product\/product&amp;product_id=62<\/a><\/p>\n<p>Se voc\u00ea deseja saber um pouco mais sobre como funciona e se de fato estar\u00e1 ajudando voc\u00ea, solicite uma conversa atrav\u00e9s do e-mail\u00a0<strong>vendas@ensinaup.com.br<\/strong>\u00a0ou pelo\u00a0Direct\u00a0no Instagram.<\/p>\n","protected":false},"excerpt":{"rendered":"<h4>Sabe aquele medo de n\u00e3o planejar tudo aquilo que seu filho precisa? De n\u00e3o levar em considera\u00e7\u00e3o algo precioso para o desenvolvimento dele? Voc\u00ea j\u00e1 sentiu essa ang\u00fastia?<\/h4>\n","protected":false},"featured_media":4516,"comment_status":"open","ping_status":"closed","template":"","meta":{"om_disable_all_campaigns":false,"_monsterinsights_skip_tracking":false,"_monsterinsights_sitenote_active":false,"_monsterinsights_sitenote_note":"","_monsterinsights_sitenote_category":0,"_joinchat":[]},"product_cat":[26],"product_tag":[34,35,33],"aioseo_notices":[],"_links":{"self":[{"href":"https:\/\/ideiasup.com.br\/lojaup\/wp-json\/wp\/v2\/product\/349"}],"collection":[{"href":"https:\/\/ideiasup.com.br\/lojaup\/wp-json\/wp\/v2\/product"}],"about":[{"href":"https:\/\/ideiasup.com.br\/lojaup\/wp-json\/wp\/v2\/types\/product"}],"replies":[{"embeddable":true,"href":"https:\/\/ideiasup.com.br\/lojaup\/wp-json\/wp\/v2\/comments?post=349"}],"version-history":[{"count":5,"href":"https:\/\/ideiasup.com.br\/lojaup\/wp-json\/wp\/v2\/product\/349\/revisions"}],"predecessor-version":[{"id":4517,"href":"https:\/\/ideiasup.com.br\/lojaup\/wp-json\/wp\/v2\/product\/349\/revisions\/4517"}],"wp:featuredmedia":[{"embeddable":true,"href":"https:\/\/ideiasup.com.br\/lojaup\/wp-json\/wp\/v2\/media\/4516"}],"wp:attachment":[{"href":"https:\/\/ideiasup.com.br\/lojaup\/wp-json\/wp\/v2\/media?parent=349"}],"wp:term":[{"taxonomy":"product_cat","embeddable":true,"href":"https:\/\/ideiasup.com.br\/lojaup\/wp-json\/wp\/v2\/product_cat?post=349"},{"taxonomy":"product_tag","embeddable":true,"href":"https:\/\/ideiasup.com.br\/lojaup\/wp-json\/wp\/v2\/product_tag?post=349"}],"curies":[{"name":"wp","href":"https:\/\/api.w.org\/{rel}","templated":true}]}}