{"id":359,"date":"2021-12-13T23:50:28","date_gmt":"2021-12-14T02:50:28","guid":{"rendered":"http:\/\/ideiasup.com.br\/lojaup\/?post_type=product&#038;p=359"},"modified":"2024-12-06T20:50:55","modified_gmt":"2024-12-06T23:50:55","slug":"flashcards-brasil","status":"publish","type":"product","link":"https:\/\/ideiasup.com.br\/lojaup\/escolas\/flashcards-brasil\/","title":{"rendered":"FlashCards &#8211; Brasil"},"content":{"rendered":"<p>\u00d3timo para ajudar na memoriza\u00e7\u00e3o dos Estados &#8211; Capitais e Regi\u00f5es do Brasil.<br \/>\nArquivo em PDF com 10 p\u00e1ginas.<\/p>\n<p>Observa\u00e7\u00e3o: O Quebra-Cabe\u00e7a Mapa do Brasil em madeira voc\u00ea encontra na Amazon pelo link\u00a0<a href=\"https:\/\/amzn.to\/2R1SZzO\">https:\/\/amzn.to\/2R1SZzO<\/a><\/p>\n<p>D\u00favidas entrar em contato com o nosso suporte t\u00e9cnico pelo e-mail\u00a0<strong>vendas@ensinaup.com.br<\/strong><\/p>\n","protected":false},"excerpt":{"rendered":"<h4>\u00d3timo para ajudar na memoriza\u00e7\u00e3o dos Estados &#8211; Capitais e Regi\u00f5es do Brasil.<\/h4>\n","protected":false},"featured_media":605,"comment_status":"open","ping_status":"closed","template":"","meta":{"om_disable_all_campaigns":false,"_monsterinsights_skip_tracking":false,"_monsterinsights_sitenote_active":false,"_monsterinsights_sitenote_note":"","_monsterinsights_sitenote_category":0,"_joinchat":[]},"product_cat":[18,39],"product_tag":[32,24,22,20,21],"aioseo_notices":[],"_links":{"self":[{"href":"https:\/\/ideiasup.com.br\/lojaup\/wp-json\/wp\/v2\/product\/359"}],"collection":[{"href":"https:\/\/ideiasup.com.br\/lojaup\/wp-json\/wp\/v2\/product"}],"about":[{"href":"https:\/\/ideiasup.com.br\/lojaup\/wp-json\/wp\/v2\/types\/product"}],"replies":[{"embeddable":true,"href":"https:\/\/ideiasup.com.br\/lojaup\/wp-json\/wp\/v2\/comments?post=359"}],"version-history":[{"count":2,"href":"https:\/\/ideiasup.com.br\/lojaup\/wp-json\/wp\/v2\/product\/359\/revisions"}],"predecessor-version":[{"id":2096,"href":"https:\/\/ideiasup.com.br\/lojaup\/wp-json\/wp\/v2\/product\/359\/revisions\/2096"}],"wp:featuredmedia":[{"embeddable":true,"href":"https:\/\/ideiasup.com.br\/lojaup\/wp-json\/wp\/v2\/media\/605"}],"wp:attachment":[{"href":"https:\/\/ideiasup.com.br\/lojaup\/wp-json\/wp\/v2\/media?parent=359"}],"wp:term":[{"taxonomy":"product_cat","embeddable":true,"href":"https:\/\/ideiasup.com.br\/lojaup\/wp-json\/wp\/v2\/product_cat?post=359"},{"taxonomy":"product_tag","embeddable":true,"href":"https:\/\/ideiasup.com.br\/lojaup\/wp-json\/wp\/v2\/product_tag?post=359"}],"curies":[{"name":"wp","href":"https:\/\/api.w.org\/{rel}","templated":true}]}}