{"id":363,"date":"2021-12-13T23:53:18","date_gmt":"2021-12-14T02:53:18","guid":{"rendered":"http:\/\/ideiasup.com.br\/lojaup\/?post_type=product&#038;p=363"},"modified":"2024-07-08T17:05:20","modified_gmt":"2024-07-08T20:05:20","slug":"dc-pascoa","status":"publish","type":"product","link":"https:\/\/ideiasup.com.br\/lojaup\/escolas\/dc-pascoa\/","title":{"rendered":"DC &#8211; P\u00e1scoa"},"content":{"rendered":"<div>Ol\u00e1 Fam\u00edliaUP!<\/div>\n<div><\/div>\n<div>\n<div dir=\"ltr\">Separamos uma atividade de artes para a P\u00e1scoa:<\/div>\n<div dir=\"ltr\">Modelo &#8211; Coelho de \u00f3culos.<\/div>\n<p>Abra\u00e7os,<br \/>\nJu<\/p>\n<p><strong>Lembre-se: essa \u00e9 uma atividade exclusiva da EnsinaUP e n\u00e3o est\u00e1 autorizada a comercializa\u00e7\u00e3o e compartilhamento da mesma. Lei de direitos autorais 9.610\/98<\/strong><\/p>\n<\/div>\n","protected":false},"excerpt":{"rendered":"<p>Atividade para data comemorativa &#8211; P\u00e1scoa.<br \/>\nModelo para recortar, pintar e colar.<\/p>\n","protected":false},"featured_media":5551,"comment_status":"open","ping_status":"closed","template":"","meta":{"om_disable_all_campaigns":false,"_monsterinsights_skip_tracking":false,"_monsterinsights_sitenote_active":false,"_monsterinsights_sitenote_note":"","_monsterinsights_sitenote_category":0,"_joinchat":[]},"product_cat":[25],"product_tag":[32,24,22,20,21],"aioseo_notices":[],"_links":{"self":[{"href":"https:\/\/ideiasup.com.br\/lojaup\/wp-json\/wp\/v2\/product\/363"}],"collection":[{"href":"https:\/\/ideiasup.com.br\/lojaup\/wp-json\/wp\/v2\/product"}],"about":[{"href":"https:\/\/ideiasup.com.br\/lojaup\/wp-json\/wp\/v2\/types\/product"}],"replies":[{"embeddable":true,"href":"https:\/\/ideiasup.com.br\/lojaup\/wp-json\/wp\/v2\/comments?post=363"}],"version-history":[{"count":7,"href":"https:\/\/ideiasup.com.br\/lojaup\/wp-json\/wp\/v2\/product\/363\/revisions"}],"predecessor-version":[{"id":5754,"href":"https:\/\/ideiasup.com.br\/lojaup\/wp-json\/wp\/v2\/product\/363\/revisions\/5754"}],"wp:featuredmedia":[{"embeddable":true,"href":"https:\/\/ideiasup.com.br\/lojaup\/wp-json\/wp\/v2\/media\/5551"}],"wp:attachment":[{"href":"https:\/\/ideiasup.com.br\/lojaup\/wp-json\/wp\/v2\/media?parent=363"}],"wp:term":[{"taxonomy":"product_cat","embeddable":true,"href":"https:\/\/ideiasup.com.br\/lojaup\/wp-json\/wp\/v2\/product_cat?post=363"},{"taxonomy":"product_tag","embeddable":true,"href":"https:\/\/ideiasup.com.br\/lojaup\/wp-json\/wp\/v2\/product_tag?post=363"}],"curies":[{"name":"wp","href":"https:\/\/api.w.org\/{rel}","templated":true}]}}