{"id":3728,"date":"2022-08-31T16:58:37","date_gmt":"2022-08-31T19:58:37","guid":{"rendered":"https:\/\/ideiasup.com.br\/lojaup\/?post_type=product&#038;p=3728"},"modified":"2026-01-19T15:32:19","modified_gmt":"2026-01-19T18:32:19","slug":"matematica-para-7-e-8-anos-vol1-impresso","status":"publish","type":"product","link":"https:\/\/ideiasup.com.br\/lojaup\/escolas\/matematica-para-7-e-8-anos-vol1-impresso\/","title":{"rendered":"Matem\u00e1tica para 6 e 7 Anos Volume 2 &#8211; Impresso"},"content":{"rendered":"<div dir=\"ltr\">\n<div dir=\"ltr\"><strong>Tema:<\/strong> Matem\u00e1tica para 6 e 7 anos Volume 2 \u2013 Dividido em m\u00f3dulos.<\/div>\n<div dir=\"ltr\">\n<p><strong>Indica\u00e7\u00e3o:<\/strong> Crian\u00e7as alfabetizadas nas idades de 6 e 7 anos &#8211; Educa\u00e7\u00e3o infantil.<\/p>\n<p><strong>COMPOSI\u00c7\u00c3O<\/strong>: 232 p\u00e1ginas em cinco m\u00f3dulos + Caderno com respostas (gabarito).<\/p>\n<p>O Material j\u00e1 vem dividido para ser aplicado ao longo de um semestre, indicando a li\u00e7\u00e3o do dia, dentro do m\u00f3dulo de m\u00eas:<\/p>\n<p><span style=\"color: #800080;\">M\u00f3dulo 6<\/span><\/p>\n<p><span style=\"color: #800080;\">* Centena<\/span><br \/>\n<span style=\"color: #800080;\">* Figuras planas<\/span><br \/>\n<span style=\"color: #800080;\">* Sequ\u00eancia num\u00e9rica at\u00e9 900<\/span><br \/>\n<span style=\"color: #800080;\">* Lista de contas<\/span><br \/>\n<span style=\"color: #800080;\">* Simetria<\/span><br \/>\n<span style=\"color: #800080;\">* Desafios<\/span><br \/>\n<span style=\"color: #800080;\">* Revis\u00e3o do m\u00f3dulo<\/span><\/p>\n<p><span style=\"color: #800080;\">M\u00f3dulo 7<\/span><\/p>\n<p><span style=\"color: #800080;\">* N\u00fameros Pares e \u00cdmpares<\/span><br \/>\n<span style=\"color: #800080;\">* D\u00fazia e Meia d\u00fazia<\/span><br \/>\n<span style=\"color: #800080;\">* Sequ\u00eancia num\u00e9rica at\u00e9 1000<\/span><br \/>\n<span style=\"color: #800080;\">* Lista de contas<\/span><br \/>\n<span style=\"color: #800080;\">* Multiplica\u00e7\u00e3o<\/span><br \/>\n<span style=\"color: #800080;\">* Desafios<\/span><br \/>\n<span style=\"color: #800080;\">* Revis\u00e3o do m\u00f3dulo<\/span><\/p>\n<p><span style=\"color: #800080;\">M\u00f3dulo 8<\/span><\/p>\n<p><span style=\"color: #800080;\">* Multiplica\u00e7\u00e3o (Revis\u00e3o)<\/span><br \/>\n<span style=\"color: #800080;\">* Centena (Revis\u00e3o)<\/span><br \/>\n<span style=\"color: #800080;\">* Dobro e Triplo<\/span><br \/>\n<span style=\"color: #800080;\">* Lateralidade<\/span><br \/>\n<span style=\"color: #800080;\">* Multiplica\u00e7\u00e3o &#8211; Parte 1 e 2<\/span><br \/>\n<span style=\"color: #800080;\">* Lista de contas<\/span><br \/>\n<span style=\"color: #800080;\">* Desafios<\/span><br \/>\n<span style=\"color: #800080;\">* Revis\u00e3o do m\u00f3dulo<\/span><\/p>\n<p><span style=\"color: #800080;\">M\u00f3dulo 9<\/span><\/p>\n<p><span style=\"color: #800080;\">* Medida de tempo<\/span><br \/>\n<span style=\"color: #800080;\">* Dias da Semana (Revis\u00e3o)<\/span><br \/>\n<span style=\"color: #800080;\">* Centena (Revis\u00e3o)<\/span><br \/>\n<span style=\"color: #800080;\">* Meses do ano (Revis\u00e3o)<\/span><br \/>\n<span style=\"color: #800080;\">* Divis\u00e3o<\/span><br \/>\n<span style=\"color: #800080;\">* Dobro (revis\u00e3o)<\/span><br \/>\n<span style=\"color: #800080;\">* Metade<\/span><br \/>\n<span style=\"color: #800080;\">* Lista de contas<\/span><br \/>\n<span style=\"color: #800080;\">* Desafios<\/span><br \/>\n<span style=\"color: #800080;\">* Revis\u00e3o do m\u00f3dulo<\/span><\/p>\n<p><span style=\"color: #800080;\">M\u00f3dulo 10<\/span><\/p>\n<p><span style=\"color: #800080;\">* Algarismos (Revis\u00e3o)<\/span><br \/>\n<span style=\"color: #800080;\">* Geometria (Revis\u00e3o)<\/span><br \/>\n<span style=\"color: #800080;\">* Horas e Meses (Revis\u00e3o)<\/span><br \/>\n<span style=\"color: #800080;\">* Dobro e Triplo (Revis\u00e3o)<\/span><br \/>\n<span style=\"color: #800080;\">* D\u00fazia e Meia d\u00fazia (Revis\u00e3o)<\/span><br \/>\n<span style=\"color: #800080;\">* Simetria<\/span><br \/>\n<span style=\"color: #800080;\">* Lista de contas<\/span><br \/>\n<span style=\"color: #800080;\">* Desafios<\/span><br \/>\n<span style=\"color: #800080;\">* Revis\u00e3o do m\u00f3dulo<\/span><\/p>\n<p><strong>Tipo de conte\u00fado:<\/strong> Cadernos Impressos &#8211; <span style=\"color: #ff0000;\">Envio pelo Correios<\/span>.<\/p>\n<div><strong>Permiss\u00f5es:<\/strong>\u00a0<span style=\"color: #69727b;\"><span style=\"color: #008000;\"><strong>Uso familiar <\/strong><\/span>&#8211; <\/span><span style=\"color: #cd232c;\"><strong><span style=\"color: #ff0000;\">Para usar em escolas, favor entrar em contato para obter um or\u00e7amento especial.<\/span><\/strong><\/span><\/div>\n<div dir=\"ltr\"><\/div>\n<div dir=\"ltr\"><strong>Lembre-se: essa \u00e9 uma atividade exclusiva da EnsinaUP e n\u00e3o est\u00e1 autorizada a comercializa\u00e7\u00e3o e compartilhamento da mesma. Lei de direitos autorais 9.610\/98<\/strong><\/div>\n<\/div>\n<div dir=\"ltr\"><\/div>\n<div dir=\"ltr\">\n<div dir=\"ltr\">D\u00favidas entrar em contato com o nosso suporte t\u00e9cnico pelo e-mail vendas@ensinaup.com.br ou pelo link do WhatsApp que aparece aqui ao lado da tela.<\/div>\n<\/div>\n<\/div>\n","protected":false},"excerpt":{"rendered":"<p>Matem\u00e1tica dividido em m\u00f3dulos para ser aplicado ao longo de um semestre.<br \/>\nCom gabarito.<\/p>\n<p><strong>Indica\u00e7\u00e3o: de 6 a 7 anos<\/strong><\/p>\n<h4><strong>N\u00famero de p\u00e1ginas: 232<\/strong><\/h4>\n<p><strong>Formato: Impresso<\/strong><\/p>\n[video width=\"1080\" height=\"1080\" mp4=\"https:\/\/ideiasup.com.br\/lojaup\/wp-content\/uploads\/2022\/09\/Video-Mat-6-e-7-anos.mp4\"][\/video]\n","protected":false},"featured_media":4361,"comment_status":"open","ping_status":"closed","template":"","meta":{"om_disable_all_campaigns":false,"_monsterinsights_skip_tracking":false,"_monsterinsights_sitenote_active":false,"_monsterinsights_sitenote_note":"","_monsterinsights_sitenote_category":0,"_joinchat":[]},"product_cat":[38,53],"product_tag":[],"aioseo_notices":[],"_links":{"self":[{"href":"https:\/\/ideiasup.com.br\/lojaup\/wp-json\/wp\/v2\/product\/3728"}],"collection":[{"href":"https:\/\/ideiasup.com.br\/lojaup\/wp-json\/wp\/v2\/product"}],"about":[{"href":"https:\/\/ideiasup.com.br\/lojaup\/wp-json\/wp\/v2\/types\/product"}],"replies":[{"embeddable":true,"href":"https:\/\/ideiasup.com.br\/lojaup\/wp-json\/wp\/v2\/comments?post=3728"}],"version-history":[{"count":11,"href":"https:\/\/ideiasup.com.br\/lojaup\/wp-json\/wp\/v2\/product\/3728\/revisions"}],"predecessor-version":[{"id":4880,"href":"https:\/\/ideiasup.com.br\/lojaup\/wp-json\/wp\/v2\/product\/3728\/revisions\/4880"}],"wp:featuredmedia":[{"embeddable":true,"href":"https:\/\/ideiasup.com.br\/lojaup\/wp-json\/wp\/v2\/media\/4361"}],"wp:attachment":[{"href":"https:\/\/ideiasup.com.br\/lojaup\/wp-json\/wp\/v2\/media?parent=3728"}],"wp:term":[{"taxonomy":"product_cat","embeddable":true,"href":"https:\/\/ideiasup.com.br\/lojaup\/wp-json\/wp\/v2\/product_cat?post=3728"},{"taxonomy":"product_tag","embeddable":true,"href":"https:\/\/ideiasup.com.br\/lojaup\/wp-json\/wp\/v2\/product_tag?post=3728"}],"curies":[{"name":"wp","href":"https:\/\/api.w.org\/{rel}","templated":true}]}}