{"id":3737,"date":"2022-08-31T17:53:09","date_gmt":"2022-08-31T20:53:09","guid":{"rendered":"https:\/\/ideiasup.com.br\/lojaup\/?post_type=product&#038;p=3737"},"modified":"2025-11-18T14:54:09","modified_gmt":"2025-11-18T17:54:09","slug":"portugues-para-6-e-7-anos-impresso","status":"publish","type":"product","link":"https:\/\/ideiasup.com.br\/lojaup\/escolas\/portugues-para-6-e-7-anos-impresso\/","title":{"rendered":"Portugu\u00eas para 6 e 7 Anos Volume 1 &#8211; Impresso"},"content":{"rendered":"<div dir=\"ltr\"><strong>Tema:<\/strong> Portugu\u00eas para 6 e 7 anos Volume 1 &#8211; Dividido em m\u00f3dulos.<\/div>\n<div dir=\"ltr\">\n<p><strong>Indica\u00e7\u00e3o:<\/strong> Crian\u00e7as em processo de alfabetiza\u00e7\u00e3o nas idades de 6 e 7 anos &#8211; Educa\u00e7\u00e3o infantil.<\/p>\n<p><strong>COMPOSI\u00c7\u00c3O<\/strong>: 320 p\u00e1ginas em cinco m\u00f3dulos.<\/p>\n<p>O Material j\u00e1 vem dividido para ser aplicado ao longo de um semestre, indicando a li\u00e7\u00e3o do dia, dentro do m\u00f3dulo do m\u00eas:<\/p>\n<p><span style=\"color: #800080;\">M\u00f3dulo 1<\/span><\/p>\n<p><span style=\"color: #800080;\">* Memoriza\u00e7\u00e3o do poema do m\u00eas<\/span><br \/>\n<span style=\"color: #800080;\">* Ordem alfab\u00e9tica<\/span><br \/>\n<span style=\"color: #800080;\">* Leitura e compreens\u00e3o textual<\/span><br \/>\n<span style=\"color: #800080;\">* Vocabul\u00e1rio<\/span><br \/>\n<span style=\"color: #800080;\">* Vogais e Consoantes<\/span><br \/>\n<span style=\"color: #800080;\">* Atividades com foco nas letras B\/C<\/span><br \/>\n<span style=\"color: #800080;\">* Caligrafia<\/span><br \/>\n<span style=\"color: #800080;\">* Letra Mai\u00fascula e Min\u00fascula<\/span><br \/>\n<span style=\"color: #800080;\">* Frase e Palavra<\/span><br \/>\n<span style=\"color: #800080;\">* Oficina de cria\u00e7\u00e3o<\/span><br \/>\n<span style=\"color: #800080;\">* S\u00edlabas<\/span><br \/>\n<span style=\"color: #800080;\">* S\u00edlabas e Letras<\/span><br \/>\n<span style=\"color: #800080;\">* Exerc\u00edcios de fixa\u00e7\u00e3o<\/span><\/p>\n<p><span style=\"color: #800080;\">M\u00f3dulo 2<\/span><\/p>\n<p><span style=\"color: #800080;\">* Memoriza\u00e7\u00e3o do poema do m\u00eas<\/span><br \/>\n<span style=\"color: #800080;\">* Revis\u00e3o do m\u00f3dulo 1<\/span><br \/>\n<span style=\"color: #800080;\">* Leitura e compreens\u00e3o textual<\/span><br \/>\n<span style=\"color: #800080;\">* Vocabul\u00e1rio<\/span><br \/>\n<span style=\"color: #800080;\">* Atividades com foco nas letras D\/F\/G<\/span><br \/>\n<span style=\"color: #800080;\">* Caligrafia<\/span><br \/>\n<span style=\"color: #800080;\">* S\u00edlaba T\u00f4nica<\/span><br \/>\n<span style=\"color: #800080;\">* Som nasal<\/span><br \/>\n<span style=\"color: #800080;\">* Acento agudo e circunflexo<\/span><br \/>\n<span style=\"color: #800080;\">* Oficina de cria\u00e7\u00e3o<\/span><br \/>\n<span style=\"color: #800080;\">* Exerc\u00edcios de fixa\u00e7\u00e3o<\/span><\/p>\n<p><span style=\"color: #800080;\">M\u00f3dulo 3<\/span><\/p>\n<p><span style=\"color: #800080;\">* Memoriza\u00e7\u00e3o do poema do m\u00eas<\/span><br \/>\n<span style=\"color: #800080;\">* Leitura e compreens\u00e3o textual<\/span><br \/>\n<span style=\"color: #800080;\">* Vocabul\u00e1rio<\/span><br \/>\n<span style=\"color: #800080;\">* Atividades com foco nas letras J\/L\/M\/N<\/span><br \/>\n<span style=\"color: #800080;\">* Caligrafia<\/span><br \/>\n<span style=\"color: #800080;\">* Revis\u00e3o do m\u00f3dulo 1<\/span><br \/>\n<span style=\"color: #800080;\">* Revis\u00e3o do m\u00f3dulo 2<\/span><br \/>\n<span style=\"color: #800080;\">* Oficina de cria\u00e7\u00e3o<\/span><br \/>\n<span style=\"color: #800080;\">* Exerc\u00edcios de fixa\u00e7\u00e3o<\/span><\/p>\n<p><span style=\"color: #800080;\">M\u00f3dulo 4<\/span><\/p>\n<p><span style=\"color: #800080;\">* Memoriza\u00e7\u00e3o do poema do m\u00eas<\/span><br \/>\n<span style=\"color: #800080;\">* Leitura e compreens\u00e3o textual<\/span><br \/>\n<span style=\"color: #800080;\">* Vocabul\u00e1rio<\/span><br \/>\n<span style=\"color: #800080;\">* Atividades com foco nas letras P\/Q\/R<\/span><br \/>\n<span style=\"color: #800080;\">* Caligrafia<\/span><br \/>\n<span style=\"color: #800080;\">* Sin\u00f4nimo e Ant\u00f4nimo<\/span><br \/>\n<span style=\"color: #800080;\">* Sinais de pontua\u00e7\u00e3o<\/span><br \/>\n<span style=\"color: #800080;\">* Oficina de cria\u00e7\u00e3o<\/span><br \/>\n<span style=\"color: #800080;\">* Exerc\u00edcios de fixa\u00e7\u00e3o<\/span><\/p>\n<p><span style=\"color: #800080;\">M\u00f3dulo 5<\/span><\/p>\n<p><span style=\"color: #800080;\">* Memoriza\u00e7\u00e3o do poema do m\u00eas<\/span><br \/>\n<span style=\"color: #800080;\">* Leitura e compreens\u00e3o textual<\/span><br \/>\n<span style=\"color: #800080;\">* Vocabul\u00e1rio<\/span><br \/>\n<span style=\"color: #800080;\">* Atividades com foco nas letras S\/T\/V<\/span><br \/>\n<span style=\"color: #800080;\">* Caligrafia<\/span><br \/>\n<span style=\"color: #800080;\">* Tipos de frases<\/span><br \/>\n<span style=\"color: #800080;\">* Oficina de cria\u00e7\u00e3o<\/span><br \/>\n<span style=\"color: #800080;\">* Exerc\u00edcios de fixa\u00e7\u00e3o<\/span><\/p>\n<p><strong>Tipo de conte\u00fado:<\/strong> Cadernos Impressos &#8211; <span style=\"color: #ff0000;\">Envio pelo Correios<\/span>.<\/p>\n<div><strong>Permiss\u00f5es:<\/strong>\u00a0<span style=\"color: #69727b;\"><span style=\"color: #008000;\"><strong>Uso familiar <\/strong><\/span>&#8211; <\/span><span style=\"color: #cd232c;\"><strong><span style=\"color: #ff0000;\">Para usar em escolas, favor entrar em contato para obter um or\u00e7amento especial.<\/span><\/strong><\/span><\/div>\n<div dir=\"ltr\"><\/div>\n<div dir=\"ltr\"><strong>Lembre-se: essa \u00e9 uma atividade exclusiva da EnsinaUP e n\u00e3o est\u00e1 autorizada a comercializa\u00e7\u00e3o e compartilhamento da mesma. Lei de direitos autorais 9.610\/98<\/strong><\/div>\n<\/div>\n<div dir=\"ltr\"><\/div>\n<div dir=\"ltr\">\n<div dir=\"ltr\">D\u00favidas entrar em contato com o nosso suporte t\u00e9cnico pelo e-mail vendas@ensinaup.com.br ou pelo link do WhatsApp que aparece aqui ao lado da tela.<\/div>\n<\/div>\n","protected":false},"excerpt":{"rendered":"<p>Portugu\u00eas dividido em m\u00f3dulos para ser aplicado ao longo de um semestre.<\/p>\n<p><strong>Indica\u00e7\u00e3o: de 6 a 7 anos<\/strong><\/p>\n<h4><strong>N\u00famero de p\u00e1ginas: 320<\/strong><\/h4>\n<p><strong>Formato: Impresso<\/strong><\/p>\n[video width=\"1080\" height=\"1080\" mp4=\"https:\/\/ideiasup.com.br\/lojaup\/wp-content\/uploads\/2022\/08\/Video-Port-6-e-7-anos-1.mp4\"][\/video]\n","protected":false},"featured_media":4344,"comment_status":"open","ping_status":"closed","template":"","meta":{"om_disable_all_campaigns":false,"_monsterinsights_skip_tracking":false,"_monsterinsights_sitenote_active":false,"_monsterinsights_sitenote_note":"","_monsterinsights_sitenote_category":0,"_joinchat":[]},"product_cat":[66,38,52],"product_tag":[],"aioseo_notices":[],"_links":{"self":[{"href":"https:\/\/ideiasup.com.br\/lojaup\/wp-json\/wp\/v2\/product\/3737"}],"collection":[{"href":"https:\/\/ideiasup.com.br\/lojaup\/wp-json\/wp\/v2\/product"}],"about":[{"href":"https:\/\/ideiasup.com.br\/lojaup\/wp-json\/wp\/v2\/types\/product"}],"replies":[{"embeddable":true,"href":"https:\/\/ideiasup.com.br\/lojaup\/wp-json\/wp\/v2\/comments?post=3737"}],"version-history":[{"count":13,"href":"https:\/\/ideiasup.com.br\/lojaup\/wp-json\/wp\/v2\/product\/3737\/revisions"}],"predecessor-version":[{"id":4349,"href":"https:\/\/ideiasup.com.br\/lojaup\/wp-json\/wp\/v2\/product\/3737\/revisions\/4349"}],"wp:featuredmedia":[{"embeddable":true,"href":"https:\/\/ideiasup.com.br\/lojaup\/wp-json\/wp\/v2\/media\/4344"}],"wp:attachment":[{"href":"https:\/\/ideiasup.com.br\/lojaup\/wp-json\/wp\/v2\/media?parent=3737"}],"wp:term":[{"taxonomy":"product_cat","embeddable":true,"href":"https:\/\/ideiasup.com.br\/lojaup\/wp-json\/wp\/v2\/product_cat?post=3737"},{"taxonomy":"product_tag","embeddable":true,"href":"https:\/\/ideiasup.com.br\/lojaup\/wp-json\/wp\/v2\/product_tag?post=3737"}],"curies":[{"name":"wp","href":"https:\/\/api.w.org\/{rel}","templated":true}]}}