{"id":4482,"date":"2023-02-08T11:40:14","date_gmt":"2023-02-08T14:40:14","guid":{"rendered":"https:\/\/ideiasup.com.br\/lojaup\/?post_type=product&#038;p=4482"},"modified":"2024-12-06T20:55:24","modified_gmt":"2024-12-06T23:55:24","slug":"fichas-sobrepostas","status":"publish","type":"product","link":"https:\/\/ideiasup.com.br\/lojaup\/escolas\/fichas-sobrepostas\/","title":{"rendered":"Fichas sobrepostas"},"content":{"rendered":"<div>Uma ferramenta simples para trabalhar com matem\u00e1tica.<\/div>\n<div><\/div>\n<div>Aqui utilizamos as fichas sobrepostas para auxiliar seu filho &#8211; Se voc\u00ea ainda n\u00e3o tem, compre aqui na LojaUP.<\/div>\n<div><\/div>\n<div>O arquivo que voc\u00ea receber\u00e1 est\u00e1 em PDF e cont\u00e9m 8 folhas com fichas.<\/div>\n<div><\/div>\n<p>D\u00favidas entrar em contato com o nosso suporte t\u00e9cnico pelo e-mail <strong>contato@ensinaup.com.br<\/strong><\/p>\n","protected":false},"excerpt":{"rendered":"<p>Uma ferramenta simples para trabalhar com matem\u00e1tica.<\/p>\n","protected":false},"featured_media":4484,"comment_status":"open","ping_status":"closed","template":"","meta":{"om_disable_all_campaigns":false,"_monsterinsights_skip_tracking":false,"_monsterinsights_sitenote_active":false,"_monsterinsights_sitenote_note":"","_monsterinsights_sitenote_category":0,"_joinchat":[]},"product_cat":[25],"product_tag":[32,24,22,20,21],"aioseo_notices":[],"_links":{"self":[{"href":"https:\/\/ideiasup.com.br\/lojaup\/wp-json\/wp\/v2\/product\/4482"}],"collection":[{"href":"https:\/\/ideiasup.com.br\/lojaup\/wp-json\/wp\/v2\/product"}],"about":[{"href":"https:\/\/ideiasup.com.br\/lojaup\/wp-json\/wp\/v2\/types\/product"}],"replies":[{"embeddable":true,"href":"https:\/\/ideiasup.com.br\/lojaup\/wp-json\/wp\/v2\/comments?post=4482"}],"version-history":[{"count":1,"href":"https:\/\/ideiasup.com.br\/lojaup\/wp-json\/wp\/v2\/product\/4482\/revisions"}],"predecessor-version":[{"id":4485,"href":"https:\/\/ideiasup.com.br\/lojaup\/wp-json\/wp\/v2\/product\/4482\/revisions\/4485"}],"wp:featuredmedia":[{"embeddable":true,"href":"https:\/\/ideiasup.com.br\/lojaup\/wp-json\/wp\/v2\/media\/4484"}],"wp:attachment":[{"href":"https:\/\/ideiasup.com.br\/lojaup\/wp-json\/wp\/v2\/media?parent=4482"}],"wp:term":[{"taxonomy":"product_cat","embeddable":true,"href":"https:\/\/ideiasup.com.br\/lojaup\/wp-json\/wp\/v2\/product_cat?post=4482"},{"taxonomy":"product_tag","embeddable":true,"href":"https:\/\/ideiasup.com.br\/lojaup\/wp-json\/wp\/v2\/product_tag?post=4482"}],"curies":[{"name":"wp","href":"https:\/\/api.w.org\/{rel}","templated":true}]}}