{"id":5129,"date":"2023-07-15T20:13:08","date_gmt":"2023-07-15T23:13:08","guid":{"rendered":"https:\/\/ideiasup.com.br\/lojaup\/?post_type=product&#038;p=5129"},"modified":"2025-04-14T12:27:43","modified_gmt":"2025-04-14T15:27:43","slug":"geografia-regiao-sul-2","status":"publish","type":"product","link":"https:\/\/ideiasup.com.br\/lojaup\/escolas\/geografia-regiao-sul-2\/","title":{"rendered":"Geografia &#8211; Regi\u00e3o Sul"},"content":{"rendered":"<p>Objetivo: Levar o conte\u00fado geogr\u00e1fico de forma descontra\u00edda , l\u00fadica e informativa para que a crian\u00e7a aprenda de forma leve e prazerosa.<\/p>\n<p>Nesta unidade o tema \u00e9 a Regi\u00e3o Sul composto por 8 li\u00e7\u00f5es.<\/p>\n<p><strong>Tema:<\/strong> Estudo geogr\u00e1fico sobre a regi\u00e3o sul do Brasil.<\/p>\n<div dir=\"ltr\">\n<p><strong>Indica\u00e7\u00e3o:<\/strong> de 6 a 10 anos<\/p>\n<p><strong>COMPOSI\u00c7\u00c3O<\/strong>: Apostila com 44 p\u00e1ginas<\/p>\n<p><strong>Tipo de conte\u00fado:<\/strong>\u00a0PDF (arquivo para download)\u00a0&#8211;\u00a0<span style=\"color: #ff0000;\">N\u00e3o ser\u00e1 enviado nenhum material f\u00edsico<\/span>.<\/p>\n<div><strong>Permiss\u00f5es:<\/strong>\u00a0<span style=\"color: #69727b;\"><span style=\"color: #008000;\"><strong>Uso familiar e exclusivo<span style=\"color: #ff0000;\"> (Lei dos diretos autoriais n\u00famero 9.610\/98)<\/span><\/strong><\/span><\/span><span style=\"color: #cd232c;\"><strong><span style=\"color: #ff0000;\">.<\/span><\/strong><\/span><\/div>\n<div>\n<div><span style=\"color: #cd232c;\"><strong><span style=\"color: #ff0000;\">Para usar em escolas, favor entrar em contato para obter um or\u00e7amento especial.<\/span><\/strong><\/span><\/div>\n<\/div>\n<div>\n<p>D\u00favidas entrar em contato com o nosso suporte t\u00e9cnico pelo e-mail\u00a0<strong>vendas@ensinaup.com.br <\/strong>ou pelo link do<strong> WhatsApp <\/strong>que aparece aqui ao lado da tela.<\/p>\n<\/div>\n<\/div>\n","protected":false},"excerpt":{"rendered":"<p><strong>Indica\u00e7\u00e3o: de 6 a 10 anos<\/strong><\/p>\n<h4><strong>N\u00famero de p\u00e1ginas: 44<\/strong><\/h4>\n<p><strong>Formato: PDF<\/strong><\/p>\n","protected":false},"featured_media":4556,"comment_status":"open","ping_status":"closed","template":"","meta":{"om_disable_all_campaigns":false,"_monsterinsights_skip_tracking":false,"_monsterinsights_sitenote_active":false,"_monsterinsights_sitenote_note":"","_monsterinsights_sitenote_category":0,"_joinchat":[]},"product_cat":[18,56],"product_tag":[24,22,19,23,20,21],"aioseo_notices":[],"_links":{"self":[{"href":"https:\/\/ideiasup.com.br\/lojaup\/wp-json\/wp\/v2\/product\/5129"}],"collection":[{"href":"https:\/\/ideiasup.com.br\/lojaup\/wp-json\/wp\/v2\/product"}],"about":[{"href":"https:\/\/ideiasup.com.br\/lojaup\/wp-json\/wp\/v2\/types\/product"}],"replies":[{"embeddable":true,"href":"https:\/\/ideiasup.com.br\/lojaup\/wp-json\/wp\/v2\/comments?post=5129"}],"version-history":[{"count":2,"href":"https:\/\/ideiasup.com.br\/lojaup\/wp-json\/wp\/v2\/product\/5129\/revisions"}],"predecessor-version":[{"id":5152,"href":"https:\/\/ideiasup.com.br\/lojaup\/wp-json\/wp\/v2\/product\/5129\/revisions\/5152"}],"wp:featuredmedia":[{"embeddable":true,"href":"https:\/\/ideiasup.com.br\/lojaup\/wp-json\/wp\/v2\/media\/4556"}],"wp:attachment":[{"href":"https:\/\/ideiasup.com.br\/lojaup\/wp-json\/wp\/v2\/media?parent=5129"}],"wp:term":[{"taxonomy":"product_cat","embeddable":true,"href":"https:\/\/ideiasup.com.br\/lojaup\/wp-json\/wp\/v2\/product_cat?post=5129"},{"taxonomy":"product_tag","embeddable":true,"href":"https:\/\/ideiasup.com.br\/lojaup\/wp-json\/wp\/v2\/product_tag?post=5129"}],"curies":[{"name":"wp","href":"https:\/\/api.w.org\/{rel}","templated":true}]}}