{"id":5169,"date":"2023-07-17T19:32:41","date_gmt":"2023-07-17T22:32:41","guid":{"rendered":"https:\/\/ideiasup.com.br\/lojaup\/?post_type=product&#038;p=5169"},"modified":"2024-04-09T17:40:44","modified_gmt":"2024-04-09T20:40:44","slug":"vogais-e-numeros-alfabetizacao-impresso","status":"publish","type":"product","link":"https:\/\/ideiasup.com.br\/lojaup\/escolas\/vogais-e-numeros-alfabetizacao-impresso\/","title":{"rendered":"Vogais e N\u00fameros &#8211; Alfabetiza\u00e7\u00e3o Impresso"},"content":{"rendered":"<div dir=\"ltr\"><strong>Tema:<\/strong> Alfabetiza\u00e7\u00e3o &#8211; Vogais e n\u00fameros de 1 a 10<\/div>\n<div dir=\"ltr\">\n<p><strong>M\u00e9todo:<\/strong>\u00a0F\u00f4nico.<\/p>\n<p><strong>Indica\u00e7\u00e3o:<\/strong>\u00a0+3 anos &#8211; Educa\u00e7\u00e3o infantil<\/p>\n<p><strong>COMPOSI\u00c7\u00c3O<\/strong>:\u00a0Apostila com 91 p\u00e1ginas + Anexos com Materiais de Apoio<\/p>\n<p><strong>Tipo de conte\u00fado:<\/strong> Caderno Impresso &#8211; <span style=\"color: #ff0000;\">Envio pelo Correios<\/span>.<\/p>\n<div><strong>Permiss\u00f5es:<\/strong>\u00a0<span style=\"color: #69727b;\"><span style=\"color: #008000;\"><strong>Uso familiar <\/strong><\/span>&#8211; <\/span><span style=\"color: #cd232c;\"><strong><span style=\"color: #ff0000;\">Para usar em escolas, favor entrar em contato para obter um or\u00e7amento especial.<\/span><\/strong><\/span><\/div>\n<div><\/div>\n<div><strong>OBJETIVO:<\/strong>\u00a0Apostila elaborada para crian\u00e7as que est\u00e3o come\u00e7ando a ter contato com as vogais e os n\u00fameros.<\/div>\n<div><\/div>\n<div dir=\"ltr\">Para cada vogal apresentada o material conecta com outras disciplinas, atrav\u00e9s de poesias cuidadosamente selecionadas e atividades l\u00fadicas.<\/div>\n<div dir=\"ltr\"><\/div>\n<div dir=\"ltr\">Tamb\u00e9m apresenta exerc\u00edcios de caligrafia (bast\u00e3o e cursiva), cart\u00f5es para apoio, sugest\u00f5es de atividades de psicomotricidade, indica\u00e7\u00e3o de v\u00eddeos, sites e livros.<\/div>\n<div dir=\"ltr\"><\/div>\n<div dir=\"ltr\"><strong>Lembre-se: essa \u00e9 uma atividade exclusiva da EnsinaUP e n\u00e3o est\u00e1 autorizada a comercializa\u00e7\u00e3o e compartilhamento da mesma. Lei de direitos autorais 9.610\/98<\/strong><\/div>\n<\/div>\n<div dir=\"ltr\"><\/div>\n<div dir=\"ltr\">\n<div dir=\"ltr\">D\u00favidas entrar em contato com o nosso suporte t\u00e9cnico pelo e-mail vendas@ensinaup.com.br ou pelo link do WhatsApp que aparece aqui ao lado da tela.<\/div>\n<\/div>\n","protected":false},"excerpt":{"rendered":"<div>Material para as crian\u00e7as de 4 e 5 anos ou demais idades que est\u00e3o na pr\u00e9 alfabetiza\u00e7\u00e3o.<\/div>\n<div dir=\"ltr\">Com mais de 100 p\u00e1ginas o material apresenta as\u00a0\u00a0<b>Vogais e os N\u00fameros de 1 a 10<\/b>.<\/div>\n<div dir=\"ltr\">Possui Atividades, <span class=\"yiv9443765984ydpca0803ddJsGRdQ\">cart\u00f5es para apoio<\/span> e Indica\u00e7\u00f5es para orienta\u00e7\u00e3o dos educadores.<\/div>\n","protected":false},"featured_media":3882,"comment_status":"open","ping_status":"closed","template":"","meta":{"om_disable_all_campaigns":false,"_monsterinsights_skip_tracking":false,"_monsterinsights_sitenote_active":false,"_monsterinsights_sitenote_note":"","_monsterinsights_sitenote_category":0,"_joinchat":[]},"product_cat":[66,38,52],"product_tag":[24,22,19,23,20,21],"aioseo_notices":[],"_links":{"self":[{"href":"https:\/\/ideiasup.com.br\/lojaup\/wp-json\/wp\/v2\/product\/5169"}],"collection":[{"href":"https:\/\/ideiasup.com.br\/lojaup\/wp-json\/wp\/v2\/product"}],"about":[{"href":"https:\/\/ideiasup.com.br\/lojaup\/wp-json\/wp\/v2\/types\/product"}],"replies":[{"embeddable":true,"href":"https:\/\/ideiasup.com.br\/lojaup\/wp-json\/wp\/v2\/comments?post=5169"}],"version-history":[{"count":2,"href":"https:\/\/ideiasup.com.br\/lojaup\/wp-json\/wp\/v2\/product\/5169\/revisions"}],"predecessor-version":[{"id":5195,"href":"https:\/\/ideiasup.com.br\/lojaup\/wp-json\/wp\/v2\/product\/5169\/revisions\/5195"}],"wp:featuredmedia":[{"embeddable":true,"href":"https:\/\/ideiasup.com.br\/lojaup\/wp-json\/wp\/v2\/media\/3882"}],"wp:attachment":[{"href":"https:\/\/ideiasup.com.br\/lojaup\/wp-json\/wp\/v2\/media?parent=5169"}],"wp:term":[{"taxonomy":"product_cat","embeddable":true,"href":"https:\/\/ideiasup.com.br\/lojaup\/wp-json\/wp\/v2\/product_cat?post=5169"},{"taxonomy":"product_tag","embeddable":true,"href":"https:\/\/ideiasup.com.br\/lojaup\/wp-json\/wp\/v2\/product_tag?post=5169"}],"curies":[{"name":"wp","href":"https:\/\/api.w.org\/{rel}","templated":true}]}}