{"id":5444,"date":"2024-02-10T12:24:10","date_gmt":"2024-02-10T15:24:10","guid":{"rendered":"https:\/\/ideiasup.com.br\/lojaup\/?post_type=product&#038;p=5444"},"modified":"2025-11-15T10:05:29","modified_gmt":"2025-11-15T13:05:29","slug":"interpretacao-de-texto-para-os-maiores-virtudes-3","status":"publish","type":"product","link":"https:\/\/ideiasup.com.br\/lojaup\/escolas\/interpretacao-de-texto-para-os-maiores-virtudes-3\/","title":{"rendered":"Interpreta\u00e7\u00e3o de Texto para os maiores (Virtudes 3)"},"content":{"rendered":"<p>Um material elaborado para ajudar na compreens\u00e3o textual e na conquista de boas virtudes.<\/p>\n<p>S\u00e3o 10 lindas hist\u00f3rias que trabalham as virtudes da Ordem, Trabalho, Obedi\u00eancia, Companheirismo, Lealdade, Laboriosidade, Fortaleza, Sinceridade, Generosidade e Humildade.<\/p>\n<p>No final de cada li\u00e7\u00e3o, a crian\u00e7a \u00e9 convidada a refletir sobre a virtude trabalhada e escolher um plano de a\u00e7\u00e3o<br \/>\nque a ajude a colocar aquela virtude em pr\u00e1tica no seu dia a dia.<\/p>\n<p>Al\u00e9m da Compreens\u00e3o Textual, a apostila apresenta pesquisa de vocabul\u00e1rio, c\u00f3pia de texto e ditado.<\/p>\n<p>S\u00e3o 54 p\u00e1ginas + Anexos. Tudo em PDF.<\/p>\n<p>D\u00favidas entrar em contato com o nosso suporte t\u00e9cnico pelo e-mail\u00a0<strong>vendas@ensinaup.com.br<\/strong><\/p>\n","protected":false},"excerpt":{"rendered":"<p><strong>Um material elaborado para ajudar na compreens\u00e3o textual e na conquista de boas virtudes.<\/strong><\/p>\n<p><strong>Hist\u00f3rias que trabalham as virtudes.<\/strong><\/p>\n<p><strong>Al\u00e9m das Interpreta\u00e7\u00f5es a apostila tem pesquisa de vocabul\u00e1rio, c\u00f3pia de texto e ditado.<\/strong><\/p>\n<h4>S\u00e3o 54 p\u00e1ginas + Anexos. Tudo em PDF.<\/h4>\n","protected":false},"featured_media":5715,"comment_status":"open","ping_status":"closed","template":"","meta":{"om_disable_all_campaigns":false,"_monsterinsights_skip_tracking":false,"_monsterinsights_sitenote_active":false,"_monsterinsights_sitenote_note":"","_monsterinsights_sitenote_category":0,"_joinchat":[]},"product_cat":[18,37,60],"product_tag":[32,22,44],"aioseo_notices":[],"_links":{"self":[{"href":"https:\/\/ideiasup.com.br\/lojaup\/wp-json\/wp\/v2\/product\/5444"}],"collection":[{"href":"https:\/\/ideiasup.com.br\/lojaup\/wp-json\/wp\/v2\/product"}],"about":[{"href":"https:\/\/ideiasup.com.br\/lojaup\/wp-json\/wp\/v2\/types\/product"}],"replies":[{"embeddable":true,"href":"https:\/\/ideiasup.com.br\/lojaup\/wp-json\/wp\/v2\/comments?post=5444"}],"version-history":[{"count":5,"href":"https:\/\/ideiasup.com.br\/lojaup\/wp-json\/wp\/v2\/product\/5444\/revisions"}],"predecessor-version":[{"id":5726,"href":"https:\/\/ideiasup.com.br\/lojaup\/wp-json\/wp\/v2\/product\/5444\/revisions\/5726"}],"wp:featuredmedia":[{"embeddable":true,"href":"https:\/\/ideiasup.com.br\/lojaup\/wp-json\/wp\/v2\/media\/5715"}],"wp:attachment":[{"href":"https:\/\/ideiasup.com.br\/lojaup\/wp-json\/wp\/v2\/media?parent=5444"}],"wp:term":[{"taxonomy":"product_cat","embeddable":true,"href":"https:\/\/ideiasup.com.br\/lojaup\/wp-json\/wp\/v2\/product_cat?post=5444"},{"taxonomy":"product_tag","embeddable":true,"href":"https:\/\/ideiasup.com.br\/lojaup\/wp-json\/wp\/v2\/product_tag?post=5444"}],"curies":[{"name":"wp","href":"https:\/\/api.w.org\/{rel}","templated":true}]}}