{"id":5890,"date":"2024-12-06T19:35:13","date_gmt":"2024-12-06T22:35:13","guid":{"rendered":"https:\/\/ideiasup.com.br\/lojaup\/?post_type=product&#038;p=5890"},"modified":"2025-11-18T15:23:28","modified_gmt":"2025-11-18T18:23:28","slug":"lp2","status":"publish","type":"product","link":"https:\/\/ideiasup.com.br\/lojaup\/escolas\/lp2\/","title":{"rendered":"L\u00edngua Portuguesa     2\u00b0 Ano    Combo"},"content":{"rendered":"<div dir=\"ltr\">\n<p>Material de L\u00edngua Portuguesa <strong>elaborado de forma personalizada<\/strong> para as escolas.<\/p>\n<p>O material contempla 3 volumes + 1 livro com textos para teste de leitura.<\/p>\n<p>Livro Impresso: Ser\u00e1 enviado diretamente para a escola Inf\u00e2ncia Feliz com frete gr\u00e1tis.<\/p>\n<\/div>\n","protected":false},"excerpt":{"rendered":"<pre>R$ 280,25\u00a0 (pagando com PIX 5% de desconto)<\/pre>\n<p>Para a Escola Inf\u00e2ncia Feliz:<br \/>\nTodas as vendas ser\u00e3o entregues diretamente na escola de forma gratuita.<\/p>\n","protected":false},"featured_media":5894,"comment_status":"open","ping_status":"closed","template":"","meta":{"om_disable_all_campaigns":false,"_monsterinsights_skip_tracking":false,"_monsterinsights_sitenote_active":false,"_monsterinsights_sitenote_note":"","_monsterinsights_sitenote_category":0,"_joinchat":[]},"product_cat":[66,38,52],"product_tag":[],"aioseo_notices":[],"_links":{"self":[{"href":"https:\/\/ideiasup.com.br\/lojaup\/wp-json\/wp\/v2\/product\/5890"}],"collection":[{"href":"https:\/\/ideiasup.com.br\/lojaup\/wp-json\/wp\/v2\/product"}],"about":[{"href":"https:\/\/ideiasup.com.br\/lojaup\/wp-json\/wp\/v2\/types\/product"}],"replies":[{"embeddable":true,"href":"https:\/\/ideiasup.com.br\/lojaup\/wp-json\/wp\/v2\/comments?post=5890"}],"version-history":[{"count":19,"href":"https:\/\/ideiasup.com.br\/lojaup\/wp-json\/wp\/v2\/product\/5890\/revisions"}],"predecessor-version":[{"id":6059,"href":"https:\/\/ideiasup.com.br\/lojaup\/wp-json\/wp\/v2\/product\/5890\/revisions\/6059"}],"wp:featuredmedia":[{"embeddable":true,"href":"https:\/\/ideiasup.com.br\/lojaup\/wp-json\/wp\/v2\/media\/5894"}],"wp:attachment":[{"href":"https:\/\/ideiasup.com.br\/lojaup\/wp-json\/wp\/v2\/media?parent=5890"}],"wp:term":[{"taxonomy":"product_cat","embeddable":true,"href":"https:\/\/ideiasup.com.br\/lojaup\/wp-json\/wp\/v2\/product_cat?post=5890"},{"taxonomy":"product_tag","embeddable":true,"href":"https:\/\/ideiasup.com.br\/lojaup\/wp-json\/wp\/v2\/product_tag?post=5890"}],"curies":[{"name":"wp","href":"https:\/\/api.w.org\/{rel}","templated":true}]}}