{"id":6052,"date":"2025-11-18T14:51:10","date_gmt":"2025-11-18T17:51:10","guid":{"rendered":"https:\/\/ideiasup.com.br\/lojaup\/?post_type=product&#038;p=6052"},"modified":"2025-11-18T15:25:42","modified_gmt":"2025-11-18T18:25:42","slug":"lp3","status":"publish","type":"product","link":"https:\/\/ideiasup.com.br\/lojaup\/escolas\/lp3\/","title":{"rendered":"L\u00edngua Portuguesa     3\u00b0 Ano    Combo"},"content":{"rendered":"<div dir=\"ltr\">\n<p>Material de L\u00edngua Portuguesa <strong>elaborado de forma personalizada<\/strong> para as escolas.<\/p>\n<p>O material contempla 3 volumes + 1 livro com textos para teste de leitura.<\/p>\n<p>Livro Impresso: Ser\u00e1 enviado diretamente para a escola Inf\u00e2ncia Feliz com <strong>frete gr\u00e1tis<\/strong>.<\/p>\n<\/div>\n","protected":false},"excerpt":{"rendered":"<pre>R$ 280,25\u00a0 (pagando com PIX 5% de desconto)<\/pre>\n<p>Para a Escola Inf\u00e2ncia Feliz:<br \/>\nTodas as vendas ser\u00e3o entregues diretamente na escola de forma gratuita.<\/p>\n","protected":false},"featured_media":6053,"comment_status":"open","ping_status":"closed","template":"","meta":{"om_disable_all_campaigns":false,"_monsterinsights_skip_tracking":false,"_monsterinsights_sitenote_active":false,"_monsterinsights_sitenote_note":"","_monsterinsights_sitenote_category":0,"_joinchat":[]},"product_cat":[66,38,52],"product_tag":[],"aioseo_notices":[],"_links":{"self":[{"href":"https:\/\/ideiasup.com.br\/lojaup\/wp-json\/wp\/v2\/product\/6052"}],"collection":[{"href":"https:\/\/ideiasup.com.br\/lojaup\/wp-json\/wp\/v2\/product"}],"about":[{"href":"https:\/\/ideiasup.com.br\/lojaup\/wp-json\/wp\/v2\/types\/product"}],"replies":[{"embeddable":true,"href":"https:\/\/ideiasup.com.br\/lojaup\/wp-json\/wp\/v2\/comments?post=6052"}],"version-history":[{"count":5,"href":"https:\/\/ideiasup.com.br\/lojaup\/wp-json\/wp\/v2\/product\/6052\/revisions"}],"predecessor-version":[{"id":6063,"href":"https:\/\/ideiasup.com.br\/lojaup\/wp-json\/wp\/v2\/product\/6052\/revisions\/6063"}],"wp:featuredmedia":[{"embeddable":true,"href":"https:\/\/ideiasup.com.br\/lojaup\/wp-json\/wp\/v2\/media\/6053"}],"wp:attachment":[{"href":"https:\/\/ideiasup.com.br\/lojaup\/wp-json\/wp\/v2\/media?parent=6052"}],"wp:term":[{"taxonomy":"product_cat","embeddable":true,"href":"https:\/\/ideiasup.com.br\/lojaup\/wp-json\/wp\/v2\/product_cat?post=6052"},{"taxonomy":"product_tag","embeddable":true,"href":"https:\/\/ideiasup.com.br\/lojaup\/wp-json\/wp\/v2\/product_tag?post=6052"}],"curies":[{"name":"wp","href":"https:\/\/api.w.org\/{rel}","templated":true}]}}